{"id":1886,"date":"2022-01-05T23:47:00","date_gmt":"2022-01-05T23:47:00","guid":{"rendered":"https:\/\/tacticalsolutions.com.mx\/?post_type=product&#038;p=1886"},"modified":"2022-06-02T03:33:03","modified_gmt":"2022-06-02T03:33:03","slug":"pantalon-5-11-strike-azul","status":"publish","type":"product","link":"https:\/\/tacticalsolutions.com.mx\/index.php\/producto\/pantalon-5-11-strike-azul\/","title":{"rendered":"Pantalon 5.11 Strike"},"content":{"rendered":"<ul>\n<li><span class=\"VIiyi\" lang=\"es\"><span class=\"JLqJ4b ChMk0b\" data-language-for-alternatives=\"es\" data-language-to-translate-into=\"en\" data-phrase-index=\"0\" data-number-of-phrases=\"27\">65% poli\u00e9ster \/ 35% algod\u00f3n el\u00e1stico mec\u00e1nico Flex-Tac\u00ae ripstop, 6.8 oz., Acabado Teflon \u2122<\/span> <\/span><\/li>\n<li><span class=\"VIiyi\" lang=\"es\"><span class=\"JLqJ4b ChMk0b\" data-language-for-alternatives=\"es\" data-language-to-translate-into=\"en\" data-phrase-index=\"2\" data-number-of-phrases=\"27\">El estiramiento mec\u00e1nico Flex-Tac\u00ae proporciona una durabilidad duradera que se mueve contigo<\/span> <\/span><\/li>\n<li><span class=\"VIiyi\" lang=\"es\"><span class=\"JLqJ4b ChMk0b\" data-language-for-alternatives=\"es\" data-language-to-translate-into=\"en\" data-phrase-index=\"4\" data-number-of-phrases=\"27\">El acabado Teflon \u2122 resiste el agua, la suciedad y las manchas para un uso m\u00e1s prolongado<\/span> <\/span><\/li>\n<li><span class=\"VIiyi\" lang=\"es\"><span class=\"JLqJ4b ChMk0b\" data-language-for-alternatives=\"es\" data-language-to-translate-into=\"en\" data-phrase-index=\"6\" data-number-of-phrases=\"27\">Bolsillos delanteros dimensionados para art\u00edculos EDC<\/span> <span class=\"JLqJ4b ChMk0b\" data-language-for-alternatives=\"es\" data-language-to-translate-into=\"en\" data-phrase-index=\"8\" data-number-of-phrases=\"27\">12 bolsillos en total<\/span> <\/span><\/li>\n<li><span class=\"VIiyi\" lang=\"es\"><span class=\"JLqJ4b ChMk0b\" data-language-for-alternatives=\"es\" data-language-to-translate-into=\"en\" data-phrase-index=\"10\" data-number-of-phrases=\"27\">Cinturilla de t\u00fanel autoajustable<\/span> <\/span><\/li>\n<li><span class=\"VIiyi\" lang=\"es\"><span class=\"JLqJ4b ChMk0b\" data-language-for-alternatives=\"es\" data-language-to-translate-into=\"en\" data-phrase-index=\"12\" data-number-of-phrases=\"27\">Construcci\u00f3n reforzada<\/span><\/span><\/li>\n<li><span class=\"VIiyi\" lang=\"es\"><span class=\"JLqJ4b ChMk0b\" data-language-for-alternatives=\"es\" data-language-to-translate-into=\"en\" data-phrase-index=\"14\" data-number-of-phrases=\"27\">Rodillas articuladas<\/span> <\/span><\/li>\n<li><span class=\"VIiyi\" lang=\"es\"><span class=\"JLqJ4b ChMk0b\" data-language-for-alternatives=\"es\" data-language-to-translate-into=\"en\" data-phrase-index=\"16\" data-number-of-phrases=\"27\">Rodillera interna lista<\/span> <\/span><\/li>\n<li><span class=\"VIiyi\" lang=\"es\"><span class=\"JLqJ4b ChMk0b\" data-language-for-alternatives=\"es\" data-language-to-translate-into=\"en\" data-phrase-index=\"18\" data-number-of-phrases=\"27\">Presillado en las principales costuras y puntos de tensi\u00f3n<\/span> <\/span><\/li>\n<li><span class=\"VIiyi\" lang=\"es\"><span class=\"JLqJ4b ChMk0b\" data-language-for-alternatives=\"es\" data-language-to-translate-into=\"en\" data-phrase-index=\"20\" data-number-of-phrases=\"27\">12 bolsillos en total, <a href=\"http:\/\/www.replicasrelojesla.com\">r\u00e9plicas de relojes<\/a> incluidos bolsillos cargo de doble profundidad<\/span> <\/span><\/li>\n<li><span class=\"VIiyi\" lang=\"es\"><span class=\"JLqJ4b ChMk0b\" data-language-for-alternatives=\"es\" data-language-to-translate-into=\"en\" data-phrase-index=\"22\" data-number-of-phrases=\"27\">Cremalleras YKK\u00ae y broches Prym\u00ae<\/span> <span class=\"JLqJ4b ChMk0b\" data-language-for-alternatives=\"es\" data-language-to-translate-into=\"en\" data-phrase-index=\"24\" data-number-of-phrases=\"27\">Importado<\/span> <\/span><\/li>\n<li><span class=\"VIiyi\" lang=\"es\"><span class=\"JLqJ4b ChMk0b\" data-language-for-alternatives=\"es\" data-language-to-translate-into=\"en\" data-phrase-index=\"26\" data-number-of-phrases=\"27\">5.11 STRYKE\u00ae PANT TECH<\/span><\/span><\/li>\n<\/ul>\n","protected":false},"excerpt":{"rendered":"<ul>\n<li>Marca:\u00a0<strong>5.11<\/strong><\/li>\n<li>Modelo:\u00a0<strong>Stryke<\/strong><\/li>\n<li>Categor\u00eda:\u00a0<strong>Vestuario\u00a0<\/strong><\/li>\n<\/ul>\n","protected":false},"featured_media":1889,"comment_status":"open","ping_status":"closed","template":"","meta":[],"product_brand":[],"product_cat":[25],"product_tag":[40,41,44,42],"class_list":{"0":"post-1886","1":"product","2":"type-product","3":"status-publish","4":"has-post-thumbnail","6":"product_cat-5-11","7":"product_tag-5-11","8":"product_tag-pantalon","9":"product_tag-strike","10":"product_tag-vestuario","11":"pa_color-azul","12":"pa_color-coyote","13":"pa_color-kaki","14":"pa_color-negro","15":"pa_color-verde","17":"first","18":"instock","19":"sale","20":"shipping-taxable","21":"purchasable","22":"product-type-variable","23":"has-default-attributes"},"jetpack_sharing_enabled":true,"_links":{"self":[{"href":"https:\/\/tacticalsolutions.com.mx\/index.php\/wp-json\/wp\/v2\/product\/1886","targetHints":{"allow":["GET"]}}],"collection":[{"href":"https:\/\/tacticalsolutions.com.mx\/index.php\/wp-json\/wp\/v2\/product"}],"about":[{"href":"https:\/\/tacticalsolutions.com.mx\/index.php\/wp-json\/wp\/v2\/types\/product"}],"replies":[{"embeddable":true,"href":"https:\/\/tacticalsolutions.com.mx\/index.php\/wp-json\/wp\/v2\/comments?post=1886"}],"wp:featuredmedia":[{"embeddable":true,"href":"https:\/\/tacticalsolutions.com.mx\/index.php\/wp-json\/wp\/v2\/media\/1889"}],"wp:attachment":[{"href":"https:\/\/tacticalsolutions.com.mx\/index.php\/wp-json\/wp\/v2\/media?parent=1886"}],"wp:term":[{"taxonomy":"product_brand","embeddable":true,"href":"https:\/\/tacticalsolutions.com.mx\/index.php\/wp-json\/wp\/v2\/product_brand?post=1886"},{"taxonomy":"product_cat","embeddable":true,"href":"https:\/\/tacticalsolutions.com.mx\/index.php\/wp-json\/wp\/v2\/product_cat?post=1886"},{"taxonomy":"product_tag","embeddable":true,"href":"https:\/\/tacticalsolutions.com.mx\/index.php\/wp-json\/wp\/v2\/product_tag?post=1886"}],"curies":[{"name":"wp","href":"https:\/\/api.w.org\/{rel}","templated":true}]}}