{"id":2198,"date":"2022-02-26T20:48:16","date_gmt":"2022-02-26T20:48:16","guid":{"rendered":"https:\/\/tacticalsolutions.com.mx\/?post_type=product&#038;p=2198"},"modified":"2022-06-02T03:31:31","modified_gmt":"2022-06-02T03:31:31","slug":"bolsa-5-11-2banger","status":"publish","type":"product","link":"https:\/\/tacticalsolutions.com.mx\/index.php\/producto\/bolsa-5-11-2banger\/","title":{"rendered":"Bolsa 5.11 2Banger"},"content":{"rendered":"<ul>\n<li><span class=\"VIiyi\" lang=\"es\"><span class=\"JLqJ4b ChMk0b\" data-language-for-alternatives=\"es\" data-language-to-translate-into=\"en\" data-phrase-index=\"0\" data-number-of-phrases=\"27\">Lleva dos revistas y accesorios AR completamente cargados.<\/span> <\/span><\/li>\n<li><span class=\"VIiyi\" lang=\"es\"><span class=\"JLqJ4b ChMk0b\" data-language-for-alternatives=\"es\" data-language-to-translate-into=\"en\" data-phrase-index=\"2\" data-number-of-phrases=\"27\">Dise\u00f1o acelerado de preparaci\u00f3n r\u00e1pida<\/span> <\/span><\/li>\n<li><span class=\"VIiyi\" lang=\"es\"><span class=\"JLqJ4b ChMk0b\" data-language-for-alternatives=\"es\" data-language-to-translate-into=\"en\" data-phrase-index=\"4\" data-number-of-phrases=\"27\">Revestimiento trasero impermeabilizado<\/span><\/span><\/li>\n<li><span class=\"VIiyi\" lang=\"es\"> <span class=\"JLqJ4b ChMk0b\" data-language-for-alternatives=\"es\" data-language-to-translate-into=\"en\" data-phrase-index=\"6\" data-number-of-phrases=\"27\">Parche de bucle para bandera o identificaci\u00f3n<\/span> <\/span><\/li>\n<li><span class=\"VIiyi\" lang=\"es\"><span class=\"JLqJ4b ChMk0b\" data-language-for-alternatives=\"es\" data-language-to-translate-into=\"en\" data-phrase-index=\"8\" data-number-of-phrases=\"27\">Construcci\u00f3n de nailon 500D resistente.<\/span> <\/span><\/li>\n<li><span class=\"VIiyi\" lang=\"es\"><span class=\"JLqJ4b ChMk0b\" data-language-for-alternatives=\"es\" data-language-to-translate-into=\"en\" data-phrase-index=\"10\" data-number-of-phrases=\"27\">Correa para el hombro acolchada y ajustable<\/span> <\/span><\/li>\n<li><span class=\"VIiyi\" lang=\"es\"><span class=\"JLqJ4b ChMk0b\" data-language-for-alternatives=\"es\" data-language-to-translate-into=\"en\" data-phrase-index=\"12\" data-number-of-phrases=\"27\">Sistema de retenci\u00f3n interno confiable<\/span> <\/span><\/li>\n<li><span class=\"VIiyi\" lang=\"es\"><span class=\"JLqJ4b ChMk0b\" data-language-for-alternatives=\"es\" data-language-to-translate-into=\"en\" data-phrase-index=\"14\" data-number-of-phrases=\"27\">Plataforma web cortada con l\u00e1ser<\/span> <\/span><\/li>\n<li><span class=\"VIiyi\" lang=\"es\"><span class=\"JLqJ4b ChMk0b\" data-language-for-alternatives=\"es\" data-language-to-translate-into=\"en\" data-phrase-index=\"16\" data-number-of-phrases=\"27\">Bolsillo de almacenamiento frontal<\/span> <\/span><\/li>\n<li><span class=\"VIiyi\" lang=\"es\"><span class=\"JLqJ4b ChMk0b\" data-language-for-alternatives=\"es\" data-language-to-translate-into=\"en\" data-phrase-index=\"18\" data-number-of-phrases=\"27\">Compartimento trasero oculto para pistola<\/span><\/span><\/li>\n<li><span class=\"VIiyi\" lang=\"es\"> <span class=\"JLqJ4b ChMk0b\" data-language-for-alternatives=\"es\" data-language-to-translate-into=\"en\" data-phrase-index=\"20\" data-number-of-phrases=\"27\">Su elecci\u00f3n de tapa con solapa o bungee<\/span> <\/span><\/li>\n<li><span class=\"VIiyi\" lang=\"es\"><span class=\"JLqJ4b ChMk0b\" data-language-for-alternatives=\"es\" data-language-to-translate-into=\"en\" data-phrase-index=\"22\" data-number-of-phrases=\"27\">Refuerzos 1050D <a href=\"http:\/\/www.replicasrelojrelojes.com\">r\u00e9plicas de relojes<\/a> en \u00e1reas de alta abrasi\u00f3n<\/span> <\/span><\/li>\n<li><span class=\"VIiyi\" lang=\"es\"><span class=\"JLqJ4b ChMk0b\" data-language-for-alternatives=\"es\" data-language-to-translate-into=\"en\" data-phrase-index=\"24\" data-number-of-phrases=\"27\">Cremalleras YKK\u00ae autorregenerables<\/span> <\/span><\/li>\n<li><span class=\"VIiyi\" lang=\"es\"><span class=\"JLqJ4b ChMk0b\" data-language-for-alternatives=\"es\" data-language-to-translate-into=\"en\" data-phrase-index=\"26\" data-number-of-phrases=\"27\">Tiradores moldeados con cremallera en el compartimento principal<\/span><\/span><\/li>\n<\/ul>\n","protected":false},"excerpt":{"rendered":"<p>Marca:\u00a0<strong>5.11<\/strong><\/p>\n<p>Modelo:\u00a0<strong>2Banger<\/strong><\/p>\n<p>Categor\u00eda:\u00a0<strong>Accesorios<\/strong><\/p>\n<p>Ligera<br \/>\nResistente<br \/>\nC\u00f3moda<br \/>\nAjustable<br \/>\nParte trasera a prueba de agua<br \/>\nParche de bucle para bandera o identificaci\u00f3n<br \/>\nLas correas  se pueden retirar, creando un dise\u00f1o ambidextro<br \/>\nM\u00faltiples bolsillos<br \/>\nSistema de retenci\u00f3n interna de confianza<\/p>\n","protected":false},"featured_media":2202,"comment_status":"open","ping_status":"closed","template":"","meta":[],"product_brand":[],"product_cat":[25,34],"product_tag":[95],"class_list":{"0":"post-2198","1":"product","2":"type-product","3":"status-publish","4":"has-post-thumbnail","6":"product_cat-5-11","7":"product_cat-accesorios","8":"product_tag-accesorios","9":"pa_color-kaki","10":"pa_color-negro","12":"first","13":"instock","14":"shipping-taxable","15":"purchasable","16":"product-type-variable"},"jetpack_sharing_enabled":true,"_links":{"self":[{"href":"https:\/\/tacticalsolutions.com.mx\/index.php\/wp-json\/wp\/v2\/product\/2198","targetHints":{"allow":["GET"]}}],"collection":[{"href":"https:\/\/tacticalsolutions.com.mx\/index.php\/wp-json\/wp\/v2\/product"}],"about":[{"href":"https:\/\/tacticalsolutions.com.mx\/index.php\/wp-json\/wp\/v2\/types\/product"}],"replies":[{"embeddable":true,"href":"https:\/\/tacticalsolutions.com.mx\/index.php\/wp-json\/wp\/v2\/comments?post=2198"}],"wp:featuredmedia":[{"embeddable":true,"href":"https:\/\/tacticalsolutions.com.mx\/index.php\/wp-json\/wp\/v2\/media\/2202"}],"wp:attachment":[{"href":"https:\/\/tacticalsolutions.com.mx\/index.php\/wp-json\/wp\/v2\/media?parent=2198"}],"wp:term":[{"taxonomy":"product_brand","embeddable":true,"href":"https:\/\/tacticalsolutions.com.mx\/index.php\/wp-json\/wp\/v2\/product_brand?post=2198"},{"taxonomy":"product_cat","embeddable":true,"href":"https:\/\/tacticalsolutions.com.mx\/index.php\/wp-json\/wp\/v2\/product_cat?post=2198"},{"taxonomy":"product_tag","embeddable":true,"href":"https:\/\/tacticalsolutions.com.mx\/index.php\/wp-json\/wp\/v2\/product_tag?post=2198"}],"curies":[{"name":"wp","href":"https:\/\/api.w.org\/{rel}","templated":true}]}}