{"id":2204,"date":"2022-02-26T20:55:04","date_gmt":"2022-02-26T20:55:04","guid":{"rendered":"https:\/\/tacticalsolutions.com.mx\/?post_type=product&#038;p=2204"},"modified":"2022-04-06T17:48:46","modified_gmt":"2022-04-06T17:48:46","slug":"bolsa-daily-deploy-push-pack-5-11-56635","status":"publish","type":"product","link":"https:\/\/tacticalsolutions.com.mx\/index.php\/producto\/bolsa-daily-deploy-push-pack-5-11-56635\/","title":{"rendered":"Bolsa Daily Deploy Push Pack 5.11"},"content":{"rendered":"<p>Ya sea que solo lleve algunos elementos esenciales para correr, caminar o llevarlos ocultos, es importante tener una mochila que viaje c\u00f3modamente en su persona y que no se deje caer. La parte trasera acolchada y la correa ajustable de liberaci\u00f3n r\u00e1pida le permiten tener sus pertenencias a mano y mantenerlas organizadas. El portabotellas en el lateral y el bolsillo trasero CCW lo convierten en una excelente opci\u00f3n para un d\u00eda encubierto o cualquier actividad al aire libre.<\/p>\n<ul>\n<li><span class=\"VIiyi\" lang=\"es\"><span class=\"JLqJ4b ChMk0b\" data-language-for-alternatives=\"es\" data-language-to-translate-into=\"en\" data-phrase-index=\"0\" data-number-of-phrases=\"15\">Bolso bandolera ambidiestro con correa de liberaci\u00f3n r\u00e1pida<\/span> <\/span><\/li>\n<li><span class=\"VIiyi\" lang=\"es\"><span class=\"JLqJ4b ChMk0b\" data-language-for-alternatives=\"es\" data-language-to-translate-into=\"en\" data-phrase-index=\"2\" data-number-of-phrases=\"15\">Cierre de solapa con bolsillo externo con cremallera y panel de bucle<\/span> <\/span><\/li>\n<li><span class=\"VIiyi\" lang=\"es\"><span class=\"JLqJ4b ChMk0b\" data-language-for-alternatives=\"es\" data-language-to-translate-into=\"en\" data-phrase-index=\"4\" data-number-of-phrases=\"15\">Acceso alternativo con cremallera superior al compartimento principal<\/span> <\/span><\/li>\n<li><span class=\"VIiyi\" lang=\"es\"><span class=\"JLqJ4b ChMk0b\" data-language-for-alternatives=\"es\" data-language-to-translate-into=\"en\" data-phrase-index=\"6\" data-number-of-phrases=\"15\">Lado izquierdo: botella de agua expandible<\/span><\/span><\/li>\n<li><span class=\"VIiyi\" lang=\"es\"> <span class=\"JLqJ4b ChMk0b\" data-language-for-alternatives=\"es\" data-language-to-translate-into=\"en\" data-phrase-index=\"8\" data-number-of-phrases=\"15\">Lado derecho: bolsillo lateral con cierre de velcro<\/span><\/span><\/li>\n<li><span class=\"VIiyi\" lang=\"es\"> <span class=\"JLqJ4b ChMk0b\" data-language-for-alternatives=\"es\" data-language-to-translate-into=\"en\" data-phrase-index=\"10\" data-number-of-phrases=\"15\">Paneles internos de administraci\u00f3n y organizaci\u00f3n<\/span> <\/span><\/li>\n<li><span class=\"VIiyi\" lang=\"es\"><span class=\"JLqJ4b ChMk0b\" data-language-for-alternatives=\"es\" data-language-to-translate-into=\"en\" data-phrase-index=\"12\" data-number-of-phrases=\"15\">Bolsillo trasero con cremallera CCW con panel de bucle<\/span> <span class=\"JLqJ4b ChMk0b\" data-language-for-alternatives=\"es\" data-language-to-translate-into=\"en\" data-phrase-index=\"14\" data-number-of-phrases=\"15\">nailon 500D<\/span><\/span><\/li>\n<\/ul>\n","protected":false},"excerpt":{"rendered":"<ul>\n<li>Marca: <strong>5.11<\/strong><\/li>\n<li>Modelo: <strong>56635<\/strong><\/li>\n<li>Categor\u00eda:\u00a0<strong>Accesorios\u00a0<\/strong><\/li>\n<\/ul>\n<p>&nbsp;<\/p>\n<ul>\n<li>Resistente<\/li>\n<li>Dise\u00f1o ambidextro<\/li>\n<li>Ajustable<\/li>\n<li>M\u00faltiples Bolsas<\/li>\n<li>Compartimento para agua expansible<\/li>\n<li>Ligera<\/li>\n<li>Zipper en la parte superior con alternativa para f\u00e1cil acceso<\/li>\n<\/ul>\n","protected":false},"featured_media":2207,"comment_status":"open","ping_status":"closed","template":"","meta":[],"product_brand":[],"product_cat":[25,34],"product_tag":[95],"class_list":{"0":"post-2204","1":"product","2":"type-product","3":"status-publish","4":"has-post-thumbnail","6":"product_cat-5-11","7":"product_cat-accesorios","8":"product_tag-accesorios","10":"first","11":"instock","12":"shipping-taxable","13":"purchasable","14":"product-type-simple"},"jetpack_sharing_enabled":true,"_links":{"self":[{"href":"https:\/\/tacticalsolutions.com.mx\/index.php\/wp-json\/wp\/v2\/product\/2204","targetHints":{"allow":["GET"]}}],"collection":[{"href":"https:\/\/tacticalsolutions.com.mx\/index.php\/wp-json\/wp\/v2\/product"}],"about":[{"href":"https:\/\/tacticalsolutions.com.mx\/index.php\/wp-json\/wp\/v2\/types\/product"}],"replies":[{"embeddable":true,"href":"https:\/\/tacticalsolutions.com.mx\/index.php\/wp-json\/wp\/v2\/comments?post=2204"}],"wp:featuredmedia":[{"embeddable":true,"href":"https:\/\/tacticalsolutions.com.mx\/index.php\/wp-json\/wp\/v2\/media\/2207"}],"wp:attachment":[{"href":"https:\/\/tacticalsolutions.com.mx\/index.php\/wp-json\/wp\/v2\/media?parent=2204"}],"wp:term":[{"taxonomy":"product_brand","embeddable":true,"href":"https:\/\/tacticalsolutions.com.mx\/index.php\/wp-json\/wp\/v2\/product_brand?post=2204"},{"taxonomy":"product_cat","embeddable":true,"href":"https:\/\/tacticalsolutions.com.mx\/index.php\/wp-json\/wp\/v2\/product_cat?post=2204"},{"taxonomy":"product_tag","embeddable":true,"href":"https:\/\/tacticalsolutions.com.mx\/index.php\/wp-json\/wp\/v2\/product_tag?post=2204"}],"curies":[{"name":"wp","href":"https:\/\/api.w.org\/{rel}","templated":true}]}}