{"id":2258,"date":"2022-02-26T22:21:26","date_gmt":"2022-02-26T22:21:26","guid":{"rendered":"https:\/\/tacticalsolutions.com.mx\/?post_type=product&#038;p=2258"},"modified":"2022-04-06T18:00:44","modified_gmt":"2022-04-06T18:00:44","slug":"bota-tactica-original-swat-alpha-fury-8-side-zip-modelo-177501","status":"publish","type":"product","link":"https:\/\/tacticalsolutions.com.mx\/index.php\/producto\/bota-tactica-original-swat-alpha-fury-8-side-zip-modelo-177501\/","title":{"rendered":"Bota Original SWAT Alpha Fury 8&#8243; Side Zip"},"content":{"rendered":"<ul>\n<li><span class=\"VIiyi\" lang=\"es\"><span class=\"JLqJ4b ChMk0b\" data-language-for-alternatives=\"es\" data-language-to-translate-into=\"en\" data-phrase-index=\"0\" data-number-of-phrases=\"19\">Suela de goma antideslizante<\/span><\/span><\/li>\n<li><span class=\"VIiyi\" lang=\"es\"> <span class=\"JLqJ4b ChMk0b\" data-language-for-alternatives=\"es\" data-language-to-translate-into=\"en\" data-phrase-index=\"2\" data-number-of-phrases=\"19\">Mediasuela de EVA moldeada con v\u00e1stago de nailon para una sujeci\u00f3n superior<\/span> <\/span><\/li>\n<li><span class=\"VIiyi\" lang=\"es\"><span class=\"JLqJ4b ChMk0b\" data-language-for-alternatives=\"es\" data-language-to-translate-into=\"en\" data-phrase-index=\"4\" data-number-of-phrases=\"19\">Parte superior de microfibra y malla de poli\u00e9ster de secado r\u00e1pido<\/span> <\/span><\/li>\n<li><span class=\"VIiyi\" lang=\"es\"><span class=\"JLqJ4b ChMk0b\" data-language-for-alternatives=\"es\" data-language-to-translate-into=\"en\" data-phrase-index=\"6\" data-number-of-phrases=\"19\">Construcci\u00f3n sin puntadas en el \u00e1rea del antepi\u00e9 para crear ligereza y flexibilidad<\/span> <\/span><\/li>\n<li><span class=\"VIiyi\" lang=\"es\"><span class=\"JLqJ4b ChMk0b\" data-language-for-alternatives=\"es\" data-language-to-translate-into=\"en\" data-phrase-index=\"8\" data-number-of-phrases=\"19\">Construcci\u00f3n amigable con el aeropuerto<\/span> <\/span><\/li>\n<li><span class=\"VIiyi\" lang=\"es\"><span class=\"JLqJ4b ChMk0b\" data-language-for-alternatives=\"es\" data-language-to-translate-into=\"en\" data-phrase-index=\"10\" data-number-of-phrases=\"19\">Sistema de cordones r\u00e1pidos UFit para un ajuste m\u00e1s r\u00e1pido y ce\u00f1ido<\/span> <\/span><\/li>\n<li><span class=\"VIiyi\" lang=\"es\"><span class=\"JLqJ4b ChMk0b\" data-language-for-alternatives=\"es\" data-language-to-translate-into=\"en\" data-phrase-index=\"12\" data-number-of-phrases=\"19\">Entresuela de EVA de doble densidad moldeada y liviana con zona de absorci\u00f3n de impactos para controlar la fatiga<\/span> <\/span><\/li>\n<li><span class=\"VIiyi\" lang=\"es\"><span class=\"JLqJ4b ChMk0b\" data-language-for-alternatives=\"es\" data-language-to-translate-into=\"en\" data-phrase-index=\"14\" data-number-of-phrases=\"19\">Leng\u00fceta reforzada para mantener la suciedad y los escombros fuera<\/span> <\/span><\/li>\n<li><span class=\"VIiyi\" lang=\"es\"><span class=\"JLqJ4b ChMk0b\" data-language-for-alternatives=\"es\" data-language-to-translate-into=\"en\" data-phrase-index=\"16\" data-number-of-phrases=\"19\">Contrafuerte del tal\u00f3n y puntera de termopl\u00e1stico moldeado a medida para comodidad y protecci\u00f3n instant\u00e1neas<\/span><\/span><\/li>\n<li><span class=\"VIiyi\" lang=\"es\"> <span class=\"JLqJ4b ChMk0b\" data-language-for-alternatives=\"es\" data-language-to-translate-into=\"en\" data-phrase-index=\"18\" data-number-of-phrases=\"19\">El coj\u00edn de Aquiles estacionario brinda mayor comodidad y estabilidad en el collar<\/span><\/span><\/li>\n<\/ul>\n","protected":false},"excerpt":{"rendered":"<p>Marca: <strong>Original SWAT<\/strong><\/p>\n<p>Modelo: <strong>177501<\/strong><\/p>\n<p>Categor\u00eda: <strong>Calzado<\/strong><\/p>\n<p>C\u00f3modas<br \/>\nResistentes<br \/>\nZiper lateral<br \/>\nParte superior de nylon para mayor durabilidad<br \/>\nCuello y leng\u00fceta acolchonados<br \/>\nTalan y punta cocidas para mayor durabilidad<br \/>\nAleaci\u00f3n de lat\u00f3n duradera, a prueba de \u00f3xido<\/p>\n","protected":false},"featured_media":2260,"comment_status":"open","ping_status":"closed","template":"","meta":[],"product_brand":[],"product_cat":[33,31],"product_tag":[96],"class_list":{"0":"post-2258","1":"product","2":"type-product","3":"status-publish","4":"has-post-thumbnail","6":"product_cat-calzado","7":"product_cat-original-swat","8":"product_tag-calzado","9":"pa_color-coyote","10":"pa_color-negro","11":"pa_talla-calzado-26-mx","12":"pa_talla-calzado-26-5-mx","13":"pa_talla-calzado-27-mx","14":"pa_talla-calzado-27-5-mx","15":"pa_talla-calzado-28-mx","16":"pa_talla-calzado-28-5-mx","17":"pa_talla-calzado-29-mx","18":"pa_talla-calzado-29-5-mx","19":"pa_talla-calzado-30-mx","20":"pa_talla-calzado-talla","22":"first","23":"instock","24":"shipping-taxable","25":"purchasable","26":"product-type-variable"},"jetpack_sharing_enabled":true,"_links":{"self":[{"href":"https:\/\/tacticalsolutions.com.mx\/index.php\/wp-json\/wp\/v2\/product\/2258","targetHints":{"allow":["GET"]}}],"collection":[{"href":"https:\/\/tacticalsolutions.com.mx\/index.php\/wp-json\/wp\/v2\/product"}],"about":[{"href":"https:\/\/tacticalsolutions.com.mx\/index.php\/wp-json\/wp\/v2\/types\/product"}],"replies":[{"embeddable":true,"href":"https:\/\/tacticalsolutions.com.mx\/index.php\/wp-json\/wp\/v2\/comments?post=2258"}],"wp:featuredmedia":[{"embeddable":true,"href":"https:\/\/tacticalsolutions.com.mx\/index.php\/wp-json\/wp\/v2\/media\/2260"}],"wp:attachment":[{"href":"https:\/\/tacticalsolutions.com.mx\/index.php\/wp-json\/wp\/v2\/media?parent=2258"}],"wp:term":[{"taxonomy":"product_brand","embeddable":true,"href":"https:\/\/tacticalsolutions.com.mx\/index.php\/wp-json\/wp\/v2\/product_brand?post=2258"},{"taxonomy":"product_cat","embeddable":true,"href":"https:\/\/tacticalsolutions.com.mx\/index.php\/wp-json\/wp\/v2\/product_cat?post=2258"},{"taxonomy":"product_tag","embeddable":true,"href":"https:\/\/tacticalsolutions.com.mx\/index.php\/wp-json\/wp\/v2\/product_tag?post=2258"}],"curies":[{"name":"wp","href":"https:\/\/api.w.org\/{rel}","templated":true}]}}