{"id":2269,"date":"2022-02-26T23:15:42","date_gmt":"2022-02-26T23:15:42","guid":{"rendered":"https:\/\/tacticalsolutions.com.mx\/?post_type=product&#038;p=2269"},"modified":"2022-04-06T18:16:54","modified_gmt":"2022-04-06T18:16:54","slug":"bota-tactica-metro-air-9-original-swat-modelo-123201","status":"publish","type":"product","link":"https:\/\/tacticalsolutions.com.mx\/index.php\/producto\/bota-tactica-metro-air-9-original-swat-modelo-123201\/","title":{"rendered":"Bota Original SWAT Metro Air 9&#8243;"},"content":{"rendered":"<ul>\n<li><span class=\"VIiyi\" lang=\"es\"><span class=\"JLqJ4b\" data-language-for-alternatives=\"es\" data-language-to-translate-into=\"en\" data-phrase-index=\"0\" data-number-of-phrases=\"1\">Parte superior de nailon de 1000 denier\/piel Action con tal\u00f3n y puntera pulibles<\/span><\/span><\/li>\n<li><span class=\"VIiyi\" lang=\"es\"><span class=\"JLqJ4b\" data-language-for-alternatives=\"es\" data-language-to-translate-into=\"en\" data-phrase-index=\"0\" data-number-of-phrases=\"1\"> Cremallera lateral YKK\u00ae en patr\u00f3n Vislon\u00ae duradero para un ajuste f\u00e1cil con cierre de leng\u00fceta de gancho y bucle <\/span><\/span><\/li>\n<li><span class=\"VIiyi\" lang=\"es\"><span class=\"JLqJ4b\" data-language-for-alternatives=\"es\" data-language-to-translate-into=\"en\" data-phrase-index=\"0\" data-number-of-phrases=\"1\">Parte superior de doble costura con hilo de nailon unido de 3 capas para una mayor durabilidad <\/span><\/span><\/li>\n<li><span class=\"VIiyi\" lang=\"es\"><span class=\"JLqJ4b\" data-language-for-alternatives=\"es\" data-language-to-translate-into=\"en\" data-phrase-index=\"0\" data-number-of-phrases=\"1\">Cuello y leng\u00fceta acolchados con espuma para mayor protecci\u00f3n y transpirabilidad <\/span><\/span><\/li>\n<li><span class=\"VIiyi\" lang=\"es\"><span class=\"JLqJ4b\" data-language-for-alternatives=\"es\" data-language-to-translate-into=\"en\" data-phrase-index=\"0\" data-number-of-phrases=\"1\">Cuello de PU para facilitar la limpieza <\/span><\/span><\/li>\n<li><span class=\"VIiyi\" lang=\"es\"><span class=\"JLqJ4b\" data-language-for-alternatives=\"es\" data-language-to-translate-into=\"en\" data-phrase-index=\"0\" data-number-of-phrases=\"1\">Leng\u00fceta reforzada para mantener la suciedad y los escombros fuera <\/span><\/span><\/li>\n<li><span class=\"VIiyi\" lang=\"es\"><span class=\"JLqJ4b\" data-language-for-alternatives=\"es\" data-language-to-translate-into=\"en\" data-phrase-index=\"0\" data-number-of-phrases=\"1\">Herrajes no met\u00e1licos a prueba de herrumbre<\/span><\/span><\/li>\n<li><span class=\"VIiyi\" lang=\"es\"><span class=\"JLqJ4b\" data-language-for-alternatives=\"es\" data-language-to-translate-into=\"en\" data-phrase-index=\"0\" data-number-of-phrases=\"1\"> Plantilla extra\u00edble de EVA de ajuste personalizado. <\/span><\/span><\/li>\n<li><span class=\"VIiyi\" lang=\"es\"><span class=\"JLqJ4b\" data-language-for-alternatives=\"es\" data-language-to-translate-into=\"en\" data-phrase-index=\"0\" data-number-of-phrases=\"1\">Entresuela de phylon EVA moldeada a medida para una comodidad ligera y un soporte acunado <\/span><\/span><\/li>\n<li><span class=\"VIiyi\" lang=\"es\"><span class=\"JLqJ4b\" data-language-for-alternatives=\"es\" data-language-to-translate-into=\"en\" data-phrase-index=\"0\" data-number-of-phrases=\"1\">Plataforma de estabilidad Texon para soporte lateral y rigidez torsional <\/span><\/span><\/li>\n<li><span class=\"VIiyi\" lang=\"es\"><span class=\"JLqJ4b\" data-language-for-alternatives=\"es\" data-language-to-translate-into=\"en\" data-phrase-index=\"0\" data-number-of-phrases=\"1\">V\u00e1stago de nailon apto para aeropuertos para un soporte ligero y control de la fatiga.<\/span><\/span><\/li>\n<li><span class=\"VIiyi\" lang=\"es\"><span class=\"JLqJ4b\" data-language-for-alternatives=\"es\" data-language-to-translate-into=\"en\" data-phrase-index=\"0\" data-number-of-phrases=\"1\"> Contrafuerte del tal\u00f3n y puntera de termopl\u00e1stico moldeado a medida para una comodidad instant\u00e1nea y soporte lateral <\/span><\/span><\/li>\n<li><span class=\"VIiyi\" lang=\"es\"><span class=\"JLqJ4b\" data-language-for-alternatives=\"es\" data-language-to-translate-into=\"en\" data-phrase-index=\"0\" data-number-of-phrases=\"1\">Tal\u00f3n y puntera cosidos para mayor durabilidad y vida \u00fatil prolongada <\/span><\/span><\/li>\n<li><span class=\"VIiyi\" lang=\"es\"><span class=\"JLqJ4b\" data-language-for-alternatives=\"es\" data-language-to-translate-into=\"en\" data-phrase-index=\"0\" data-number-of-phrases=\"1\">Bolsa de aire visible en el tal\u00f3n para absorci\u00f3n de impactos y comodidad <\/span><\/span><\/li>\n<li><span class=\"VIiyi\" lang=\"es\"><span class=\"JLqJ4b\" data-language-for-alternatives=\"es\" data-language-to-translate-into=\"en\" data-phrase-index=\"0\" data-number-of-phrases=\"1\">Suela exterior de goma Metro duradera, antideslizante y resistente al aceite, que no deja marcas con tracci\u00f3n tipo gofre y control de agarre de escalera, cumple con la prueba ASTM F2913-11 de resistencia al deslizamiento<\/span><\/span><\/li>\n<\/ul>\n","protected":false},"excerpt":{"rendered":"<ul>\n<li>Marca:<strong> Original SWAT<\/strong><\/li>\n<li>Modelo: <strong>123201<\/strong><\/li>\n<li>Categor\u00eda:\u00a0<strong>Calzado<\/strong><\/li>\n<\/ul>\n<p>Este modelo utiliza tecnolog\u00eda de &#8220;aire&#8221; para incrementar el nivel de comodidad, sin tener que sacrificar durabilidad<br \/>\nC\u00f3modas<br \/>\nDuraderas<br \/>\nExterior de Nylon<br \/>\nCierre lateral<br \/>\nCuello y leng\u00fceta acolchonados<br \/>\nComponentes no met\u00e1licos de alta duraci\u00f3n<\/p>\n","protected":false},"featured_media":2270,"comment_status":"open","ping_status":"closed","template":"","meta":[],"product_brand":[],"product_cat":[33,31],"product_tag":[96],"class_list":{"0":"post-2269","1":"product","2":"type-product","3":"status-publish","4":"has-post-thumbnail","6":"product_cat-calzado","7":"product_cat-original-swat","8":"product_tag-calzado","9":"pa_talla-calzado-26-mx","10":"pa_talla-calzado-26-5-mx","11":"pa_talla-calzado-27-mx","12":"pa_talla-calzado-27-5-mx","13":"pa_talla-calzado-28-mx","14":"pa_talla-calzado-28-5-mx","15":"pa_talla-calzado-29-mx","16":"pa_talla-calzado-29-5-mx","17":"pa_talla-calzado-30-mx","18":"pa_talla-calzado-talla","20":"first","21":"instock","22":"shipping-taxable","23":"purchasable","24":"product-type-variable"},"jetpack_sharing_enabled":true,"_links":{"self":[{"href":"https:\/\/tacticalsolutions.com.mx\/index.php\/wp-json\/wp\/v2\/product\/2269","targetHints":{"allow":["GET"]}}],"collection":[{"href":"https:\/\/tacticalsolutions.com.mx\/index.php\/wp-json\/wp\/v2\/product"}],"about":[{"href":"https:\/\/tacticalsolutions.com.mx\/index.php\/wp-json\/wp\/v2\/types\/product"}],"replies":[{"embeddable":true,"href":"https:\/\/tacticalsolutions.com.mx\/index.php\/wp-json\/wp\/v2\/comments?post=2269"}],"wp:featuredmedia":[{"embeddable":true,"href":"https:\/\/tacticalsolutions.com.mx\/index.php\/wp-json\/wp\/v2\/media\/2270"}],"wp:attachment":[{"href":"https:\/\/tacticalsolutions.com.mx\/index.php\/wp-json\/wp\/v2\/media?parent=2269"}],"wp:term":[{"taxonomy":"product_brand","embeddable":true,"href":"https:\/\/tacticalsolutions.com.mx\/index.php\/wp-json\/wp\/v2\/product_brand?post=2269"},{"taxonomy":"product_cat","embeddable":true,"href":"https:\/\/tacticalsolutions.com.mx\/index.php\/wp-json\/wp\/v2\/product_cat?post=2269"},{"taxonomy":"product_tag","embeddable":true,"href":"https:\/\/tacticalsolutions.com.mx\/index.php\/wp-json\/wp\/v2\/product_tag?post=2269"}],"curies":[{"name":"wp","href":"https:\/\/api.w.org\/{rel}","templated":true}]}}