{"id":2271,"date":"2022-02-26T23:23:33","date_gmt":"2022-02-26T23:23:33","guid":{"rendered":"https:\/\/tacticalsolutions.com.mx\/?post_type=product&#038;p=2271"},"modified":"2022-04-06T18:12:54","modified_gmt":"2022-04-06T18:12:54","slug":"bota-tactica-micro-g-valsetz-zip-mid-under-armour-modelo-3023747","status":"publish","type":"product","link":"https:\/\/tacticalsolutions.com.mx\/index.php\/producto\/bota-tactica-micro-g-valsetz-zip-mid-under-armour-modelo-3023747\/","title":{"rendered":"Bota Micro G Valsetz Zip Mid Under Armour"},"content":{"rendered":"<ul>\n<li>La parte superior ligera de cuero sint\u00e9tico y tela es resistente y transpirable<\/li>\n<li>Los revestimientos soldados en el antepi\u00e9 y la puntera moldeada de TPU agregan protecci\u00f3n<\/li>\n<li>El cierre en a parte media y los anillos para tirar en el tal\u00f3n y en la leng\u00fceta permiten pon\u00e9rselos y sac\u00e1rselos f\u00e1cilmente<\/li>\n<li>Las plantillas de soporte Insite\u00ae Contoura\u00ae antimicrobianas y antifatiga cuentan con una espuma que absorbe los golpes<\/li>\n<li>La entresuela de espuma Micro G\u00ae de largo completo proporciona una amortiguaci\u00f3n duradera y eficaz<\/li>\n<li>La suela de goma con agarraderas de alta tracci\u00f3n es resistente a los resbalones y a las superficies oleosas, y brinda agarre en una gran variedad de superficies<\/li>\n<li>Estilo n.\u00ba: 3023747<\/li>\n<li>Alto: 15\u00a0cm<\/li>\n<li>Peso: 453\u00a0g<\/li>\n<li>Tipo de cord\u00f3n: est\u00e1ndar<\/li>\n<li>De importaci\u00f3n<\/li>\n<\/ul>\n","protected":false},"excerpt":{"rendered":"<ul>\n<li>Marca:\u00a0<strong>Under Armour<\/strong><\/li>\n<li>Modelo: <strong>3023747<\/strong><\/li>\n<li>Categor\u00eda:\u00a0<strong>Calzado<\/strong><\/li>\n<\/ul>\n<p>Botas t\u00e1cticas con zipper<br \/>\nLigeras<br \/>\nC\u00f3modas<br \/>\nPiel sint\u00e9tica<br \/>\nTecnolog\u00eda antifatiga<br \/>\nEl dise\u00f1o de su suela est\u00e1 dise\u00f1ado para no resbalarse en agua ni aceite<br \/>\nIdeal para climas fr\u00edos<br \/>\nIdeal para trabajo en exteriores, senderismo y otros deportes<\/p>\n","protected":false},"featured_media":2272,"comment_status":"open","ping_status":"closed","template":"","meta":[],"product_brand":[],"product_cat":[33,30],"product_tag":[96],"class_list":{"0":"post-2271","1":"product","2":"type-product","3":"status-publish","4":"has-post-thumbnail","6":"product_cat-calzado","7":"product_cat-under-armour","8":"product_tag-calzado","9":"pa_talla-calzado-26-mx","10":"pa_talla-calzado-26-5-mx","11":"pa_talla-calzado-27-mx","12":"pa_talla-calzado-27-5-mx","13":"pa_talla-calzado-28-mx","14":"pa_talla-calzado-28-5-mx","15":"pa_talla-calzado-29-mx","16":"pa_talla-calzado-29-5-mx","17":"pa_talla-calzado-30-mx","19":"first","20":"instock","21":"shipping-taxable","22":"purchasable","23":"product-type-variable"},"jetpack_sharing_enabled":true,"_links":{"self":[{"href":"https:\/\/tacticalsolutions.com.mx\/index.php\/wp-json\/wp\/v2\/product\/2271","targetHints":{"allow":["GET"]}}],"collection":[{"href":"https:\/\/tacticalsolutions.com.mx\/index.php\/wp-json\/wp\/v2\/product"}],"about":[{"href":"https:\/\/tacticalsolutions.com.mx\/index.php\/wp-json\/wp\/v2\/types\/product"}],"replies":[{"embeddable":true,"href":"https:\/\/tacticalsolutions.com.mx\/index.php\/wp-json\/wp\/v2\/comments?post=2271"}],"wp:featuredmedia":[{"embeddable":true,"href":"https:\/\/tacticalsolutions.com.mx\/index.php\/wp-json\/wp\/v2\/media\/2272"}],"wp:attachment":[{"href":"https:\/\/tacticalsolutions.com.mx\/index.php\/wp-json\/wp\/v2\/media?parent=2271"}],"wp:term":[{"taxonomy":"product_brand","embeddable":true,"href":"https:\/\/tacticalsolutions.com.mx\/index.php\/wp-json\/wp\/v2\/product_brand?post=2271"},{"taxonomy":"product_cat","embeddable":true,"href":"https:\/\/tacticalsolutions.com.mx\/index.php\/wp-json\/wp\/v2\/product_cat?post=2271"},{"taxonomy":"product_tag","embeddable":true,"href":"https:\/\/tacticalsolutions.com.mx\/index.php\/wp-json\/wp\/v2\/product_tag?post=2271"}],"curies":[{"name":"wp","href":"https:\/\/api.w.org\/{rel}","templated":true}]}}