{"id":2328,"date":"2022-03-01T01:26:02","date_gmt":"2022-03-01T01:26:02","guid":{"rendered":"https:\/\/tacticalsolutions.com.mx\/?post_type=product&#038;p=2328"},"modified":"2022-04-06T22:32:45","modified_gmt":"2022-04-06T22:32:45","slug":"guante-tactico-liner-glove-under-armour-modelo-1318546","status":"publish","type":"product","link":"https:\/\/tacticalsolutions.com.mx\/index.php\/producto\/guante-tactico-liner-glove-under-armour-modelo-1318546\/","title":{"rendered":"Guante Liner Glove Under Armour"},"content":{"rendered":"<ul>\n<li>Estos guantes delgados y ajustados se pueden usar solos o como una capa debajo de otros guantes m\u00e1s gruesos en condiciones m\u00e1s duras<\/li>\n<li>El acabado UA Storm que repele la lluvia y la nieve sin sacrificar la transpirabilidad<\/li>\n<li>La tela sumamente suave y tejida cuenta con un exterior suave y un interior acolchado para brindar la cantidad perfecta de calidez<\/li>\n<li>Estampado Tech Touch en el pulgar y los dedos que te permite usar dispositivos t\u00e1ctiles sin quitarte los guantes<\/li>\n<li>Pu\u00f1os y cintura acanalados para darte una mayor protecci\u00f3n y un ajuste ce\u00f1ido y c\u00f3modo<\/li>\n<li>Logotipo termosellado<\/li>\n<li>87% Polyester\/13% Elastane<\/li>\n<li>Imported<\/li>\n<\/ul>\n","protected":false},"excerpt":{"rendered":"<ul>\n<li>Marca:\u00a0<strong>Under Armour<\/strong><\/li>\n<li>Modelo: <strong>1318546<\/strong><\/li>\n<li>Categor\u00eda:\u00a0<strong>Vestuario<\/strong><\/li>\n<\/ul>\n<p>C\u00f3modos<br \/>\nT\u00e9rmicos<br \/>\nResistentes<br \/>\nLigeros<br \/>\nDelgados<br \/>\nTe permiten usar dispositivos t\u00e1ctiles sin tener que quitarse los guantes<br \/>\nTranspirables<br \/>\nAcabado que repele lluvia y nieve<br \/>\nInterior acolchonado<br \/>\nTela suave<\/p>\n","protected":false},"featured_media":2329,"comment_status":"open","ping_status":"closed","template":"","meta":[],"product_brand":[],"product_cat":[34,30,35],"product_tag":[95],"class_list":{"0":"post-2328","1":"product","2":"type-product","3":"status-publish","4":"has-post-thumbnail","6":"product_cat-accesorios","7":"product_cat-under-armour","8":"product_cat-vestuario","9":"product_tag-accesorios","11":"first","12":"instock","13":"shipping-taxable","14":"purchasable","15":"product-type-variable"},"jetpack_sharing_enabled":true,"_links":{"self":[{"href":"https:\/\/tacticalsolutions.com.mx\/index.php\/wp-json\/wp\/v2\/product\/2328","targetHints":{"allow":["GET"]}}],"collection":[{"href":"https:\/\/tacticalsolutions.com.mx\/index.php\/wp-json\/wp\/v2\/product"}],"about":[{"href":"https:\/\/tacticalsolutions.com.mx\/index.php\/wp-json\/wp\/v2\/types\/product"}],"replies":[{"embeddable":true,"href":"https:\/\/tacticalsolutions.com.mx\/index.php\/wp-json\/wp\/v2\/comments?post=2328"}],"wp:featuredmedia":[{"embeddable":true,"href":"https:\/\/tacticalsolutions.com.mx\/index.php\/wp-json\/wp\/v2\/media\/2329"}],"wp:attachment":[{"href":"https:\/\/tacticalsolutions.com.mx\/index.php\/wp-json\/wp\/v2\/media?parent=2328"}],"wp:term":[{"taxonomy":"product_brand","embeddable":true,"href":"https:\/\/tacticalsolutions.com.mx\/index.php\/wp-json\/wp\/v2\/product_brand?post=2328"},{"taxonomy":"product_cat","embeddable":true,"href":"https:\/\/tacticalsolutions.com.mx\/index.php\/wp-json\/wp\/v2\/product_cat?post=2328"},{"taxonomy":"product_tag","embeddable":true,"href":"https:\/\/tacticalsolutions.com.mx\/index.php\/wp-json\/wp\/v2\/product_tag?post=2328"}],"curies":[{"name":"wp","href":"https:\/\/api.w.org\/{rel}","templated":true}]}}