{"id":2393,"date":"2022-03-21T20:19:09","date_gmt":"2022-03-21T20:19:09","guid":{"rendered":"https:\/\/tacticalsolutions.com.mx\/?post_type=product&#038;p=2393"},"modified":"2022-04-06T23:26:25","modified_gmt":"2022-04-06T23:26:25","slug":"rifle-de-postas-crosman-american-classic-calibre-4-5-177-modelo-p1377br","status":"publish","type":"product","link":"https:\/\/tacticalsolutions.com.mx\/index.php\/producto\/rifle-de-postas-crosman-american-classic-calibre-4-5-177-modelo-p1377br\/","title":{"rendered":"Rifle de Postas Crosman American Classic Calibre 4.5 (.177)"},"content":{"rendered":"<p><span class=\"VIiyi\" lang=\"es\"><span class=\"JLqJ4b ChMk0b\" data-language-for-alternatives=\"es\" data-language-to-translate-into=\"en\" data-phrase-index=\"0\" data-number-of-phrases=\"4\">El Crosman American Classic es lo \u00faltimo en juegos para el jard\u00edn.<\/span> <span class=\"JLqJ4b ChMk0b\" data-language-for-alternatives=\"es\" data-language-to-translate-into=\"en\" data-phrase-index=\"1\" data-number-of-phrases=\"4\">Esta pistola de perdigones calibre .177 presenta una acci\u00f3n de cerrojo de un solo disparo para amartillar y cargar m\u00e1s f\u00e1cilmente y un ca\u00f1\u00f3n de acero estriado para mayor precisi\u00f3n.<\/span> <span class=\"JLqJ4b ChMk0b\" data-language-for-alternatives=\"es\" data-language-to-translate-into=\"en\" data-phrase-index=\"2\" data-number-of-phrases=\"4\">Obtenga potencia de bombeo variable con el antebrazo de f\u00e1cil bombeo y controle la velocidad hasta 695 fps para su estilo de tiro al blanco.<\/span> <span class=\"JLqJ4b ChMk0b\" data-language-for-alternatives=\"es\" data-language-to-translate-into=\"en\" data-phrase-index=\"3\" data-number-of-phrases=\"4\">Viene con una mira trasera totalmente ajustable y una mira delantera de hoja fija.<\/span><\/span><\/p>\n<ul>\n<li><span class=\"VIiyi\" lang=\"es\"><span class=\"JLqJ4b ChMk0b\" data-language-for-alternatives=\"es\" data-language-to-translate-into=\"en\" data-phrase-index=\"0\" data-number-of-phrases=\"9\">Bomba variable, pistola de perdigones calibre .177<\/span> <\/span><\/li>\n<li><span class=\"VIiyi\" lang=\"es\"><span class=\"JLqJ4b ChMk0b\" data-language-for-alternatives=\"es\" data-language-to-translate-into=\"en\" data-phrase-index=\"2\" data-number-of-phrases=\"9\">Dise\u00f1o de acci\u00f3n de cerrojo de disparo \u00fanico para amartillar y cargar m\u00e1s f\u00e1cilmente<\/span> <\/span><\/li>\n<li><span class=\"VIiyi\" lang=\"es\"><span class=\"JLqJ4b ChMk0b\" data-language-for-alternatives=\"es\" data-language-to-translate-into=\"en\" data-phrase-index=\"4\" data-number-of-phrases=\"9\">Dise\u00f1o sint\u00e9tico para todo clima con ca\u00f1\u00f3n de acero estriado<\/span> <span class=\"JLqJ4b ChMk0b\" data-language-for-alternatives=\"es\" data-language-to-translate-into=\"en\" data-phrase-index=\"6\" data-number-of-phrases=\"9\">Ofrece velocidades de hasta 695 fps<\/span><\/span><\/li>\n<li><span class=\"VIiyi\" lang=\"es\"> <span class=\"JLqJ4b ChMk0b\" data-language-for-alternatives=\"es\" data-language-to-translate-into=\"en\" data-phrase-index=\"8\" data-number-of-phrases=\"9\">Totalmente ajustable, mira trasera y mira delantera de hoja fija<\/span><\/span><\/li>\n<\/ul>\n","protected":false},"excerpt":{"rendered":"<ul>\n<li>Marca: <strong>Crosman<\/strong><\/li>\n<li>Modelo: <strong>P1377BR<\/strong><\/li>\n<li>Categor\u00eda: <strong>Accesorios<\/strong><\/li>\n<\/ul>\n<p><span class=\"VIiyi\" lang=\"es\"><span class=\"JLqJ4b ChMk0b\" data-language-for-alternatives=\"es\" data-language-to-translate-into=\"en\" data-phrase-index=\"0\" data-number-of-phrases=\"4\">El Crosman American Classic es lo \u00faltimo en juegos para el jard\u00edn.<\/span> <span class=\"JLqJ4b ChMk0b\" data-language-for-alternatives=\"es\" data-language-to-translate-into=\"en\" data-phrase-index=\"1\" data-number-of-phrases=\"4\">Esta pistola de perdigones calibre .177 presenta una acci\u00f3n de cerrojo de un solo disparo para amartillar y cargar m\u00e1s f\u00e1cilmente y un ca\u00f1\u00f3n de acero estriado para mayor precisi\u00f3n.<\/span> <span class=\"JLqJ4b ChMk0b\" data-language-for-alternatives=\"es\" data-language-to-translate-into=\"en\" data-phrase-index=\"2\" data-number-of-phrases=\"4\">Obtenga potencia de bombeo variable con el antebrazo de f\u00e1cil bombeo y controle la velocidad hasta 695 fps para su estilo de tiro al blanco.<\/span> <span class=\"JLqJ4b ChMk0b\" data-language-for-alternatives=\"es\" data-language-to-translate-into=\"en\" data-phrase-index=\"3\" data-number-of-phrases=\"4\">Viene con una mira trasera totalmente ajustable y una mira delantera de hoja fija.<\/span><\/span><\/p>\n","protected":false},"featured_media":2394,"comment_status":"open","ping_status":"closed","template":"","meta":[],"product_brand":[],"product_cat":[34,97],"product_tag":[95,99],"class_list":{"0":"post-2393","1":"product","2":"type-product","3":"status-publish","4":"has-post-thumbnail","6":"product_cat-accesorios","7":"product_cat-crosman","8":"product_tag-accesorios","9":"product_tag-crosman","11":"first","12":"instock","13":"shipping-taxable","14":"purchasable","15":"product-type-simple"},"jetpack_sharing_enabled":true,"_links":{"self":[{"href":"https:\/\/tacticalsolutions.com.mx\/index.php\/wp-json\/wp\/v2\/product\/2393","targetHints":{"allow":["GET"]}}],"collection":[{"href":"https:\/\/tacticalsolutions.com.mx\/index.php\/wp-json\/wp\/v2\/product"}],"about":[{"href":"https:\/\/tacticalsolutions.com.mx\/index.php\/wp-json\/wp\/v2\/types\/product"}],"replies":[{"embeddable":true,"href":"https:\/\/tacticalsolutions.com.mx\/index.php\/wp-json\/wp\/v2\/comments?post=2393"}],"wp:featuredmedia":[{"embeddable":true,"href":"https:\/\/tacticalsolutions.com.mx\/index.php\/wp-json\/wp\/v2\/media\/2394"}],"wp:attachment":[{"href":"https:\/\/tacticalsolutions.com.mx\/index.php\/wp-json\/wp\/v2\/media?parent=2393"}],"wp:term":[{"taxonomy":"product_brand","embeddable":true,"href":"https:\/\/tacticalsolutions.com.mx\/index.php\/wp-json\/wp\/v2\/product_brand?post=2393"},{"taxonomy":"product_cat","embeddable":true,"href":"https:\/\/tacticalsolutions.com.mx\/index.php\/wp-json\/wp\/v2\/product_cat?post=2393"},{"taxonomy":"product_tag","embeddable":true,"href":"https:\/\/tacticalsolutions.com.mx\/index.php\/wp-json\/wp\/v2\/product_tag?post=2393"}],"curies":[{"name":"wp","href":"https:\/\/api.w.org\/{rel}","templated":true}]}}