{"id":2472,"date":"2022-03-23T23:07:26","date_gmt":"2022-03-23T23:07:26","guid":{"rendered":"https:\/\/tacticalsolutions.com.mx\/?post_type=product&#038;p=2472"},"modified":"2022-04-07T00:14:24","modified_gmt":"2022-04-07T00:14:24","slug":"kit-marcadora-crosman-classic-1911-pistol-kit-modelo-s1911kt","status":"publish","type":"product","link":"https:\/\/tacticalsolutions.com.mx\/index.php\/producto\/kit-marcadora-crosman-classic-1911-pistol-kit-modelo-s1911kt\/","title":{"rendered":"Kit Marcadora Crosman Classic 1911 Pistol Kit"},"content":{"rendered":"<p>Obtenga una buena pr\u00e1ctica de tiro a la antigua en casa con el kit de pistola Crosman Classic 1911, una simple pistola de aire comprimido con acci\u00f3n de resorte y un kit de objetivo. Con una pistola BB de tama\u00f1o realista, un objetivo de gel enmarcado y 250 BB de acero, \u00a1para que pueda comenzar a disparar de inmediato! Con una velocidad m\u00e1xima de 200 fps, este peque\u00f1o tirador es perfecto para disparar en el patio trasero o en el s\u00f3tano. La pistola presenta una combinaci\u00f3n de colores bitono negro\/tierra oscura plana, riel Picatinny para accesorios, escamas estampadas con empu\u00f1adura de golf para un agarre extra seguro, gatillo esqueletizado y martillo anular. Aprieta el gatillo de este pr\u00e1ctico y peque\u00f1o kit de pr\u00e1ctica de tiro hoy mismo y mant\u00e9n tu punter\u00eda a una fracci\u00f3n del costo de alcanzar el rango.<\/p>\n<ul>\n<li>Kit de marcadora Crosman original<\/li>\n<li>Marcadora de resorte<\/li>\n<li>Potencia de 200 pies por segundo<\/li>\n<li>Marcadora con riel para montaje<\/li>\n<li>Empu\u00f1adora con relieve<\/li>\n<li>Calibre de 4.5 mil\u00edmetros<\/li>\n<li>El kit incluye un blanco pegajoso para practicar punter\u00eda y 250 BB&#8217;s<\/li>\n<\/ul>\n","protected":false},"excerpt":{"rendered":"<ul>\n<li>Marca:\u00a0<strong>Crosman<\/strong><\/li>\n<li>Modelo: <strong>S1911KT<\/strong><\/li>\n<li>Categor\u00eda:\u00a0<strong>Accesorios\u00a0<\/strong><\/li>\n<\/ul>\n<p>Kit de marcadora Crosman original<br \/>\nMarcadora de resorte<br \/>\nPotencia de 200 pies por segundo<br \/>\nMarcadora con riel para montaje<br \/>\nEmpu\u00f1adura con relieve<br \/>\nCalibre de 4.5 mil\u00edmetros<br \/>\nEl kit incluye un blanco pegajoso para practicar punter\u00eda y 250 BB&#8217;s<\/p>\n","protected":false},"featured_media":2473,"comment_status":"open","ping_status":"closed","template":"","meta":[],"product_brand":[],"product_cat":[34,97],"product_tag":[95,99],"class_list":{"0":"post-2472","1":"product","2":"type-product","3":"status-publish","4":"has-post-thumbnail","6":"product_cat-accesorios","7":"product_cat-crosman","8":"product_tag-accesorios","9":"product_tag-crosman","11":"first","12":"instock","13":"shipping-taxable","14":"purchasable","15":"product-type-simple"},"jetpack_sharing_enabled":true,"_links":{"self":[{"href":"https:\/\/tacticalsolutions.com.mx\/index.php\/wp-json\/wp\/v2\/product\/2472","targetHints":{"allow":["GET"]}}],"collection":[{"href":"https:\/\/tacticalsolutions.com.mx\/index.php\/wp-json\/wp\/v2\/product"}],"about":[{"href":"https:\/\/tacticalsolutions.com.mx\/index.php\/wp-json\/wp\/v2\/types\/product"}],"replies":[{"embeddable":true,"href":"https:\/\/tacticalsolutions.com.mx\/index.php\/wp-json\/wp\/v2\/comments?post=2472"}],"wp:featuredmedia":[{"embeddable":true,"href":"https:\/\/tacticalsolutions.com.mx\/index.php\/wp-json\/wp\/v2\/media\/2473"}],"wp:attachment":[{"href":"https:\/\/tacticalsolutions.com.mx\/index.php\/wp-json\/wp\/v2\/media?parent=2472"}],"wp:term":[{"taxonomy":"product_brand","embeddable":true,"href":"https:\/\/tacticalsolutions.com.mx\/index.php\/wp-json\/wp\/v2\/product_brand?post=2472"},{"taxonomy":"product_cat","embeddable":true,"href":"https:\/\/tacticalsolutions.com.mx\/index.php\/wp-json\/wp\/v2\/product_cat?post=2472"},{"taxonomy":"product_tag","embeddable":true,"href":"https:\/\/tacticalsolutions.com.mx\/index.php\/wp-json\/wp\/v2\/product_tag?post=2472"}],"curies":[{"name":"wp","href":"https:\/\/api.w.org\/{rel}","templated":true}]}}