{"id":2478,"date":"2022-03-25T21:57:55","date_gmt":"2022-03-25T21:57:55","guid":{"rendered":"https:\/\/tacticalsolutions.com.mx\/?post_type=product&#038;p=2478"},"modified":"2022-04-07T21:35:19","modified_gmt":"2022-04-07T21:35:19","slug":"bota-tactica-5-11-a-t-a-c-2-0-8-side-zip-boot-modelo-12391","status":"publish","type":"product","link":"https:\/\/tacticalsolutions.com.mx\/index.php\/producto\/bota-tactica-5-11-a-t-a-c-2-0-8-side-zip-boot-modelo-12391\/","title":{"rendered":"Bota 5.11 A.T.A.C. 2.0 8&#8243; Side Zip Boot"},"content":{"rendered":"<ul>\n<li>Plantilla de doble densidad de longitud completa Ortholite\u00ae con una capa inferior de espuma Ortholite\u00ae X25 para una mejor amortiguaci\u00f3n y rebote con una capa superior de espuma de recuperaci\u00f3n Ortholite\u00ae Lazy para un ajuste c\u00f3modo personalizado.<\/li>\n<li>Construcci\u00f3n de leng\u00fceta transpirable para permitir el m\u00e1ximo flujo de aire.<\/li>\n<li>Bolsillo oculto para navajas<\/li>\n<li>Cremallera lateral YKK\u00ae para poner y quitar f\u00e1cilmente<\/li>\n<li>Zona de flexi\u00f3n de Aquiles para una mejor maniobrabilidad<\/li>\n<li>Puntera de cuero de grano completo pulible<\/li>\n<li>Material superior de cuero y nailon para una mayor durabilidad.<\/li>\n<li>Entresuela y suela 5.11\u00ae ATAC con Shock mitigation system\u2122<\/li>\n<li>Tratamiento antimicrobiano Agion\u00ae en el revestimiento<\/li>\n<li>Importado<\/li>\n<\/ul>\n","protected":false},"excerpt":{"rendered":"<ul>\n<li>Marca:\u00a0<strong>5.11<\/strong><\/li>\n<li>Modelo: <strong>12391<\/strong><\/li>\n<li>Categor\u00eda: <strong>Calzado<\/strong><\/li>\n<\/ul>\n<p>C\u00f3modas<br \/>\nBolsillo discreto<br \/>\nExterior de cuero y nylon para m\u00e1xima duraci\u00f3n<br \/>\nIdeal para trabajos en exterior, alpinismo y senderismo<br \/>\nTranspirables<br \/>\nZipper a un lado de la bota<br \/>\nLigeras<\/p>\n","protected":false},"featured_media":2479,"comment_status":"open","ping_status":"closed","template":"","meta":[],"product_brand":[],"product_cat":[25,33],"product_tag":[40,96],"class_list":{"0":"post-2478","1":"product","2":"type-product","3":"status-publish","4":"has-post-thumbnail","6":"product_cat-5-11","7":"product_cat-calzado","8":"product_tag-5-11","9":"product_tag-calzado","10":"pa_talla-calzado-26-mx","11":"pa_talla-calzado-26-5-mx","12":"pa_talla-calzado-27-mx","13":"pa_talla-calzado-27-5-mx","14":"pa_talla-calzado-28-mx","15":"pa_talla-calzado-28-5-mx","16":"pa_talla-calzado-29-mx","17":"pa_talla-calzado-29-5-mx","18":"pa_talla-calzado-30-mx","19":"pa_talla-calzado-talla","21":"first","22":"instock","23":"shipping-taxable","24":"purchasable","25":"product-type-variable"},"jetpack_sharing_enabled":true,"_links":{"self":[{"href":"https:\/\/tacticalsolutions.com.mx\/index.php\/wp-json\/wp\/v2\/product\/2478","targetHints":{"allow":["GET"]}}],"collection":[{"href":"https:\/\/tacticalsolutions.com.mx\/index.php\/wp-json\/wp\/v2\/product"}],"about":[{"href":"https:\/\/tacticalsolutions.com.mx\/index.php\/wp-json\/wp\/v2\/types\/product"}],"replies":[{"embeddable":true,"href":"https:\/\/tacticalsolutions.com.mx\/index.php\/wp-json\/wp\/v2\/comments?post=2478"}],"wp:featuredmedia":[{"embeddable":true,"href":"https:\/\/tacticalsolutions.com.mx\/index.php\/wp-json\/wp\/v2\/media\/2479"}],"wp:attachment":[{"href":"https:\/\/tacticalsolutions.com.mx\/index.php\/wp-json\/wp\/v2\/media?parent=2478"}],"wp:term":[{"taxonomy":"product_brand","embeddable":true,"href":"https:\/\/tacticalsolutions.com.mx\/index.php\/wp-json\/wp\/v2\/product_brand?post=2478"},{"taxonomy":"product_cat","embeddable":true,"href":"https:\/\/tacticalsolutions.com.mx\/index.php\/wp-json\/wp\/v2\/product_cat?post=2478"},{"taxonomy":"product_tag","embeddable":true,"href":"https:\/\/tacticalsolutions.com.mx\/index.php\/wp-json\/wp\/v2\/product_tag?post=2478"}],"curies":[{"name":"wp","href":"https:\/\/api.w.org\/{rel}","templated":true}]}}