{"id":2487,"date":"2022-03-25T22:44:28","date_gmt":"2022-03-25T22:44:28","guid":{"rendered":"https:\/\/tacticalsolutions.com.mx\/?post_type=product&#038;p=2487"},"modified":"2022-04-07T00:21:25","modified_gmt":"2022-04-07T00:21:25","slug":"bota-tactica-under-armour-valsetz-micro-g-leather-tactical-boots-coyote-modelo-3024009","status":"publish","type":"product","link":"https:\/\/tacticalsolutions.com.mx\/index.php\/producto\/bota-tactica-under-armour-valsetz-micro-g-leather-tactical-boots-coyote-modelo-3024009\/","title":{"rendered":"Bota Under Armour Valsetz Micro G Leather Tactical Boots Coyote"},"content":{"rendered":"<ul>\n<li>Combinaci\u00f3n de cuero rugoso ultrarresistente y nailon 1000D para una parte superior suave, liviana y transpirable<\/li>\n<li>Trabillas en el tal\u00f3n y la leng\u00fceta para pon\u00e9rtelas y quit\u00e1rtelas f\u00e1cilmente<\/li>\n<li>La plantilla Contoura\u2122 Support moldeada antifatiga y antimicrobiana absorbe los impactos para brindar comodidad durante todo el d\u00eda<\/li>\n<li>Plantillas Insite\u00ae Contoura\u00ae Support moldeadas antifatiga y antimicrobianas con espuma amortiguadora<\/li>\n<li>Suela exterior de caucho de alta tracci\u00f3n antideslizante y resistente al aceite para un mejor agarre en una variedad de superficies<\/li>\n<li>Estilo #: 3024009<\/li>\n<li>Cumple con el cumplimiento de AR 670-1 para el uso de uniformes del Ej\u00e9rcito y la Fuerza A\u00e9rea<\/li>\n<li>Altura: 8&#8243;<\/li>\n<li>Peso: 16 onzas<\/li>\n<li>Tipo de encaje: Corbata est\u00e1ndar<\/li>\n<li>Importado<\/li>\n<\/ul>\n<p style=\"text-align: left\">\n","protected":false},"excerpt":{"rendered":"<ul>\n<li>Marca:\u00a0<strong>Under Armour<\/strong><\/li>\n<li>Modelo: <strong>3024009<\/strong><\/li>\n<li>Categor\u00eda:\u00a0<strong>Calzado<\/strong><\/li>\n<\/ul>\n<p>Ligeras<br \/>\nC\u00f3modas<br \/>\nTecnolog\u00eda anti-fatiga<br \/>\nEl dise\u00f1o de su suela est\u00e1 dise\u00f1ado para no resbalarse en agua ni aceite<br \/>\nIdeal para climas fr\u00edos<br \/>\nIdeal para trabajo en exteriores, senderismo y otros deportes<br \/>\nTranspirables<\/p>\n","protected":false},"featured_media":2488,"comment_status":"open","ping_status":"closed","template":"","meta":[],"product_brand":[],"product_cat":[33,30],"product_tag":[96,94],"class_list":{"0":"post-2487","1":"product","2":"type-product","3":"status-publish","4":"has-post-thumbnail","6":"product_cat-calzado","7":"product_cat-under-armour","8":"product_tag-calzado","9":"product_tag-under-armour","10":"pa_talla-calzado-26-mx","11":"pa_talla-calzado-26-5-mx","12":"pa_talla-calzado-27-mx","13":"pa_talla-calzado-27-5-mx","14":"pa_talla-calzado-28-mx","15":"pa_talla-calzado-28-5-mx","16":"pa_talla-calzado-29-mx","17":"pa_talla-calzado-29-5-mx","18":"pa_talla-calzado-30-mx","19":"pa_talla-calzado-talla","21":"first","22":"instock","23":"shipping-taxable","24":"purchasable","25":"product-type-variable"},"jetpack_sharing_enabled":true,"_links":{"self":[{"href":"https:\/\/tacticalsolutions.com.mx\/index.php\/wp-json\/wp\/v2\/product\/2487","targetHints":{"allow":["GET"]}}],"collection":[{"href":"https:\/\/tacticalsolutions.com.mx\/index.php\/wp-json\/wp\/v2\/product"}],"about":[{"href":"https:\/\/tacticalsolutions.com.mx\/index.php\/wp-json\/wp\/v2\/types\/product"}],"replies":[{"embeddable":true,"href":"https:\/\/tacticalsolutions.com.mx\/index.php\/wp-json\/wp\/v2\/comments?post=2487"}],"wp:featuredmedia":[{"embeddable":true,"href":"https:\/\/tacticalsolutions.com.mx\/index.php\/wp-json\/wp\/v2\/media\/2488"}],"wp:attachment":[{"href":"https:\/\/tacticalsolutions.com.mx\/index.php\/wp-json\/wp\/v2\/media?parent=2487"}],"wp:term":[{"taxonomy":"product_brand","embeddable":true,"href":"https:\/\/tacticalsolutions.com.mx\/index.php\/wp-json\/wp\/v2\/product_brand?post=2487"},{"taxonomy":"product_cat","embeddable":true,"href":"https:\/\/tacticalsolutions.com.mx\/index.php\/wp-json\/wp\/v2\/product_cat?post=2487"},{"taxonomy":"product_tag","embeddable":true,"href":"https:\/\/tacticalsolutions.com.mx\/index.php\/wp-json\/wp\/v2\/product_tag?post=2487"}],"curies":[{"name":"wp","href":"https:\/\/api.w.org\/{rel}","templated":true}]}}