{"id":2508,"date":"2022-03-26T00:07:23","date_gmt":"2022-03-26T00:07:23","guid":{"rendered":"https:\/\/tacticalsolutions.com.mx\/?post_type=product&#038;p=2508"},"modified":"2022-04-07T00:32:03","modified_gmt":"2022-04-07T00:32:03","slug":"porta-fusil-dos-puntos-rothco-2-point-tactical-sling-modelo-4654","status":"publish","type":"product","link":"https:\/\/tacticalsolutions.com.mx\/index.php\/producto\/porta-fusil-dos-puntos-rothco-2-point-tactical-sling-modelo-4654\/","title":{"rendered":"Porta Fusil Dos Puntos Rothco 2-Point Tactical Sling"},"content":{"rendered":"<p>Mejore su colecci\u00f3n de equipo t\u00e1ctico con el cabestrillo t\u00e1ctico de 2 puntos de Rothco. Construido con correas de nailon, este cabestrillo t\u00e1ctico cuenta con correas para los hombros totalmente ajustables y cuerdas el\u00e1sticas dobles para ayudar a reducir los rebotes y mejorar la retenci\u00f3n para el usuario. Conecte o retire f\u00e1cilmente su correa t\u00e1ctica de 2 puntos de su arma de fuego con la hebilla de liberaci\u00f3n r\u00e1pida. El cabestrillo para armas de fuego de 2 puntos se puede convertir f\u00e1cilmente en un cabestrillo de un solo punto con el clip de resorte de metal. Este cabestrillo t\u00e1ctico es perfecto para tiradores, aficionados al airsoft y\/o paintball que buscan una forma \u00f3ptima de llevar su rifle.<\/p>\n<ul>\n<li>La eslinga t\u00e1ctica de 2 puntos se puede convertir en una eslinga de un solo punto<\/li>\n<li>El dise\u00f1o de doble bungee reduce el rebote y mejora la retenci\u00f3n.<\/li>\n<li>Hebilla de liberaci\u00f3n r\u00e1pida y clip de resorte de metal para adaptador o clip de rifle<\/li>\n<li>Material de cincha de nailon de 1 \u00bc\u201d<\/li>\n<li>Correa de hombro ajustable<\/li>\n<\/ul>\n","protected":false},"excerpt":{"rendered":"<ul>\n<li>Marca:\u00a0<strong>Rothco<\/strong><\/li>\n<li>Modelo: <strong>4654<\/strong><\/li>\n<li>Categor\u00eda:\u00a0<strong>Accesorios<\/strong><\/li>\n<\/ul>\n<p>Mejore su colecci\u00f3n de equipo t\u00e1ctico con el cabestrillo t\u00e1ctico de 2 puntos de Rothco. Construido con correas de nailon, este cabestrillo t\u00e1ctico cuenta con correas para los hombros totalmente ajustables y cuerdas el\u00e1sticas dobles para ayudar a reducir los rebotes y mejorar la retenci\u00f3n para el usuario. Conecte o retire f\u00e1cilmente su correa t\u00e1ctica de 2 puntos de su arma de fuego con la hebilla de liberaci\u00f3n r\u00e1pida. El cabestrillo para armas de fuego de 2 puntos se puede convertir f\u00e1cilmente en un cabestrillo de un solo punto con el clip de resorte de metal. Este cabestrillo t\u00e1ctico es perfecto para tiradores, aficionados al airsoft y\/o paintball que buscan una forma \u00f3ptima de llevar su rifle.<\/p>\n","protected":false},"featured_media":2509,"comment_status":"open","ping_status":"closed","template":"","meta":[],"product_brand":[],"product_cat":[34,108],"product_tag":[95,109],"class_list":{"0":"post-2508","1":"product","2":"type-product","3":"status-publish","4":"has-post-thumbnail","6":"product_cat-accesorios","7":"product_cat-rothco","8":"product_tag-accesorios","9":"product_tag-rothco","10":"pa_color-coyote","11":"pa_color-negro","12":"pa_color-verde","14":"first","15":"instock","16":"shipping-taxable","17":"purchasable","18":"product-type-variable"},"jetpack_sharing_enabled":true,"_links":{"self":[{"href":"https:\/\/tacticalsolutions.com.mx\/index.php\/wp-json\/wp\/v2\/product\/2508","targetHints":{"allow":["GET"]}}],"collection":[{"href":"https:\/\/tacticalsolutions.com.mx\/index.php\/wp-json\/wp\/v2\/product"}],"about":[{"href":"https:\/\/tacticalsolutions.com.mx\/index.php\/wp-json\/wp\/v2\/types\/product"}],"replies":[{"embeddable":true,"href":"https:\/\/tacticalsolutions.com.mx\/index.php\/wp-json\/wp\/v2\/comments?post=2508"}],"wp:featuredmedia":[{"embeddable":true,"href":"https:\/\/tacticalsolutions.com.mx\/index.php\/wp-json\/wp\/v2\/media\/2509"}],"wp:attachment":[{"href":"https:\/\/tacticalsolutions.com.mx\/index.php\/wp-json\/wp\/v2\/media?parent=2508"}],"wp:term":[{"taxonomy":"product_brand","embeddable":true,"href":"https:\/\/tacticalsolutions.com.mx\/index.php\/wp-json\/wp\/v2\/product_brand?post=2508"},{"taxonomy":"product_cat","embeddable":true,"href":"https:\/\/tacticalsolutions.com.mx\/index.php\/wp-json\/wp\/v2\/product_cat?post=2508"},{"taxonomy":"product_tag","embeddable":true,"href":"https:\/\/tacticalsolutions.com.mx\/index.php\/wp-json\/wp\/v2\/product_tag?post=2508"}],"curies":[{"name":"wp","href":"https:\/\/api.w.org\/{rel}","templated":true}]}}