{"id":2516,"date":"2022-03-26T00:20:23","date_gmt":"2022-03-26T00:20:23","guid":{"rendered":"https:\/\/tacticalsolutions.com.mx\/?post_type=product&#038;p=2516"},"modified":"2022-06-02T03:35:00","modified_gmt":"2022-06-02T03:35:00","slug":"porta-esposas-tactico-milfort-modelo-at20020","status":"publish","type":"product","link":"https:\/\/tacticalsolutions.com.mx\/index.php\/producto\/porta-esposas-tactico-milfort-modelo-at20020\/","title":{"rendered":"Porta Esposas T\u00e1ctico Milfort"},"content":{"rendered":"<p>Dise\u00f1o que permite alojar las esposas f\u00e1cilmente y de manera segura, su cuerpo es fabricado en pol\u00edmero de alta resistencia al impacto y a la fricci\u00f3n, posee un seguro flexible que permite <a href=\"http:\/\/www.localdlish.com\">replica rolex day date<\/a> sujetar las esposas ajust\u00e1ndolas a su geometr\u00eda.<\/p>\n<ul>\n<li>Extracci\u00f3n r\u00e1pida.<\/li>\n<li>Gancho de sujeci\u00f3n para cintur\u00f3n.<\/li>\n<li>Dise\u00f1ado para operar con una sola mano.<\/li>\n<li>Capacidad para 1 juego de esposas.<\/li>\n<li>Material: Pol\u00edmero inyectado de alta resistencia al impacto.<\/li>\n<\/ul>\n","protected":false},"excerpt":{"rendered":"<p>Marca:\u00a0<strong>Milfort<\/strong><\/p>\n<p>Modelo: <strong>AT20020<\/strong><\/p>\n<p>Categor\u00eda:\u00a0<strong>Accesorios\u00a0<\/strong><\/p>\n<p>Dise\u00f1o que permite alojar las esposas f\u00e1cilmente y de manera segura, su cuerpo es fabricado en pol\u00edmero de alta resistencia al impacto y a la fricci\u00f3n, posee un seguro flexible que permite sujetar las esposas ajust\u00e1ndolas a su geometr\u00eda.<\/p>\n","protected":false},"featured_media":2517,"comment_status":"open","ping_status":"closed","template":"","meta":[],"product_brand":[],"product_cat":[34,110],"product_tag":[95,111],"class_list":{"0":"post-2516","1":"product","2":"type-product","3":"status-publish","4":"has-post-thumbnail","6":"product_cat-accesorios","7":"product_cat-milfort","8":"product_tag-accesorios","9":"product_tag-milfort","11":"first","12":"instock","13":"shipping-taxable","14":"purchasable","15":"product-type-simple"},"jetpack_sharing_enabled":true,"_links":{"self":[{"href":"https:\/\/tacticalsolutions.com.mx\/index.php\/wp-json\/wp\/v2\/product\/2516","targetHints":{"allow":["GET"]}}],"collection":[{"href":"https:\/\/tacticalsolutions.com.mx\/index.php\/wp-json\/wp\/v2\/product"}],"about":[{"href":"https:\/\/tacticalsolutions.com.mx\/index.php\/wp-json\/wp\/v2\/types\/product"}],"replies":[{"embeddable":true,"href":"https:\/\/tacticalsolutions.com.mx\/index.php\/wp-json\/wp\/v2\/comments?post=2516"}],"wp:featuredmedia":[{"embeddable":true,"href":"https:\/\/tacticalsolutions.com.mx\/index.php\/wp-json\/wp\/v2\/media\/2517"}],"wp:attachment":[{"href":"https:\/\/tacticalsolutions.com.mx\/index.php\/wp-json\/wp\/v2\/media?parent=2516"}],"wp:term":[{"taxonomy":"product_brand","embeddable":true,"href":"https:\/\/tacticalsolutions.com.mx\/index.php\/wp-json\/wp\/v2\/product_brand?post=2516"},{"taxonomy":"product_cat","embeddable":true,"href":"https:\/\/tacticalsolutions.com.mx\/index.php\/wp-json\/wp\/v2\/product_cat?post=2516"},{"taxonomy":"product_tag","embeddable":true,"href":"https:\/\/tacticalsolutions.com.mx\/index.php\/wp-json\/wp\/v2\/product_tag?post=2516"}],"curies":[{"name":"wp","href":"https:\/\/api.w.org\/{rel}","templated":true}]}}