{"id":2525,"date":"2022-03-26T00:40:33","date_gmt":"2022-03-26T00:40:33","guid":{"rendered":"https:\/\/tacticalsolutions.com.mx\/?post_type=product&#038;p=2525"},"modified":"2022-04-07T00:39:52","modified_gmt":"2022-04-07T00:39:52","slug":"gancho-de-sujecion-ajuste-bajo-milfort-modelo-at70320","status":"publish","type":"product","link":"https:\/\/tacticalsolutions.com.mx\/index.php\/producto\/gancho-de-sujecion-ajuste-bajo-milfort-modelo-at70320\/","title":{"rendered":"Gancho De Sujeci\u00f3n Ajuste Bajo Milfort"},"content":{"rendered":"<p>Ideal para uso en cinturones multiprop\u00f3sito fabricados en reata, su enganche de perfil bajo permite el uso de chaquetas sin interferir con su funcionamiento. Compatible con todas las portas en pol\u00edmero MILFORT.<\/p>\n<ul>\n<li>Materiales: Pol\u00edmero inyectado, r\u00edgido de alta resistencia a la tracci\u00f3n.<\/li>\n<\/ul>\n","protected":false},"excerpt":{"rendered":"<ul>\n<li>Marca:<strong> Milfort<\/strong><\/li>\n<li>Modelo: <strong>AT70320<\/strong><\/li>\n<li>Categor\u00eda: <strong>Accesorios\u00a0<\/strong><\/li>\n<\/ul>\n<p>Ideal para uso en cinturones multiprop\u00f3sito fabricados en reata, su enganche de perfil bajo permite el uso de chaquetas sin interferir con su funcionamiento. Compatible con todas las portas en pol\u00edmero MILFORT.<\/p>\n","protected":false},"featured_media":2526,"comment_status":"open","ping_status":"closed","template":"","meta":[],"product_brand":[],"product_cat":[34,110],"product_tag":[95,111],"class_list":{"0":"post-2525","1":"product","2":"type-product","3":"status-publish","4":"has-post-thumbnail","6":"product_cat-accesorios","7":"product_cat-milfort","8":"product_tag-accesorios","9":"product_tag-milfort","11":"first","12":"instock","13":"shipping-taxable","14":"purchasable","15":"product-type-simple"},"jetpack_sharing_enabled":true,"_links":{"self":[{"href":"https:\/\/tacticalsolutions.com.mx\/index.php\/wp-json\/wp\/v2\/product\/2525","targetHints":{"allow":["GET"]}}],"collection":[{"href":"https:\/\/tacticalsolutions.com.mx\/index.php\/wp-json\/wp\/v2\/product"}],"about":[{"href":"https:\/\/tacticalsolutions.com.mx\/index.php\/wp-json\/wp\/v2\/types\/product"}],"replies":[{"embeddable":true,"href":"https:\/\/tacticalsolutions.com.mx\/index.php\/wp-json\/wp\/v2\/comments?post=2525"}],"wp:featuredmedia":[{"embeddable":true,"href":"https:\/\/tacticalsolutions.com.mx\/index.php\/wp-json\/wp\/v2\/media\/2526"}],"wp:attachment":[{"href":"https:\/\/tacticalsolutions.com.mx\/index.php\/wp-json\/wp\/v2\/media?parent=2525"}],"wp:term":[{"taxonomy":"product_brand","embeddable":true,"href":"https:\/\/tacticalsolutions.com.mx\/index.php\/wp-json\/wp\/v2\/product_brand?post=2525"},{"taxonomy":"product_cat","embeddable":true,"href":"https:\/\/tacticalsolutions.com.mx\/index.php\/wp-json\/wp\/v2\/product_cat?post=2525"},{"taxonomy":"product_tag","embeddable":true,"href":"https:\/\/tacticalsolutions.com.mx\/index.php\/wp-json\/wp\/v2\/product_tag?post=2525"}],"curies":[{"name":"wp","href":"https:\/\/api.w.org\/{rel}","templated":true}]}}