{"id":2532,"date":"2022-03-26T00:53:11","date_gmt":"2022-03-26T00:53:11","guid":{"rendered":"https:\/\/tacticalsolutions.com.mx\/?post_type=product&#038;p=2532"},"modified":"2022-04-07T00:48:57","modified_gmt":"2022-04-07T00:48:57","slug":"porta-arma-universal-blackhawk-omnivore-multifit-holster-modelo-4190","status":"publish","type":"product","link":"https:\/\/tacticalsolutions.com.mx\/index.php\/producto\/porta-arma-universal-blackhawk-omnivore-multifit-holster-modelo-4190\/","title":{"rendered":"Porta Arma Universal Blackhawk Omnivore Multifit Holster"},"content":{"rendered":"<p><span class=\"VIiyi\" lang=\"es\"><span class=\"JLqJ4b ChMk0b\" data-language-for-alternatives=\"es\" data-language-to-translate-into=\"en\" data-phrase-index=\"1\" data-number-of-phrases=\"5\">La Blackhawk Omnivore es una funda de ajuste m\u00faltiple que se adapta a m\u00e1s de 150 estilos de pistolas semiautom\u00e1ticas con riel para accesorios.<\/span> <span class=\"JLqJ4b ChMk0b\" data-language-for-alternatives=\"es\" data-language-to-translate-into=\"en\" data-phrase-index=\"2\" data-number-of-phrases=\"5\">El mecanismo de retenci\u00f3n activo se bloquea en nuestro dispositivo de fijaci\u00f3n de riel patentado, no en el marco de la pistola.<\/span> <span class=\"JLqJ4b ChMk0b\" data-language-for-alternatives=\"es\" data-language-to-translate-into=\"en\" data-phrase-index=\"3\" data-number-of-phrases=\"5\">Una liberaci\u00f3n del pulgar desactiva el mecanismo de bloqueo al sacar la pistola.<\/span> <span class=\"JLqJ4b ChMk0b\" data-language-for-alternatives=\"es\" data-language-to-translate-into=\"en\" data-phrase-index=\"4\" data-number-of-phrases=\"5\">Nota: esta no es una funda con clasificaci\u00f3n de servicio.<\/span><\/span><\/p>\n<ul>\n<li>Las fundas Omnivore de ajuste m\u00faltiple se adaptan a m\u00e1s de 150 estilos de pistolas semiautom\u00e1ticas con un riel accesorio.<\/li>\n<li>La retenci\u00f3n de nivel 2 utiliza dos funciones para sujetar la pistola de forma segura en su lugar<\/li>\n<li>El dise\u00f1o de flotaci\u00f3n libre se bloquea en el accesorio de riel<\/li>\n<li>La altura del mecanismo de retenci\u00f3n activado por el pulgar se ajusta para adaptarse a su mano<\/li>\n<li>El mecanismo de retenci\u00f3n ergon\u00f3mico activado por el pulgar brinda acceso instant\u00e1neo al arma de fuego.<\/li>\n<\/ul>\n","protected":false},"excerpt":{"rendered":"<ul>\n<li>Marca: <strong>Blackhawk<\/strong><\/li>\n<li>Modelo:<strong> 4190<\/strong><\/li>\n<li>Categor\u00eda: <strong>Accesorios<\/strong><\/li>\n<\/ul>\n<p><span class=\"VIiyi\" lang=\"es\"><span class=\"JLqJ4b ChMk0b\" data-language-for-alternatives=\"es\" data-language-to-translate-into=\"en\" data-phrase-index=\"1\" data-number-of-phrases=\"5\">La Blackhawk Omnivore es una funda de ajuste m\u00faltiple que se adapta a m\u00e1s de 150 estilos de pistolas semiautom\u00e1ticas con riel para accesorios.<\/span> <span class=\"JLqJ4b ChMk0b\" data-language-for-alternatives=\"es\" data-language-to-translate-into=\"en\" data-phrase-index=\"2\" data-number-of-phrases=\"5\">El mecanismo de retenci\u00f3n activo se bloquea en nuestro dispositivo de fijaci\u00f3n de riel patentado, no en el marco de la pistola.<\/span> <span class=\"JLqJ4b ChMk0b\" data-language-for-alternatives=\"es\" data-language-to-translate-into=\"en\" data-phrase-index=\"3\" data-number-of-phrases=\"5\">Una liberaci\u00f3n del pulgar desactiva el mecanismo de bloqueo al sacar la pistola.<\/span> <span class=\"JLqJ4b ChMk0b\" data-language-for-alternatives=\"es\" data-language-to-translate-into=\"en\" data-phrase-index=\"4\" data-number-of-phrases=\"5\">Nota: esta no es una funda con clasificaci\u00f3n de servicio.<\/span><\/span><\/p>\n","protected":false},"featured_media":2533,"comment_status":"open","ping_status":"closed","template":"","meta":[],"product_brand":[],"product_cat":[34,32],"product_tag":[95,112],"class_list":{"0":"post-2532","1":"product","2":"type-product","3":"status-publish","4":"has-post-thumbnail","6":"product_cat-accesorios","7":"product_cat-blackhawk","8":"product_tag-accesorios","9":"product_tag-blackhawk","11":"first","12":"instock","13":"shipping-taxable","14":"purchasable","15":"product-type-simple"},"jetpack_sharing_enabled":true,"_links":{"self":[{"href":"https:\/\/tacticalsolutions.com.mx\/index.php\/wp-json\/wp\/v2\/product\/2532","targetHints":{"allow":["GET"]}}],"collection":[{"href":"https:\/\/tacticalsolutions.com.mx\/index.php\/wp-json\/wp\/v2\/product"}],"about":[{"href":"https:\/\/tacticalsolutions.com.mx\/index.php\/wp-json\/wp\/v2\/types\/product"}],"replies":[{"embeddable":true,"href":"https:\/\/tacticalsolutions.com.mx\/index.php\/wp-json\/wp\/v2\/comments?post=2532"}],"wp:featuredmedia":[{"embeddable":true,"href":"https:\/\/tacticalsolutions.com.mx\/index.php\/wp-json\/wp\/v2\/media\/2533"}],"wp:attachment":[{"href":"https:\/\/tacticalsolutions.com.mx\/index.php\/wp-json\/wp\/v2\/media?parent=2532"}],"wp:term":[{"taxonomy":"product_brand","embeddable":true,"href":"https:\/\/tacticalsolutions.com.mx\/index.php\/wp-json\/wp\/v2\/product_brand?post=2532"},{"taxonomy":"product_cat","embeddable":true,"href":"https:\/\/tacticalsolutions.com.mx\/index.php\/wp-json\/wp\/v2\/product_cat?post=2532"},{"taxonomy":"product_tag","embeddable":true,"href":"https:\/\/tacticalsolutions.com.mx\/index.php\/wp-json\/wp\/v2\/product_tag?post=2532"}],"curies":[{"name":"wp","href":"https:\/\/api.w.org\/{rel}","templated":true}]}}