{"id":2547,"date":"2022-03-26T19:20:19","date_gmt":"2022-03-26T19:20:19","guid":{"rendered":"https:\/\/tacticalsolutions.com.mx\/?post_type=product&#038;p=2547"},"modified":"2022-03-26T19:20:19","modified_gmt":"2022-03-26T19:20:19","slug":"bote-de-6000-rondas-de-municion-crosman-copperhead-bbs-modelo-0767","status":"publish","type":"product","link":"https:\/\/tacticalsolutions.com.mx\/index.php\/producto\/bote-de-6000-rondas-de-municion-crosman-copperhead-bbs-modelo-0767\/","title":{"rendered":"Bote de 6000 Rondas de Munici\u00f3n Crosman Copperhead BBs Modelo: 0767"},"content":{"rendered":"<p>Las BB de 4,5 mm recubiertas de cobre Crosman brindan un rendimiento confiable y constante con casi cualquier rifle o pistola de aire comprimido BB de calibre 4,5 mm. Disponible en botellas &#8220;EZ-Pour&#8221; para una recarga r\u00e1pida y f\u00e1cil en tama\u00f1os de paquete de 1500 a 6000 unidades. Ideal para aquellos que reci\u00e9n ingresan al deporte de rifle de aire comprimido\/pistola BB, para el desarrollo de habilidades de punter\u00eda y entusiastas del tiroteo de BB en el patio trasero.<\/p>\n<ul>\n<li>BB recubiertas de cobre de 4,5 mm: compatibles con rifles de aire comprimido BB de calibre 4,5 mm y pistolas de aire comprimido BB<\/li>\n<li>Botella EZ-pour: ideal para los entusiastas de las pistolas de aire BB o para divertirse en el jard\u00edn<\/li>\n<li>Fabricado con materiales de calidad, para un rendimiento constante y fiable<\/li>\n<li>Recomendado para uso con rifles de aire Crosman BB y pistolas de aire BB<\/li>\n<\/ul>\n","protected":false},"excerpt":{"rendered":"<p>Las BB de 4,5 mm recubiertas de cobre Crosman brindan un rendimiento confiable y constante con casi cualquier rifle o pistola de aire comprimido BB de calibre 4,5 mm. Disponible en botellas &#8220;EZ-Pour&#8221; para una recarga r\u00e1pida y f\u00e1cil en tama\u00f1os de paquete de 1500 a 6000 unidades. Ideal para aquellos que reci\u00e9n ingresan al deporte de rifle de aire comprimido\/pistola BB, para el desarrollo de habilidades de punter\u00eda y entusiastas del tiroteo de BB en el patio trasero.<\/p>\n","protected":false},"featured_media":2548,"comment_status":"open","ping_status":"closed","template":"","meta":[],"product_brand":[],"product_cat":[34,97],"product_tag":[95,99],"class_list":{"0":"post-2547","1":"product","2":"type-product","3":"status-publish","4":"has-post-thumbnail","6":"product_cat-accesorios","7":"product_cat-crosman","8":"product_tag-accesorios","9":"product_tag-crosman","11":"first","12":"instock","13":"shipping-taxable","14":"product-type-simple"},"jetpack_sharing_enabled":true,"_links":{"self":[{"href":"https:\/\/tacticalsolutions.com.mx\/index.php\/wp-json\/wp\/v2\/product\/2547","targetHints":{"allow":["GET"]}}],"collection":[{"href":"https:\/\/tacticalsolutions.com.mx\/index.php\/wp-json\/wp\/v2\/product"}],"about":[{"href":"https:\/\/tacticalsolutions.com.mx\/index.php\/wp-json\/wp\/v2\/types\/product"}],"replies":[{"embeddable":true,"href":"https:\/\/tacticalsolutions.com.mx\/index.php\/wp-json\/wp\/v2\/comments?post=2547"}],"wp:featuredmedia":[{"embeddable":true,"href":"https:\/\/tacticalsolutions.com.mx\/index.php\/wp-json\/wp\/v2\/media\/2548"}],"wp:attachment":[{"href":"https:\/\/tacticalsolutions.com.mx\/index.php\/wp-json\/wp\/v2\/media?parent=2547"}],"wp:term":[{"taxonomy":"product_brand","embeddable":true,"href":"https:\/\/tacticalsolutions.com.mx\/index.php\/wp-json\/wp\/v2\/product_brand?post=2547"},{"taxonomy":"product_cat","embeddable":true,"href":"https:\/\/tacticalsolutions.com.mx\/index.php\/wp-json\/wp\/v2\/product_cat?post=2547"},{"taxonomy":"product_tag","embeddable":true,"href":"https:\/\/tacticalsolutions.com.mx\/index.php\/wp-json\/wp\/v2\/product_tag?post=2547"}],"curies":[{"name":"wp","href":"https:\/\/api.w.org\/{rel}","templated":true}]}}