{"id":2552,"date":"2022-03-26T20:14:28","date_gmt":"2022-03-26T20:14:28","guid":{"rendered":"https:\/\/tacticalsolutions.com.mx\/?post_type=product&#038;p=2552"},"modified":"2022-04-05T20:20:59","modified_gmt":"2022-04-05T20:20:59","slug":"porta-fusil-de-3-puntos-condor-modelo-3ps-002","status":"publish","type":"product","link":"https:\/\/tacticalsolutions.com.mx\/index.php\/producto\/porta-fusil-de-3-puntos-condor-modelo-3ps-002\/","title":{"rendered":"Porta Fusil de 3 Puntos Condor Modelo: 3PS-002."},"content":{"rendered":"<p>La eslinga para rifle Ultimate de tres puntos de Condor Outdoor Products, Inc. hace que sea f\u00e1cil de llevar, transportar y acceder a una variedad de marcas y modelos de rifle. El cabestrillo brinda total seguridad y control del rifle y funciona con una variedad de diferentes tipos de rifles. Su dise\u00f1o simple hace que sea f\u00e1cil de instalar o quitar, y la correa ajustable se puede alargar o acortar para adaptarse a la mayor\u00eda de los usuarios. La eslinga est\u00e1 hecha de un material resistente a la intemperie y no abrasivo para un uso c\u00f3modo durante todo el a\u00f1o.<\/p>\n<p>La construcci\u00f3n vers\u00e1til del Ultimate Rifle Sling de tres puntos permite una variedad de estilos de transporte para adaptarse al usuario. Use el rifle en el pecho o en la espalda con el mismo cabestrillo. Acceda r\u00e1pidamente al rifle independientemente del estilo de transporte, sin tener que desconectar o quitar la correa. Consulte las fotos adicionales para obtener instrucciones detalladas sobre la eslinga de tres puntos sobre c\u00f3mo conectarla a un rifle est\u00e1ndar.<\/p>\n<ul>\n<li>Adaptadores de accesorios m\u00faltiples<\/li>\n<li>Importado<\/li>\n<\/ul>\n","protected":false},"excerpt":{"rendered":"<p>La eslinga para rifle Ultimate de tres puntos de Condor Outdoor Products, Inc. hace que sea f\u00e1cil de llevar, transportar y acceder a una variedad de marcas y modelos de rifle. El cabestrillo brinda total seguridad y control del rifle y funciona con una variedad de diferentes tipos de rifles. Su dise\u00f1o simple hace que sea f\u00e1cil de instalar o quitar, y la correa ajustable se puede alargar o acortar para adaptarse a la mayor\u00eda de los usuarios. La eslinga est\u00e1 hecha de un material resistente a la intemperie y no abrasivo para un uso c\u00f3modo durante todo el a\u00f1o.<\/p>\n","protected":false},"featured_media":2556,"comment_status":"open","ping_status":"closed","template":"","meta":[],"product_brand":[],"product_cat":[34,26],"product_tag":[95,103],"class_list":{"0":"post-2552","1":"product","2":"type-product","3":"status-publish","4":"has-post-thumbnail","6":"product_cat-accesorios","7":"product_cat-condor","8":"product_tag-accesorios","9":"product_tag-condor","11":"first","12":"instock","13":"shipping-taxable","14":"purchasable","15":"product-type-simple"},"jetpack_sharing_enabled":true,"_links":{"self":[{"href":"https:\/\/tacticalsolutions.com.mx\/index.php\/wp-json\/wp\/v2\/product\/2552","targetHints":{"allow":["GET"]}}],"collection":[{"href":"https:\/\/tacticalsolutions.com.mx\/index.php\/wp-json\/wp\/v2\/product"}],"about":[{"href":"https:\/\/tacticalsolutions.com.mx\/index.php\/wp-json\/wp\/v2\/types\/product"}],"replies":[{"embeddable":true,"href":"https:\/\/tacticalsolutions.com.mx\/index.php\/wp-json\/wp\/v2\/comments?post=2552"}],"wp:featuredmedia":[{"embeddable":true,"href":"https:\/\/tacticalsolutions.com.mx\/index.php\/wp-json\/wp\/v2\/media\/2556"}],"wp:attachment":[{"href":"https:\/\/tacticalsolutions.com.mx\/index.php\/wp-json\/wp\/v2\/media?parent=2552"}],"wp:term":[{"taxonomy":"product_brand","embeddable":true,"href":"https:\/\/tacticalsolutions.com.mx\/index.php\/wp-json\/wp\/v2\/product_brand?post=2552"},{"taxonomy":"product_cat","embeddable":true,"href":"https:\/\/tacticalsolutions.com.mx\/index.php\/wp-json\/wp\/v2\/product_cat?post=2552"},{"taxonomy":"product_tag","embeddable":true,"href":"https:\/\/tacticalsolutions.com.mx\/index.php\/wp-json\/wp\/v2\/product_tag?post=2552"}],"curies":[{"name":"wp","href":"https:\/\/api.w.org\/{rel}","templated":true}]}}