{"id":2565,"date":"2022-03-26T20:53:29","date_gmt":"2022-03-26T20:53:29","guid":{"rendered":"https:\/\/tacticalsolutions.com.mx\/?post_type=product&#038;p=2565"},"modified":"2022-04-07T21:49:15","modified_gmt":"2022-04-07T21:49:15","slug":"bota-tactica-propper-tactical-duty-boot-8-modelo-f4523","status":"publish","type":"product","link":"https:\/\/tacticalsolutions.com.mx\/index.php\/producto\/bota-tactica-propper-tactical-duty-boot-8-modelo-f4523\/","title":{"rendered":"Bota Propper Tactical Duty Boot 8&#8243;"},"content":{"rendered":"<ul>\n<li>Perfil bajo<\/li>\n<li>Construcci\u00f3n superior de cuero pulido y malla de nailon 900D<\/li>\n<li>Forro de malla transpirable que absorbe la humedad.<\/li>\n<li>Sistema de cordones de velocidad resistente a la fricci\u00f3n.<\/li>\n<li>Refuerzo de leng\u00fceta cosido para evitar que la suciedad y los desechos entren en la bota<\/li>\n<li>cuello acolchado<\/li>\n<li>Cremallera lateral YKK con protector de cremallera<\/li>\n<li>Suela de goma de rendimiento atl\u00e9tico.<\/li>\n<li>Importado<\/li>\n<\/ul>\n<p>La bota de servicio t\u00e1ctico mantiene sus pies c\u00f3modos y listos para llevarlo a los lugares m\u00e1s dif\u00edciles con la parte superior de cuero de calidad profesional y la suela exterior de alta tracci\u00f3n.<\/p>\n","protected":false},"excerpt":{"rendered":"<ul>\n<li>Marca: <strong>Propper<\/strong><\/li>\n<li>Modelo: <strong>F4523<\/strong><\/li>\n<li>Categor\u00eda: <strong>Calzado<\/strong><\/li>\n<\/ul>\n<p>Resistentes<br \/>\nC\u00f3modas<br \/>\nSuela dise\u00f1ada para no resbalarse en l\u00edquidos como agua o aceite<br \/>\nTranspirables<br \/>\nExterior de nylon y cuero<br \/>\nZiper a un lado de la bota<\/p>\n","protected":false},"featured_media":2568,"comment_status":"open","ping_status":"closed","template":"","meta":[],"product_brand":[],"product_cat":[33,29],"product_tag":[96,102],"class_list":{"0":"post-2565","1":"product","2":"type-product","3":"status-publish","4":"has-post-thumbnail","6":"product_cat-calzado","7":"product_cat-propper","8":"product_tag-calzado","9":"product_tag-propper","10":"pa_talla-calzado-26-mx","11":"pa_talla-calzado-26-5-mx","12":"pa_talla-calzado-27-mx","13":"pa_talla-calzado-27-5-mx","14":"pa_talla-calzado-28-mx","15":"pa_talla-calzado-28-5-mx","16":"pa_talla-calzado-29-mx","17":"pa_talla-calzado-29-5-mx","18":"pa_talla-calzado-30-mx","19":"pa_talla-calzado-talla","21":"first","22":"instock","23":"shipping-taxable","24":"purchasable","25":"product-type-variable"},"jetpack_sharing_enabled":true,"_links":{"self":[{"href":"https:\/\/tacticalsolutions.com.mx\/index.php\/wp-json\/wp\/v2\/product\/2565","targetHints":{"allow":["GET"]}}],"collection":[{"href":"https:\/\/tacticalsolutions.com.mx\/index.php\/wp-json\/wp\/v2\/product"}],"about":[{"href":"https:\/\/tacticalsolutions.com.mx\/index.php\/wp-json\/wp\/v2\/types\/product"}],"replies":[{"embeddable":true,"href":"https:\/\/tacticalsolutions.com.mx\/index.php\/wp-json\/wp\/v2\/comments?post=2565"}],"wp:featuredmedia":[{"embeddable":true,"href":"https:\/\/tacticalsolutions.com.mx\/index.php\/wp-json\/wp\/v2\/media\/2568"}],"wp:attachment":[{"href":"https:\/\/tacticalsolutions.com.mx\/index.php\/wp-json\/wp\/v2\/media?parent=2565"}],"wp:term":[{"taxonomy":"product_brand","embeddable":true,"href":"https:\/\/tacticalsolutions.com.mx\/index.php\/wp-json\/wp\/v2\/product_brand?post=2565"},{"taxonomy":"product_cat","embeddable":true,"href":"https:\/\/tacticalsolutions.com.mx\/index.php\/wp-json\/wp\/v2\/product_cat?post=2565"},{"taxonomy":"product_tag","embeddable":true,"href":"https:\/\/tacticalsolutions.com.mx\/index.php\/wp-json\/wp\/v2\/product_tag?post=2565"}],"curies":[{"name":"wp","href":"https:\/\/api.w.org\/{rel}","templated":true}]}}