{"id":2569,"date":"2022-03-26T21:15:41","date_gmt":"2022-03-26T21:15:41","guid":{"rendered":"https:\/\/tacticalsolutions.com.mx\/?post_type=product&#038;p=2569"},"modified":"2022-04-07T17:33:59","modified_gmt":"2022-04-07T17:33:59","slug":"piernera-porta-cargador-doble-condor-drop-leg-m4-mag-pouch-modelo-ma65","status":"publish","type":"product","link":"https:\/\/tacticalsolutions.com.mx\/index.php\/producto\/piernera-porta-cargador-doble-condor-drop-leg-m4-mag-pouch-modelo-ma65\/","title":{"rendered":"Piernera Porta Cargador Doble Condor Drop Leg M4 MAG Pouch"},"content":{"rendered":"<p>Para un acceso r\u00e1pido a las revistas en el campo, elija la bolsa Drop Leg M4 Mag de Condor Outdoor Products. Fabricado con correas MOLLE importadas para accesorios modulares, el porta revistas de alto rendimiento es lo suficientemente fuerte como para soportar el uso diario. El estuche Drop Leg M4 Mag est\u00e1 dise\u00f1ado para usarse en la parte superior de la pierna e incluye un revestimiento de goma antideslizante que mantiene el portacargador en su lugar. Las hebillas de liberaci\u00f3n r\u00e1pida en las correas de las piernas y del cintur\u00f3n permiten retirar r\u00e1pidamente la bolsa del cargador sin quitar el cintur\u00f3n. Cuando est\u00e1 en uso, las revistas adicionales se mantienen seguras mediante una solapa ajustable con hebillas de liberaci\u00f3n r\u00e1pida.<\/p>\n<p>La bolsa Drop Leg M4 Mag de Condor Outdoor Products, Inc. est\u00e1 disponible en varios colores. Elija entre Olive Drab (001), Black (002) y Coyote Brown (498) para coordinar con un uniforme. Todos los colores de la bolsa Drop Leg Mag son totalmente ajustables y de tama\u00f1o universal para adaptarse a la mayor\u00eda de los usuarios.<\/p>\n<ul>\n<li>Correa de pierna ajustable con forro de goma antideslizante y hebilla de liberaci\u00f3n r\u00e1pida<\/li>\n<li>Desmontaje r\u00e1pido sin quitar el cintur\u00f3n<\/li>\n<li>Solapa ajustable con hebillas de liberaci\u00f3n r\u00e1pida<\/li>\n<li>Cinta MOLLE para accesorios modulares<\/li>\n<li>Importado<\/li>\n<\/ul>\n","protected":false},"excerpt":{"rendered":"<ul>\n<li>Marca: <strong>Condor<\/strong><\/li>\n<li>Modelo: <strong>MA65<\/strong><\/li>\n<li>Categor\u00eda: <strong>Accesorios<\/strong><\/li>\n<\/ul>\n<p>Para un acceso r\u00e1pido a las revistas en el campo, elija la bolsa Drop Leg M4 Mag de Condor Outdoor Products. Fabricado con correas MOLLE importadas para accesorios modulares, el porta revistas de alto rendimiento es lo suficientemente fuerte como para soportar el uso diario. El estuche Drop Leg M4 Mag est\u00e1 dise\u00f1ado para usarse en la parte superior de la pierna e incluye un revestimiento de goma antideslizante que mantiene el portacargador en su lugar. Las hebillas de liberaci\u00f3n r\u00e1pida en las correas de las piernas y del cintur\u00f3n permiten retirar r\u00e1pidamente la bolsa del cargador sin quitar el cintur\u00f3n. Cuando est\u00e1 en uso, las revistas adicionales se mantienen seguras mediante una solapa ajustable con hebillas de liberaci\u00f3n r\u00e1pida.<\/p>\n","protected":false},"featured_media":2570,"comment_status":"open","ping_status":"closed","template":"","meta":[],"product_brand":[],"product_cat":[34,26],"product_tag":[95,103],"class_list":{"0":"post-2569","1":"product","2":"type-product","3":"status-publish","4":"has-post-thumbnail","6":"product_cat-accesorios","7":"product_cat-condor","8":"product_tag-accesorios","9":"product_tag-condor","10":"pa_color-coyote","11":"pa_color-negro","12":"pa_color-verde","14":"first","15":"instock","16":"shipping-taxable","17":"purchasable","18":"product-type-variable"},"jetpack_sharing_enabled":true,"_links":{"self":[{"href":"https:\/\/tacticalsolutions.com.mx\/index.php\/wp-json\/wp\/v2\/product\/2569","targetHints":{"allow":["GET"]}}],"collection":[{"href":"https:\/\/tacticalsolutions.com.mx\/index.php\/wp-json\/wp\/v2\/product"}],"about":[{"href":"https:\/\/tacticalsolutions.com.mx\/index.php\/wp-json\/wp\/v2\/types\/product"}],"replies":[{"embeddable":true,"href":"https:\/\/tacticalsolutions.com.mx\/index.php\/wp-json\/wp\/v2\/comments?post=2569"}],"wp:featuredmedia":[{"embeddable":true,"href":"https:\/\/tacticalsolutions.com.mx\/index.php\/wp-json\/wp\/v2\/media\/2570"}],"wp:attachment":[{"href":"https:\/\/tacticalsolutions.com.mx\/index.php\/wp-json\/wp\/v2\/media?parent=2569"}],"wp:term":[{"taxonomy":"product_brand","embeddable":true,"href":"https:\/\/tacticalsolutions.com.mx\/index.php\/wp-json\/wp\/v2\/product_brand?post=2569"},{"taxonomy":"product_cat","embeddable":true,"href":"https:\/\/tacticalsolutions.com.mx\/index.php\/wp-json\/wp\/v2\/product_cat?post=2569"},{"taxonomy":"product_tag","embeddable":true,"href":"https:\/\/tacticalsolutions.com.mx\/index.php\/wp-json\/wp\/v2\/product_tag?post=2569"}],"curies":[{"name":"wp","href":"https:\/\/api.w.org\/{rel}","templated":true}]}}