{"id":2573,"date":"2022-03-26T22:30:28","date_gmt":"2022-03-26T22:30:28","guid":{"rendered":"https:\/\/tacticalsolutions.com.mx\/?post_type=product&#038;p=2573"},"modified":"2022-04-07T17:37:39","modified_gmt":"2022-04-07T17:37:39","slug":"adaptador-blackhawk-quick-disconnect-system-kit-modelo-430950","status":"publish","type":"product","link":"https:\/\/tacticalsolutions.com.mx\/index.php\/producto\/adaptador-blackhawk-quick-disconnect-system-kit-modelo-430950\/","title":{"rendered":"Adaptador Blackhawk Quick Disconnect System Kit"},"content":{"rendered":"<p>El sistema de desconexi\u00f3n r\u00e1pida permite usar una funda en varias plataformas. Tambi\u00e9n proporciona ajustes sencillos de 360 grados. La funda se suelta levantando las leng\u00fcetas de desconexi\u00f3n r\u00e1pida y girando en sentido contrario a las agujas del reloj.<\/p>\n<ul>\n<li>Permite usar una funda en m\u00faltiples plataformas y ajustes sencillos de 360 grados<\/li>\n<li>Incluye dos adaptadores hembra y un adaptador macho<\/li>\n<li>La funda se libera levantando las pesta\u00f1as de desconexi\u00f3n r\u00e1pida y girando en sentido contrario a las agujas del reloj<\/li>\n<\/ul>\n","protected":false},"excerpt":{"rendered":"<ul>\n<li>Marca: <strong>Blackhawk<\/strong><\/li>\n<li>Modelo: <strong>430950<\/strong><\/li>\n<li>Categor\u00eda: <strong>Accesorios<\/strong><\/li>\n<\/ul>\n<p>El sistema de desconexi\u00f3n r\u00e1pida permite usar una funda en varias plataformas. Tambi\u00e9n proporciona ajustes sencillos de 360 grados. La funda se suelta levantando las leng\u00fcetas de desconexi\u00f3n r\u00e1pida y girando en sentido contrario a las agujas del reloj.<\/p>\n","protected":false},"featured_media":2574,"comment_status":"open","ping_status":"closed","template":"","meta":[],"product_brand":[],"product_cat":[34,32],"product_tag":[95,112],"class_list":{"0":"post-2573","1":"product","2":"type-product","3":"status-publish","4":"has-post-thumbnail","6":"product_cat-accesorios","7":"product_cat-blackhawk","8":"product_tag-accesorios","9":"product_tag-blackhawk","10":"pa_color-coyote","11":"pa_color-negro","12":"pa_color-verde","14":"first","15":"instock","16":"shipping-taxable","17":"purchasable","18":"product-type-variable"},"jetpack_sharing_enabled":true,"_links":{"self":[{"href":"https:\/\/tacticalsolutions.com.mx\/index.php\/wp-json\/wp\/v2\/product\/2573","targetHints":{"allow":["GET"]}}],"collection":[{"href":"https:\/\/tacticalsolutions.com.mx\/index.php\/wp-json\/wp\/v2\/product"}],"about":[{"href":"https:\/\/tacticalsolutions.com.mx\/index.php\/wp-json\/wp\/v2\/types\/product"}],"replies":[{"embeddable":true,"href":"https:\/\/tacticalsolutions.com.mx\/index.php\/wp-json\/wp\/v2\/comments?post=2573"}],"wp:featuredmedia":[{"embeddable":true,"href":"https:\/\/tacticalsolutions.com.mx\/index.php\/wp-json\/wp\/v2\/media\/2574"}],"wp:attachment":[{"href":"https:\/\/tacticalsolutions.com.mx\/index.php\/wp-json\/wp\/v2\/media?parent=2573"}],"wp:term":[{"taxonomy":"product_brand","embeddable":true,"href":"https:\/\/tacticalsolutions.com.mx\/index.php\/wp-json\/wp\/v2\/product_brand?post=2573"},{"taxonomy":"product_cat","embeddable":true,"href":"https:\/\/tacticalsolutions.com.mx\/index.php\/wp-json\/wp\/v2\/product_cat?post=2573"},{"taxonomy":"product_tag","embeddable":true,"href":"https:\/\/tacticalsolutions.com.mx\/index.php\/wp-json\/wp\/v2\/product_tag?post=2573"}],"curies":[{"name":"wp","href":"https:\/\/api.w.org\/{rel}","templated":true}]}}