{"id":2587,"date":"2022-03-26T23:52:24","date_gmt":"2022-03-26T23:52:24","guid":{"rendered":"https:\/\/tacticalsolutions.com.mx\/?post_type=product&#038;p=2587"},"modified":"2022-04-07T17:45:50","modified_gmt":"2022-04-07T17:45:50","slug":"chamarra-tactica-propper-3-in-1-hardshell-parka-modelo-f5436","status":"publish","type":"product","link":"https:\/\/tacticalsolutions.com.mx\/index.php\/producto\/chamarra-tactica-propper-3-in-1-hardshell-parka-modelo-f5436\/","title":{"rendered":"ChamarraPropper 3-in-1 Hardshell Parka"},"content":{"rendered":"<p>La parka Hard-Shell 3 en 1 es una prenda de abrigo que est\u00e1 lista para el trabajo. Adaptarse f\u00e1cilmente al clima. Esta parka impermeable es vers\u00e1til y puede quitarse el forro o combinarse con todo el sistema 3 en 1 para protegerse de condiciones extremas. Dos bolsillos en la cintura incluyen cierre de cremallera y bolsillo en el pecho con cierre magn\u00e9tico. Se proporcionan paneles extra\u00edbles en la espalda y el pecho para su identificaci\u00f3n.<\/p>\n<ul>\n<li>Parka: 7 oz 100% nylon \/ impermeable<\/li>\n<li>Forro polar: 6.5 oz 100% poli\u00e9ster<\/li>\n<li>Impermeable con costuras selladas<\/li>\n<li>Repelente al agua duradero (DWR) resiste la suciedad y la humedad<\/li>\n<li>Totalmente forrado con chaqueta polar extra\u00edble.<\/li>\n<li>Capucha desmontable con visera r\u00edgida extendida y cord\u00f3n el\u00e1stico<\/li>\n<li>Solapa antitormentas con cremallera Vislon\u00ae bidireccional<\/li>\n<li>Bolsillos ocultos en el pecho con paneles de identificaci\u00f3n extra\u00edbles extra\u00edbles<\/li>\n<li>Bolsillo magn\u00e9tico para documentos<\/li>\n<li>Bolsillos para las manos con forro de tricot y cierre de cremallera<\/li>\n<li>Cremallera de costura lateral bidireccional para ventilaci\u00f3n y acceso al cintur\u00f3n de trabajo.<\/li>\n<li>Panel de identificaci\u00f3n extra\u00edble en la parte posterior<\/li>\n<li>Bolsillo de descarga en la parte inferior de la espalda<\/li>\n<li>Bolsillos interiores en el pecho con pasacables<\/li>\n<li>Bolsillo de transporte forrado con bucle interno<\/li>\n<li>Miembro de NTOA probado y aprobado<\/li>\n<li>Importado<\/li>\n<\/ul>\n","protected":false},"excerpt":{"rendered":"<ul>\n<li>Marca: <strong>Propper<\/strong><\/li>\n<li>Modelo:<strong> F5436<\/strong><\/li>\n<li>Categor\u00eda: <strong>Vestuario<\/strong><\/li>\n<\/ul>\n<p>La parka Hard-Shell 3 en 1 es una prenda de abrigo que est\u00e1 lista para el trabajo. Adaptarse f\u00e1cilmente al clima. Esta parka impermeable es vers\u00e1til y puede quitarse el forro o combinarse con todo el sistema 3 en 1 para protegerse de condiciones extremas. Dos bolsillos en la cintura incluyen cierre de cremallera y bolsillo en el pecho con cierre magn\u00e9tico. Se proporcionan paneles extra\u00edbles en la espalda y el pecho para su identificaci\u00f3n.<\/p>\n<p>100% nylon<br \/>\nA prueba de agua<br \/>\nCapucha removible<br \/>\nBolsillos frontales con porta identificaci\u00f3n removible<br \/>\nBolsillos internos<\/p>\n","protected":false},"featured_media":2589,"comment_status":"open","ping_status":"closed","template":"","meta":[],"product_brand":[],"product_cat":[29,35],"product_tag":[102,42],"class_list":{"0":"post-2587","1":"product","2":"type-product","3":"status-publish","4":"has-post-thumbnail","6":"product_cat-propper","7":"product_cat-vestuario","8":"product_tag-propper","9":"product_tag-vestuario","11":"first","12":"instock","13":"shipping-taxable","14":"purchasable","15":"product-type-variable"},"jetpack_sharing_enabled":true,"_links":{"self":[{"href":"https:\/\/tacticalsolutions.com.mx\/index.php\/wp-json\/wp\/v2\/product\/2587","targetHints":{"allow":["GET"]}}],"collection":[{"href":"https:\/\/tacticalsolutions.com.mx\/index.php\/wp-json\/wp\/v2\/product"}],"about":[{"href":"https:\/\/tacticalsolutions.com.mx\/index.php\/wp-json\/wp\/v2\/types\/product"}],"replies":[{"embeddable":true,"href":"https:\/\/tacticalsolutions.com.mx\/index.php\/wp-json\/wp\/v2\/comments?post=2587"}],"wp:featuredmedia":[{"embeddable":true,"href":"https:\/\/tacticalsolutions.com.mx\/index.php\/wp-json\/wp\/v2\/media\/2589"}],"wp:attachment":[{"href":"https:\/\/tacticalsolutions.com.mx\/index.php\/wp-json\/wp\/v2\/media?parent=2587"}],"wp:term":[{"taxonomy":"product_brand","embeddable":true,"href":"https:\/\/tacticalsolutions.com.mx\/index.php\/wp-json\/wp\/v2\/product_brand?post=2587"},{"taxonomy":"product_cat","embeddable":true,"href":"https:\/\/tacticalsolutions.com.mx\/index.php\/wp-json\/wp\/v2\/product_cat?post=2587"},{"taxonomy":"product_tag","embeddable":true,"href":"https:\/\/tacticalsolutions.com.mx\/index.php\/wp-json\/wp\/v2\/product_tag?post=2587"}],"curies":[{"name":"wp","href":"https:\/\/api.w.org\/{rel}","templated":true}]}}