{"id":2594,"date":"2022-03-27T00:00:59","date_gmt":"2022-03-27T00:00:59","guid":{"rendered":"https:\/\/tacticalsolutions.com.mx\/?post_type=product&#038;p=2594"},"modified":"2022-04-07T17:50:57","modified_gmt":"2022-04-07T17:50:57","slug":"guantes-tacticos-blackhawk-f-u-r-y-utilitarian-gloves-modelo-gt001","status":"publish","type":"product","link":"https:\/\/tacticalsolutions.com.mx\/index.php\/producto\/guantes-tacticos-blackhawk-f-u-r-y-utilitarian-gloves-modelo-gt001\/","title":{"rendered":"Guantes Blackhawk F.U.R.Y. Utilitarian Gloves"},"content":{"rendered":"<p>El Blackhawk F.U.R.Y. El guante utilitario est\u00e1 dise\u00f1ado para profesionales y entusiastas por igual, est\u00e1 dise\u00f1ado para manejar una variedad de actividades y est\u00e1 fabricado con materiales sint\u00e9ticos livianos y duraderos. Una impresi\u00f3n de silicona en la palma optimiza el agarre en cualquier escenario.<\/p>\n<ul>\n<li>VERS\u00c1TIL: pantalla t\u00e1ctil compatible con tel\u00e9fonos y tabletas<\/li>\n<li>ESTABLE: la impresi\u00f3n de silicona en la palma brinda un agarre superior<\/li>\n<li>C\u00d3MODO: la palma perforada transpirable es fresca para un uso prolongado<\/li>\n<li>DURADERO: la construcci\u00f3n de nailon y gamuza sint\u00e9tica est\u00e1 dise\u00f1ada para durar<\/li>\n<\/ul>\n","protected":false},"excerpt":{"rendered":"<ul>\n<li>Marca: <strong>Blackhawk<\/strong><\/li>\n<li>Modelo:<strong> GT001<\/strong><\/li>\n<li>Categor\u00eda: <strong>Vestuario<\/strong><\/li>\n<\/ul>\n<p>El Blackhawk F.U.R.Y. El guante utilitario est\u00e1 dise\u00f1ado para profesionales y entusiastas por igual, est\u00e1 dise\u00f1ado para manejar una variedad de actividades y est\u00e1 fabricado con materiales sint\u00e9ticos livianos y duraderos. Una impresi\u00f3n de silicona en la palma optimiza el agarre en cualquier escenario.<\/p>\n","protected":false},"featured_media":2595,"comment_status":"open","ping_status":"closed","template":"","meta":[],"product_brand":[],"product_cat":[32,35],"product_tag":[112,42],"class_list":{"0":"post-2594","1":"product","2":"type-product","3":"status-publish","4":"has-post-thumbnail","6":"product_cat-blackhawk","7":"product_cat-vestuario","8":"product_tag-blackhawk","9":"product_tag-vestuario","11":"first","12":"instock","13":"shipping-taxable","14":"purchasable","15":"product-type-variable"},"jetpack_sharing_enabled":true,"_links":{"self":[{"href":"https:\/\/tacticalsolutions.com.mx\/index.php\/wp-json\/wp\/v2\/product\/2594","targetHints":{"allow":["GET"]}}],"collection":[{"href":"https:\/\/tacticalsolutions.com.mx\/index.php\/wp-json\/wp\/v2\/product"}],"about":[{"href":"https:\/\/tacticalsolutions.com.mx\/index.php\/wp-json\/wp\/v2\/types\/product"}],"replies":[{"embeddable":true,"href":"https:\/\/tacticalsolutions.com.mx\/index.php\/wp-json\/wp\/v2\/comments?post=2594"}],"wp:featuredmedia":[{"embeddable":true,"href":"https:\/\/tacticalsolutions.com.mx\/index.php\/wp-json\/wp\/v2\/media\/2595"}],"wp:attachment":[{"href":"https:\/\/tacticalsolutions.com.mx\/index.php\/wp-json\/wp\/v2\/media?parent=2594"}],"wp:term":[{"taxonomy":"product_brand","embeddable":true,"href":"https:\/\/tacticalsolutions.com.mx\/index.php\/wp-json\/wp\/v2\/product_brand?post=2594"},{"taxonomy":"product_cat","embeddable":true,"href":"https:\/\/tacticalsolutions.com.mx\/index.php\/wp-json\/wp\/v2\/product_cat?post=2594"},{"taxonomy":"product_tag","embeddable":true,"href":"https:\/\/tacticalsolutions.com.mx\/index.php\/wp-json\/wp\/v2\/product_tag?post=2594"}],"curies":[{"name":"wp","href":"https:\/\/api.w.org\/{rel}","templated":true}]}}