{"id":2604,"date":"2022-03-28T19:04:57","date_gmt":"2022-03-28T19:04:57","guid":{"rendered":"https:\/\/tacticalsolutions.com.mx\/?post_type=product&#038;p=2604"},"modified":"2022-04-07T18:07:07","modified_gmt":"2022-04-07T18:07:07","slug":"carabina-de-balines-daisy-red-ryder-modelo-1938b","status":"publish","type":"product","link":"https:\/\/tacticalsolutions.com.mx\/index.php\/producto\/carabina-de-balines-daisy-red-ryder-modelo-1938b\/","title":{"rendered":"Carabina de Balines Daisy Red Ryder"},"content":{"rendered":"<p>El rifle de aire Daisy\u00ae Red Ryder es una pistola BB liviana de acci\u00f3n de palanca. Este rifle de aire cuenta con una mira frontal de hoja y rampa y una mira trasera abierta ajustable y dispara BB calibre .177 a hasta 350 fps. Una culata y un antebrazo de madera maciza con una banda de antebrazo bru\u00f1ida y un receptor de metal estampado brindan una apariencia elegante, y un ca\u00f1\u00f3n de acero de calibre liso promueve la precisi\u00f3n de disparo. El bloque de gatillo de perno cruzado ayuda a evitar disparos accidentales.<\/p>\n<ul>\n<li>Dispara a una distancia m\u00e1xima de 195 yardas<\/li>\n<li>Acci\u00f3n de palanca<\/li>\n<li>El ca\u00f1\u00f3n de acero de di\u00e1metro interior liso promueve la precisi\u00f3n de disparo<\/li>\n<li>Para usar con BB calibre .177<\/li>\n<li>Capacidad para hasta 650 disparos.<\/li>\n<li>Logo Lariat en la culata<\/li>\n<li>Receptor de metal estampado con un anillo de montura y una correa de cuero para estilo.<\/li>\n<li>La mira frontal de hoja y rampa y una mira trasera abierta ajustable ayudan a los tiradores a dar en el blanco.<\/li>\n<li>Culata y antebrazo de madera maciza te\u00f1ida con banda de antebrazo bru\u00f1ida<\/li>\n<li>Bloque de gatillo de perno cruzado<\/li>\n<\/ul>\n","protected":false},"excerpt":{"rendered":"<ul>\n<li>Marca:<strong> Daisy<\/strong><\/li>\n<li>Modelo: <strong>1938B<\/strong><\/li>\n<li>Categor\u00eda: <strong>Accesorios<\/strong><\/li>\n<\/ul>\n<p>El rifle de aire Daisy\u00ae Red Ryder es una pistola BB liviana de acci\u00f3n de palanca. Este rifle de aire cuenta con una mira frontal de hoja y rampa y una mira trasera abierta ajustable y dispara BB calibre .177 a hasta 350 fps. Una culata y un antebrazo de madera maciza con una banda de antebrazo bru\u00f1ida y un receptor de metal estampado brindan una apariencia elegante, y un ca\u00f1\u00f3n de acero de calibre liso promueve la precisi\u00f3n de disparo. El bloque de gatillo de perno cruzado ayuda a evitar disparos accidentales.<\/p>\n","protected":false},"featured_media":2606,"comment_status":"open","ping_status":"closed","template":"","meta":[],"product_brand":[],"product_cat":[34,104],"product_tag":[95,105],"class_list":{"0":"post-2604","1":"product","2":"type-product","3":"status-publish","4":"has-post-thumbnail","6":"product_cat-accesorios","7":"product_cat-daisy","8":"product_tag-accesorios","9":"product_tag-daisy","11":"first","12":"instock","13":"shipping-taxable","14":"purchasable","15":"product-type-simple"},"jetpack_sharing_enabled":true,"_links":{"self":[{"href":"https:\/\/tacticalsolutions.com.mx\/index.php\/wp-json\/wp\/v2\/product\/2604","targetHints":{"allow":["GET"]}}],"collection":[{"href":"https:\/\/tacticalsolutions.com.mx\/index.php\/wp-json\/wp\/v2\/product"}],"about":[{"href":"https:\/\/tacticalsolutions.com.mx\/index.php\/wp-json\/wp\/v2\/types\/product"}],"replies":[{"embeddable":true,"href":"https:\/\/tacticalsolutions.com.mx\/index.php\/wp-json\/wp\/v2\/comments?post=2604"}],"wp:featuredmedia":[{"embeddable":true,"href":"https:\/\/tacticalsolutions.com.mx\/index.php\/wp-json\/wp\/v2\/media\/2606"}],"wp:attachment":[{"href":"https:\/\/tacticalsolutions.com.mx\/index.php\/wp-json\/wp\/v2\/media?parent=2604"}],"wp:term":[{"taxonomy":"product_brand","embeddable":true,"href":"https:\/\/tacticalsolutions.com.mx\/index.php\/wp-json\/wp\/v2\/product_brand?post=2604"},{"taxonomy":"product_cat","embeddable":true,"href":"https:\/\/tacticalsolutions.com.mx\/index.php\/wp-json\/wp\/v2\/product_cat?post=2604"},{"taxonomy":"product_tag","embeddable":true,"href":"https:\/\/tacticalsolutions.com.mx\/index.php\/wp-json\/wp\/v2\/product_tag?post=2604"}],"curies":[{"name":"wp","href":"https:\/\/api.w.org\/{rel}","templated":true}]}}