{"id":2607,"date":"2022-03-28T19:18:58","date_gmt":"2022-03-28T19:18:58","guid":{"rendered":"https:\/\/tacticalsolutions.com.mx\/?post_type=product&#038;p=2607"},"modified":"2022-04-07T18:08:16","modified_gmt":"2022-04-07T18:08:16","slug":"bote-de-2400-rondas-de-balines-daisy","status":"publish","type":"product","link":"https:\/\/tacticalsolutions.com.mx\/index.php\/producto\/bote-de-2400-rondas-de-balines-daisy\/","title":{"rendered":"Bote de 2400 Rondas de Balines Daisy"},"content":{"rendered":"<p>Esta pr\u00e1ctica botella de pl\u00e1stico tiene capacidad para 2400 BB Daisy de acero galvanizado, suficientes para hacer feliz a cualquier tirador. La tapa abatible tiene una abertura grande y otra peque\u00f1a.<\/p>\n<ul>\n<li>Dise\u00f1o ultrasuave<\/li>\n<li>Pr\u00e1ctica botella de pl\u00e1stico con tapa que se puede volver a cerrar y dise\u00f1o f\u00e1cil de verter<\/li>\n<li>BB calibre .177 (4,5 mm)<\/li>\n<li>Construcci\u00f3n galvanizada<\/li>\n<\/ul>\n","protected":false},"excerpt":{"rendered":"<ul>\n<li>Marca: <strong>Daisy<\/strong><\/li>\n<li>Categor\u00eda: <strong>Accesorios<\/strong><\/li>\n<\/ul>\n<p>Esta pr\u00e1ctica botella de pl\u00e1stico tiene capacidad para 2400 BB Daisy de acero galvanizado, suficientes para hacer feliz a cualquier tirador. La tapa abatible tiene una abertura grande y otra peque\u00f1a.<\/p>\n","protected":false},"featured_media":2608,"comment_status":"open","ping_status":"closed","template":"","meta":[],"product_brand":[],"product_cat":[34,104],"product_tag":[95,105],"class_list":{"0":"post-2607","1":"product","2":"type-product","3":"status-publish","4":"has-post-thumbnail","6":"product_cat-accesorios","7":"product_cat-daisy","8":"product_tag-accesorios","9":"product_tag-daisy","11":"first","12":"instock","13":"shipping-taxable","14":"purchasable","15":"product-type-simple"},"jetpack_sharing_enabled":true,"_links":{"self":[{"href":"https:\/\/tacticalsolutions.com.mx\/index.php\/wp-json\/wp\/v2\/product\/2607","targetHints":{"allow":["GET"]}}],"collection":[{"href":"https:\/\/tacticalsolutions.com.mx\/index.php\/wp-json\/wp\/v2\/product"}],"about":[{"href":"https:\/\/tacticalsolutions.com.mx\/index.php\/wp-json\/wp\/v2\/types\/product"}],"replies":[{"embeddable":true,"href":"https:\/\/tacticalsolutions.com.mx\/index.php\/wp-json\/wp\/v2\/comments?post=2607"}],"wp:featuredmedia":[{"embeddable":true,"href":"https:\/\/tacticalsolutions.com.mx\/index.php\/wp-json\/wp\/v2\/media\/2608"}],"wp:attachment":[{"href":"https:\/\/tacticalsolutions.com.mx\/index.php\/wp-json\/wp\/v2\/media?parent=2607"}],"wp:term":[{"taxonomy":"product_brand","embeddable":true,"href":"https:\/\/tacticalsolutions.com.mx\/index.php\/wp-json\/wp\/v2\/product_brand?post=2607"},{"taxonomy":"product_cat","embeddable":true,"href":"https:\/\/tacticalsolutions.com.mx\/index.php\/wp-json\/wp\/v2\/product_cat?post=2607"},{"taxonomy":"product_tag","embeddable":true,"href":"https:\/\/tacticalsolutions.com.mx\/index.php\/wp-json\/wp\/v2\/product_tag?post=2607"}],"curies":[{"name":"wp","href":"https:\/\/api.w.org\/{rel}","templated":true}]}}