{"id":2609,"date":"2022-03-28T19:34:31","date_gmt":"2022-03-28T19:34:31","guid":{"rendered":"https:\/\/tacticalsolutions.com.mx\/?post_type=product&#038;p=2609"},"modified":"2022-04-07T18:09:25","modified_gmt":"2022-04-07T18:09:25","slug":"kit-de-marcadora-co2-crosman-p10-kit-bb-modelo-p10kt","status":"publish","type":"product","link":"https:\/\/tacticalsolutions.com.mx\/index.php\/producto\/kit-de-marcadora-co2-crosman-p10-kit-bb-modelo-p10kt\/","title":{"rendered":"Kit de Marcadora CO2 Crosman P10 Kit (BB)"},"content":{"rendered":"<p>Juego Crosman\u00ae P10 (BB)<\/p>\n<p>Pistola de aire BB semiautom\u00e1tica alimentada por CO\u2082 con CO2, BB y gafas de tiro<\/p>\n<ul>\n<li>Barril de acero<\/li>\n<li>Agarre extra\u00edble para un f\u00e1cil reemplazo de CO2<\/li>\n<li>Liberaci\u00f3n r\u00e1pida, cargador de ca\u00edda de 20 rondas<\/li>\n<li>Riel accesorio debajo del ca\u00f1\u00f3n<\/li>\n<li>Sistema de mira de hoja fija y muesca<\/li>\n<li>Incluye P10, Copperhead BBs, 2 cartuchos de CO2 y gafas de tiro.<\/li>\n<\/ul>\n","protected":false},"excerpt":{"rendered":"<ul>\n<li>Marca:<strong> Crosman<\/strong><\/li>\n<li>Modelo: <strong>P10KT<\/strong><\/li>\n<li>Categor\u00eda: <strong>Accesorios<\/strong><\/li>\n<\/ul>\n<p>Juego Crosman\u00ae P10 (BB)<\/p>\n<p>Pistola de aire BB semiautom\u00e1tica alimentada por CO\u2082 con CO2, BB y gafas de tiro<\/p>\n","protected":false},"featured_media":2610,"comment_status":"open","ping_status":"closed","template":"","meta":[],"product_brand":[],"product_cat":[34,97],"product_tag":[95,99],"class_list":{"0":"post-2609","1":"product","2":"type-product","3":"status-publish","4":"has-post-thumbnail","6":"product_cat-accesorios","7":"product_cat-crosman","8":"product_tag-accesorios","9":"product_tag-crosman","11":"first","12":"instock","13":"shipping-taxable","14":"purchasable","15":"product-type-simple"},"jetpack_sharing_enabled":true,"_links":{"self":[{"href":"https:\/\/tacticalsolutions.com.mx\/index.php\/wp-json\/wp\/v2\/product\/2609","targetHints":{"allow":["GET"]}}],"collection":[{"href":"https:\/\/tacticalsolutions.com.mx\/index.php\/wp-json\/wp\/v2\/product"}],"about":[{"href":"https:\/\/tacticalsolutions.com.mx\/index.php\/wp-json\/wp\/v2\/types\/product"}],"replies":[{"embeddable":true,"href":"https:\/\/tacticalsolutions.com.mx\/index.php\/wp-json\/wp\/v2\/comments?post=2609"}],"wp:featuredmedia":[{"embeddable":true,"href":"https:\/\/tacticalsolutions.com.mx\/index.php\/wp-json\/wp\/v2\/media\/2610"}],"wp:attachment":[{"href":"https:\/\/tacticalsolutions.com.mx\/index.php\/wp-json\/wp\/v2\/media?parent=2609"}],"wp:term":[{"taxonomy":"product_brand","embeddable":true,"href":"https:\/\/tacticalsolutions.com.mx\/index.php\/wp-json\/wp\/v2\/product_brand?post=2609"},{"taxonomy":"product_cat","embeddable":true,"href":"https:\/\/tacticalsolutions.com.mx\/index.php\/wp-json\/wp\/v2\/product_cat?post=2609"},{"taxonomy":"product_tag","embeddable":true,"href":"https:\/\/tacticalsolutions.com.mx\/index.php\/wp-json\/wp\/v2\/product_tag?post=2609"}],"curies":[{"name":"wp","href":"https:\/\/api.w.org\/{rel}","templated":true}]}}