{"id":2630,"date":"2022-03-30T17:54:41","date_gmt":"2022-03-30T17:54:41","guid":{"rendered":"https:\/\/tacticalsolutions.com.mx\/?post_type=product&#038;p=2630"},"modified":"2022-04-07T18:28:58","modified_gmt":"2022-04-07T18:28:58","slug":"kit-de-limpieza-para-armas-redfield-28-piece-eva-pistol-cleaning-kit-modelo-164384","status":"publish","type":"product","link":"https:\/\/tacticalsolutions.com.mx\/index.php\/producto\/kit-de-limpieza-para-armas-redfield-28-piece-eva-pistol-cleaning-kit-modelo-164384\/","title":{"rendered":"Kit de Limpieza para Armas Redfield 28-Piece EVA Pistol Cleaning Kit"},"content":{"rendered":"<p>Mantenga su pistola en perfectas condiciones con la ayuda del kit de limpieza de pistola EVA de 28 piezas de Redfield. Dise\u00f1ado para pistolas calibre .22 a .45, el kit incluye 28 herramientas esenciales para la limpieza y el mantenimiento. Un estuche de nailon suave proporciona un c\u00f3modo almacenamiento de bandoleras extra\u00edbles y bolsas de accesorios para organizar.<\/p>\n<ul>\n<li>28 piezas incluyen varillas, cepillos, trapeadores, una gu\u00eda de perforaci\u00f3n, parches y un juego de destornilladores de 6 piezas<\/li>\n<li>Estuche de nailon suave que facilita la portabilidad<\/li>\n<li>Limpia pistolas calibre .22 a .45<\/li>\n<li>El mango h\u00edbrido funciona como un mango de cord\u00f3n, un mango de varilla s\u00f3lida y un destornillador<\/li>\n<li>Las bandoleras extra\u00edbles y los bolsillos para accesorios facilitan la b\u00fasqueda de la herramienta que necesita<\/li>\n<\/ul>\n","protected":false},"excerpt":{"rendered":"<ul>\n<li>Marca: <strong>Redfield<\/strong><\/li>\n<li>Modelo: <strong>164384<\/strong><\/li>\n<li>Categor\u00eda: <strong>Accesorios<\/strong><\/li>\n<\/ul>\n<p>Mantenga su pistola en perfectas condiciones con la ayuda del kit de limpieza de pistola EVA de 28 piezas de Redfield. Dise\u00f1ado para pistolas calibre .22 a .45, el kit incluye 28 herramientas esenciales para la limpieza y el mantenimiento. Un estuche de nailon suave proporciona un c\u00f3modo almacenamiento de bandoleras extra\u00edbles y bolsas de accesorios para organizar.<\/p>\n","protected":false},"featured_media":2631,"comment_status":"open","ping_status":"closed","template":"","meta":[],"product_brand":[],"product_cat":[34,115],"product_tag":[95,116],"class_list":{"0":"post-2630","1":"product","2":"type-product","3":"status-publish","4":"has-post-thumbnail","6":"product_cat-accesorios","7":"product_cat-redfield","8":"product_tag-accesorios","9":"product_tag-redfield","11":"first","12":"instock","13":"shipping-taxable","14":"purchasable","15":"product-type-simple"},"jetpack_sharing_enabled":true,"_links":{"self":[{"href":"https:\/\/tacticalsolutions.com.mx\/index.php\/wp-json\/wp\/v2\/product\/2630","targetHints":{"allow":["GET"]}}],"collection":[{"href":"https:\/\/tacticalsolutions.com.mx\/index.php\/wp-json\/wp\/v2\/product"}],"about":[{"href":"https:\/\/tacticalsolutions.com.mx\/index.php\/wp-json\/wp\/v2\/types\/product"}],"replies":[{"embeddable":true,"href":"https:\/\/tacticalsolutions.com.mx\/index.php\/wp-json\/wp\/v2\/comments?post=2630"}],"wp:featuredmedia":[{"embeddable":true,"href":"https:\/\/tacticalsolutions.com.mx\/index.php\/wp-json\/wp\/v2\/media\/2631"}],"wp:attachment":[{"href":"https:\/\/tacticalsolutions.com.mx\/index.php\/wp-json\/wp\/v2\/media?parent=2630"}],"wp:term":[{"taxonomy":"product_brand","embeddable":true,"href":"https:\/\/tacticalsolutions.com.mx\/index.php\/wp-json\/wp\/v2\/product_brand?post=2630"},{"taxonomy":"product_cat","embeddable":true,"href":"https:\/\/tacticalsolutions.com.mx\/index.php\/wp-json\/wp\/v2\/product_cat?post=2630"},{"taxonomy":"product_tag","embeddable":true,"href":"https:\/\/tacticalsolutions.com.mx\/index.php\/wp-json\/wp\/v2\/product_tag?post=2630"}],"curies":[{"name":"wp","href":"https:\/\/api.w.org\/{rel}","templated":true}]}}