{"id":2650,"date":"2022-03-31T18:35:44","date_gmt":"2022-03-31T18:35:44","guid":{"rendered":"https:\/\/tacticalsolutions.com.mx\/?post_type=product&#038;p=2650"},"modified":"2022-04-07T21:58:36","modified_gmt":"2022-04-07T21:58:36","slug":"chaleco-tactico-blackhawk-omega-elite-tactical-vest-1-modelo-30ev03","status":"publish","type":"product","link":"https:\/\/tacticalsolutions.com.mx\/index.php\/producto\/chaleco-tactico-blackhawk-omega-elite-tactical-vest-1-modelo-30ev03\/","title":{"rendered":"Chaleco Blackhawk Omega Elite Tactical Vest #1"},"content":{"rendered":"<p>Dise\u00f1ado con el aporte de operadores de \u00e9lite, el chaleco t\u00e1ctico #1 viene completo con bolsillos cosidos en el frente y S.T.R.I.K.E. cinta en la espalda. Seis portacargadores M16\/M4 tienen capacidad para 12 cargadores.<\/p>\n<ul>\n<li>Ajustable en longitud y circunferencia (hasta 6&#8243; de longitud y 32&#8243; de circunferencia)<\/li>\n<li>Cremallera YKK\u00ae resistente y hebillas de liberaci\u00f3n lateral para ponerse y quitarse r\u00e1pidamente<\/li>\n<li>Trabillas para cintur\u00f3n que aseguran el chaleco al cintur\u00f3n tejido<\/li>\n<li>Asa de arrastre reforzada para la evacuaci\u00f3n del operador en caso de lesi\u00f3n<\/li>\n<li>Cinta S.T.R.I.K.E.\u00ae para sujetar bolsas o accesorios<\/li>\n<li>Fabricado con malla de nailon resistente para una m\u00e1xima transpirabilidad.<\/li>\n<li>Hombros antideslizantes acolchados para chaleco totalmente ambidiestro<\/li>\n<li>Dos grandes bolsillos internos con cremallera para accesorios en ambos paneles frontales (8.5&#8243; H x 10&#8243; W)<\/li>\n<li>Bolsas para revistas con solapas ajustables para revistas altas o cortas<\/li>\n<li>Dos bolsas de accesorios horizontales<\/li>\n<li>Seis bolsas para cargadores M16\/M4 tienen capacidad para 12 cargadores en total<\/li>\n<li>Incluye tira de perdigones extra\u00edble<\/li>\n<li>Tira de gancho y bucle para I.D. Parche<\/li>\n<\/ul>\n","protected":false},"excerpt":{"rendered":"<ul>\n<li>Marca: <strong>Blackhawk<\/strong><\/li>\n<li>Modelo: <strong>30EV03<\/strong><\/li>\n<li>Categor\u00eda: <strong>Vestuario<\/strong><\/li>\n<\/ul>\n<p>Dise\u00f1ado con el aporte de operadores de \u00e9lite, el chaleco t\u00e1ctico #1 viene completo con bolsillos cosidos en el frente y S.T.R.I.K.E. cinta en la espalda. Seis portacargadores M16\/M4 tienen capacidad para 12 cargadores.<\/p>\n","protected":false},"featured_media":2653,"comment_status":"open","ping_status":"closed","template":"","meta":[],"product_brand":[],"product_cat":[32,35],"product_tag":[112,42],"class_list":{"0":"post-2650","1":"product","2":"type-product","3":"status-publish","4":"has-post-thumbnail","6":"product_cat-blackhawk","7":"product_cat-vestuario","8":"product_tag-blackhawk","9":"product_tag-vestuario","10":"pa_color-kaki","11":"pa_color-negro","12":"pa_color-verde","14":"first","15":"instock","16":"shipping-taxable","17":"purchasable","18":"product-type-variable"},"jetpack_sharing_enabled":true,"_links":{"self":[{"href":"https:\/\/tacticalsolutions.com.mx\/index.php\/wp-json\/wp\/v2\/product\/2650","targetHints":{"allow":["GET"]}}],"collection":[{"href":"https:\/\/tacticalsolutions.com.mx\/index.php\/wp-json\/wp\/v2\/product"}],"about":[{"href":"https:\/\/tacticalsolutions.com.mx\/index.php\/wp-json\/wp\/v2\/types\/product"}],"replies":[{"embeddable":true,"href":"https:\/\/tacticalsolutions.com.mx\/index.php\/wp-json\/wp\/v2\/comments?post=2650"}],"wp:featuredmedia":[{"embeddable":true,"href":"https:\/\/tacticalsolutions.com.mx\/index.php\/wp-json\/wp\/v2\/media\/2653"}],"wp:attachment":[{"href":"https:\/\/tacticalsolutions.com.mx\/index.php\/wp-json\/wp\/v2\/media?parent=2650"}],"wp:term":[{"taxonomy":"product_brand","embeddable":true,"href":"https:\/\/tacticalsolutions.com.mx\/index.php\/wp-json\/wp\/v2\/product_brand?post=2650"},{"taxonomy":"product_cat","embeddable":true,"href":"https:\/\/tacticalsolutions.com.mx\/index.php\/wp-json\/wp\/v2\/product_cat?post=2650"},{"taxonomy":"product_tag","embeddable":true,"href":"https:\/\/tacticalsolutions.com.mx\/index.php\/wp-json\/wp\/v2\/product_tag?post=2650"}],"curies":[{"name":"wp","href":"https:\/\/api.w.org\/{rel}","templated":true}]}}