{"id":2657,"date":"2022-04-01T22:42:46","date_gmt":"2022-04-01T22:42:46","guid":{"rendered":"https:\/\/tacticalsolutions.com.mx\/?post_type=product&#038;p=2657"},"modified":"2024-02-19T14:17:16","modified_gmt":"2024-02-19T14:17:16","slug":"bolsa-tactica-5-11-6-x-6-med-pouch-modelo-58715","status":"publish","type":"product","link":"https:\/\/tacticalsolutions.com.mx\/index.php\/producto\/bolsa-tactica-5-11-6-x-6-med-pouch-modelo-58715\/","title":{"rendered":"Bolsa T\u00e1ctica 5.11 6 x 6 Med Pouch"},"content":{"rendered":"<p>El 6.6 Medic Pouch se integra a la perfecci\u00f3n con las bolsas, mochilas y bolsas de lona 5.11\u00ae, lo que brinda una soluci\u00f3n de primeros auxilios r\u00e1pida y eficiente para cualquier aplicaci\u00f3n o entorno.<\/p>\n<ul>\n<li>5.11 Bolsa m\u00e9dica SlickStick\u00ae \/MOLLE<\/li>\n<li>Se integra con bolsas, mochilas y bolsos de lona 5.11\u00ae<\/li>\n<li>Bolsillos internos de malla de tama\u00f1o para equipo EMT<\/li>\n<li>N500D<\/li>\n<li>Compatibilidad con plataformas web universales<\/li>\n<li>Empu\u00f1adura de cremallera moldeada<\/li>\n<li>Cruz de primeros auxilios prominente en la parte delantera<\/li>\n<li>Hardware de cremallera YKK\u00ae<\/li>\n<li>Importado<\/li>\n<\/ul>\n","protected":false},"excerpt":{"rendered":"<ul>\n<li>Marca: <strong>5.11<\/strong><\/li>\n<li>Modelo: <strong>58715<\/strong><\/li>\n<li>Categor\u00eda: <strong>Accesorios<\/strong><\/li>\n<\/ul>\n<p>El 6.6 Medic Pouch se integra a la perfecci\u00f3n con las bolsas, mochilas y bolsas de lona 5.11\u00ae, lo que brinda una soluci\u00f3n de primeros auxilios r\u00e1pida y eficiente para cualquier aplicaci\u00f3n o entorno.<\/p>\n","protected":false},"featured_media":2658,"comment_status":"open","ping_status":"closed","template":"","meta":[],"product_brand":[],"product_cat":[25,34],"product_tag":[40,95],"class_list":{"0":"post-2657","1":"product","2":"type-product","3":"status-publish","4":"has-post-thumbnail","6":"product_cat-5-11","7":"product_cat-accesorios","8":"product_tag-5-11","9":"product_tag-accesorios","11":"first","12":"instock","13":"shipping-taxable","14":"purchasable","15":"product-type-simple"},"jetpack_sharing_enabled":true,"_links":{"self":[{"href":"https:\/\/tacticalsolutions.com.mx\/index.php\/wp-json\/wp\/v2\/product\/2657","targetHints":{"allow":["GET"]}}],"collection":[{"href":"https:\/\/tacticalsolutions.com.mx\/index.php\/wp-json\/wp\/v2\/product"}],"about":[{"href":"https:\/\/tacticalsolutions.com.mx\/index.php\/wp-json\/wp\/v2\/types\/product"}],"replies":[{"embeddable":true,"href":"https:\/\/tacticalsolutions.com.mx\/index.php\/wp-json\/wp\/v2\/comments?post=2657"}],"wp:featuredmedia":[{"embeddable":true,"href":"https:\/\/tacticalsolutions.com.mx\/index.php\/wp-json\/wp\/v2\/media\/2658"}],"wp:attachment":[{"href":"https:\/\/tacticalsolutions.com.mx\/index.php\/wp-json\/wp\/v2\/media?parent=2657"}],"wp:term":[{"taxonomy":"product_brand","embeddable":true,"href":"https:\/\/tacticalsolutions.com.mx\/index.php\/wp-json\/wp\/v2\/product_brand?post=2657"},{"taxonomy":"product_cat","embeddable":true,"href":"https:\/\/tacticalsolutions.com.mx\/index.php\/wp-json\/wp\/v2\/product_cat?post=2657"},{"taxonomy":"product_tag","embeddable":true,"href":"https:\/\/tacticalsolutions.com.mx\/index.php\/wp-json\/wp\/v2\/product_tag?post=2657"}],"curies":[{"name":"wp","href":"https:\/\/api.w.org\/{rel}","templated":true}]}}