{"id":2662,"date":"2022-04-01T22:49:33","date_gmt":"2022-04-01T22:49:33","guid":{"rendered":"https:\/\/tacticalsolutions.com.mx\/?post_type=product&#038;p=2662"},"modified":"2023-06-16T23:43:26","modified_gmt":"2023-06-16T23:43:26","slug":"coderas-tacticas-5-11-exo-e1-elbow-pads-modelo-50360","status":"publish","type":"product","link":"https:\/\/tacticalsolutions.com.mx\/index.php\/producto\/coderas-tacticas-5-11-exo-e1-elbow-pads-modelo-50360\/","title":{"rendered":"Coderas 5.11 EXO.E1 Elbow Pads"},"content":{"rendered":"<p>Cuando est\u00e1s en modo de entrenamiento completo en el campo de tiro, lo \u00faltimo en lo que quieres pensar es en despellejarte o lastimarte los codos. Con la nueva codera EXO.E1 de 5.11, no tendr\u00e1s que hacerlo. Su tapa moldeada y flexible tiene tracci\u00f3n incorporada para mayor estabilidad y una almohadilla de espuma EVA debajo para absorci\u00f3n de impactos y protecci\u00f3n adicional. La almohadilla para el codo cuenta con correas tejidas gruesas para un ajuste seguro, y las correas antideslizantes ajustables est\u00e1n dise\u00f1adas para permanecer en su lugar sin resbalar. Ahora, conc\u00e9ntrate en colocarte en cualquier posici\u00f3n de disparo de forma r\u00e1pida, segura y c\u00f3moda.<\/p>\n<ul>\n<li>Tapa moldeada y flexible con tracci\u00f3n incorporada<\/li>\n<li>Almohadilla de espuma EVA<\/li>\n<li>Correas ajustables y antideslizantes.<\/li>\n<li>Importado<\/li>\n<\/ul>\n","protected":false},"excerpt":{"rendered":"<ul>\n<li>Marca: <strong>5.11<\/strong><\/li>\n<li>Modelo: <strong>50360<\/strong><\/li>\n<li>Categor\u00eda: <strong>Accesorios<\/strong><\/li>\n<\/ul>\n<p>Cuando est\u00e1s en modo de entrenamiento completo en el campo de tiro, lo \u00faltimo en lo que quieres pensar es en despellejarte o lastimarte los codos. Con la nueva codera EXO.E1 de 5.11, no tendr\u00e1s que hacerlo. Su tapa moldeada y flexible tiene tracci\u00f3n incorporada para mayor estabilidad y una almohadilla de espuma EVA debajo para absorci\u00f3n de impactos y protecci\u00f3n adicional. La almohadilla para el codo cuenta con correas tejidas gruesas para un ajuste seguro, y las correas antideslizantes ajustables est\u00e1n dise\u00f1adas para permanecer en su lugar sin resbalar. Ahora, conc\u00e9ntrate en colocarte en cualquier posici\u00f3n de disparo de forma r\u00e1pida, segura y c\u00f3moda.<\/p>\n","protected":false},"featured_media":2663,"comment_status":"open","ping_status":"closed","template":"","meta":[],"product_brand":[],"product_cat":[25,34],"product_tag":[40,95],"class_list":{"0":"post-2662","1":"product","2":"type-product","3":"status-publish","4":"has-post-thumbnail","6":"product_cat-5-11","7":"product_cat-accesorios","8":"product_tag-5-11","9":"product_tag-accesorios","11":"first","12":"instock","13":"shipping-taxable","14":"purchasable","15":"product-type-simple"},"jetpack_sharing_enabled":true,"_links":{"self":[{"href":"https:\/\/tacticalsolutions.com.mx\/index.php\/wp-json\/wp\/v2\/product\/2662","targetHints":{"allow":["GET"]}}],"collection":[{"href":"https:\/\/tacticalsolutions.com.mx\/index.php\/wp-json\/wp\/v2\/product"}],"about":[{"href":"https:\/\/tacticalsolutions.com.mx\/index.php\/wp-json\/wp\/v2\/types\/product"}],"replies":[{"embeddable":true,"href":"https:\/\/tacticalsolutions.com.mx\/index.php\/wp-json\/wp\/v2\/comments?post=2662"}],"wp:featuredmedia":[{"embeddable":true,"href":"https:\/\/tacticalsolutions.com.mx\/index.php\/wp-json\/wp\/v2\/media\/2663"}],"wp:attachment":[{"href":"https:\/\/tacticalsolutions.com.mx\/index.php\/wp-json\/wp\/v2\/media?parent=2662"}],"wp:term":[{"taxonomy":"product_brand","embeddable":true,"href":"https:\/\/tacticalsolutions.com.mx\/index.php\/wp-json\/wp\/v2\/product_brand?post=2662"},{"taxonomy":"product_cat","embeddable":true,"href":"https:\/\/tacticalsolutions.com.mx\/index.php\/wp-json\/wp\/v2\/product_cat?post=2662"},{"taxonomy":"product_tag","embeddable":true,"href":"https:\/\/tacticalsolutions.com.mx\/index.php\/wp-json\/wp\/v2\/product_tag?post=2662"}],"curies":[{"name":"wp","href":"https:\/\/api.w.org\/{rel}","templated":true}]}}