{"id":2666,"date":"2022-04-01T22:52:57","date_gmt":"2022-04-01T22:52:57","guid":{"rendered":"https:\/\/tacticalsolutions.com.mx\/?post_type=product&#038;p=2666"},"modified":"2022-04-07T22:14:13","modified_gmt":"2022-04-07T22:14:13","slug":"guantes-tacticos-5-11-hard-times-2-glove-modelo-59379","status":"publish","type":"product","link":"https:\/\/tacticalsolutions.com.mx\/index.php\/producto\/guantes-tacticos-5-11-hard-times-2-glove-modelo-59379\/","title":{"rendered":"Guantes 5.11 Hard Times 2 Glove"},"content":{"rendered":"<p>Hard Times 2 Glove brinda a los operadores una protecci\u00f3n fuerte y confiable en los nudillos. Y la palma de cuero con pantalla t\u00e1ctil significa que nunca te sentir\u00e1s desconectado. Incluso en los entornos de misi\u00f3n m\u00e1s duros, este guante hace un esfuerzo adicional para mantener sus manos seguras y receptivas.<\/p>\n<ul>\n<li>Nudillo duro moldeado de dos piezas para una protecci\u00f3n ergon\u00f3mica contra impactos<\/li>\n<li>Palma de piel de cabra con pantalla t\u00e1ctil<\/li>\n<li>Top transpirable el\u00e1stico en 4 direcciones<\/li>\n<li>Cierre de mu\u00f1eca con velcro ajustable<\/li>\n<li>Dedos \u00edndice y medio cortados en anillo<\/li>\n<li>Panel para limpiar el sudor en el pulgar<\/li>\n<li>Costura del pu\u00f1o reforzada\/leng\u00fceta para tirar<\/li>\n<li>compatible con TAA<\/li>\n<li>Importado<\/li>\n<\/ul>\n","protected":false},"excerpt":{"rendered":"<ul>\n<li>Marca:<strong> 5.11\u00a0<\/strong><\/li>\n<li>Modelo: <strong>59379<\/strong><\/li>\n<li>Categor\u00eda: <strong>Vestuario<\/strong><\/li>\n<\/ul>\n<p>Hard Times 2 Glove brinda a los operadores una protecci\u00f3n fuerte y confiable en los nudillos. Y la palma de cuero con pantalla t\u00e1ctil significa que nunca te sentir\u00e1s desconectado. Incluso en los entornos de misi\u00f3n m\u00e1s duros, este guante hace un esfuerzo adicional para mantener sus manos seguras y receptivas.<\/p>\n","protected":false},"featured_media":2667,"comment_status":"open","ping_status":"closed","template":"","meta":[],"product_brand":[],"product_cat":[25,35],"product_tag":[40,42],"class_list":{"0":"post-2666","1":"product","2":"type-product","3":"status-publish","4":"has-post-thumbnail","6":"product_cat-5-11","7":"product_cat-vestuario","8":"product_tag-5-11","9":"product_tag-vestuario","11":"first","12":"instock","13":"shipping-taxable","14":"purchasable","15":"product-type-variable"},"jetpack_sharing_enabled":true,"_links":{"self":[{"href":"https:\/\/tacticalsolutions.com.mx\/index.php\/wp-json\/wp\/v2\/product\/2666","targetHints":{"allow":["GET"]}}],"collection":[{"href":"https:\/\/tacticalsolutions.com.mx\/index.php\/wp-json\/wp\/v2\/product"}],"about":[{"href":"https:\/\/tacticalsolutions.com.mx\/index.php\/wp-json\/wp\/v2\/types\/product"}],"replies":[{"embeddable":true,"href":"https:\/\/tacticalsolutions.com.mx\/index.php\/wp-json\/wp\/v2\/comments?post=2666"}],"wp:featuredmedia":[{"embeddable":true,"href":"https:\/\/tacticalsolutions.com.mx\/index.php\/wp-json\/wp\/v2\/media\/2667"}],"wp:attachment":[{"href":"https:\/\/tacticalsolutions.com.mx\/index.php\/wp-json\/wp\/v2\/media?parent=2666"}],"wp:term":[{"taxonomy":"product_brand","embeddable":true,"href":"https:\/\/tacticalsolutions.com.mx\/index.php\/wp-json\/wp\/v2\/product_brand?post=2666"},{"taxonomy":"product_cat","embeddable":true,"href":"https:\/\/tacticalsolutions.com.mx\/index.php\/wp-json\/wp\/v2\/product_cat?post=2666"},{"taxonomy":"product_tag","embeddable":true,"href":"https:\/\/tacticalsolutions.com.mx\/index.php\/wp-json\/wp\/v2\/product_tag?post=2666"}],"curies":[{"name":"wp","href":"https:\/\/api.w.org\/{rel}","templated":true}]}}