{"id":2669,"date":"2022-04-01T22:57:17","date_gmt":"2022-04-01T22:57:17","guid":{"rendered":"https:\/\/tacticalsolutions.com.mx\/?post_type=product&#038;p=2669"},"modified":"2022-04-07T22:15:01","modified_gmt":"2022-04-07T22:15:01","slug":"guante-tactico-5-11-high-abrasion-tac-glove-modelo-59371","status":"publish","type":"product","link":"https:\/\/tacticalsolutions.com.mx\/index.php\/producto\/guante-tactico-5-11-high-abrasion-tac-glove-modelo-59371\/","title":{"rendered":"Guante 5.11 High Abrasion Tac Glove"},"content":{"rendered":"<p>El TAC de alta abrasi\u00f3n 5.11 presenta una palma de gamuza s\u00faper sint\u00e9tica que puede manejar cualquier tarea formidable, ya sea en combate o en el sitio de construcci\u00f3n. Mant\u00e9ngalo real con el TAC de alta abrasi\u00f3n. Importado.<\/p>\n<ul>\n<li>Palma de gamuza sint\u00e9tica de alta abrasi\u00f3n (m\u00e1s de 4000 ciclos ASTM D3884)<\/li>\n<li>Top transpirable el\u00e1stico en 4 direcciones<\/li>\n<li>Cierre de mu\u00f1eca con velcro ajustable<\/li>\n<li>Corte anular de los dedos pulgar, \u00edndice y medio<\/li>\n<li>nudillo acolchado<\/li>\n<li>Leng\u00fceta para tirar de la cincha\/lazo para colgar<\/li>\n<li>compatible con TAA<\/li>\n<\/ul>\n","protected":false},"excerpt":{"rendered":"<ul>\n<li>Marca: <strong>5.11\u00a0<\/strong><\/li>\n<li>Modelo: <strong>59371<\/strong><\/li>\n<li>Categor\u00eda: <strong>Vestuario<\/strong><\/li>\n<\/ul>\n<p>El TAC de alta abrasi\u00f3n 5.11 presenta una palma de gamuza s\u00faper sint\u00e9tica que puede manejar cualquier tarea formidable, ya sea en combate o en el sitio de construcci\u00f3n. Mant\u00e9ngalo real con el TAC de alta abrasi\u00f3n. Importado.<\/p>\n","protected":false},"featured_media":2670,"comment_status":"open","ping_status":"closed","template":"","meta":[],"product_brand":[],"product_cat":[25,35],"product_tag":[40,42],"class_list":{"0":"post-2669","1":"product","2":"type-product","3":"status-publish","4":"has-post-thumbnail","6":"product_cat-5-11","7":"product_cat-vestuario","8":"product_tag-5-11","9":"product_tag-vestuario","10":"pa_color-coyote","11":"pa_color-negro","13":"first","14":"instock","15":"shipping-taxable","16":"purchasable","17":"product-type-variable"},"jetpack_sharing_enabled":true,"_links":{"self":[{"href":"https:\/\/tacticalsolutions.com.mx\/index.php\/wp-json\/wp\/v2\/product\/2669","targetHints":{"allow":["GET"]}}],"collection":[{"href":"https:\/\/tacticalsolutions.com.mx\/index.php\/wp-json\/wp\/v2\/product"}],"about":[{"href":"https:\/\/tacticalsolutions.com.mx\/index.php\/wp-json\/wp\/v2\/types\/product"}],"replies":[{"embeddable":true,"href":"https:\/\/tacticalsolutions.com.mx\/index.php\/wp-json\/wp\/v2\/comments?post=2669"}],"wp:featuredmedia":[{"embeddable":true,"href":"https:\/\/tacticalsolutions.com.mx\/index.php\/wp-json\/wp\/v2\/media\/2670"}],"wp:attachment":[{"href":"https:\/\/tacticalsolutions.com.mx\/index.php\/wp-json\/wp\/v2\/media?parent=2669"}],"wp:term":[{"taxonomy":"product_brand","embeddable":true,"href":"https:\/\/tacticalsolutions.com.mx\/index.php\/wp-json\/wp\/v2\/product_brand?post=2669"},{"taxonomy":"product_cat","embeddable":true,"href":"https:\/\/tacticalsolutions.com.mx\/index.php\/wp-json\/wp\/v2\/product_cat?post=2669"},{"taxonomy":"product_tag","embeddable":true,"href":"https:\/\/tacticalsolutions.com.mx\/index.php\/wp-json\/wp\/v2\/product_tag?post=2669"}],"curies":[{"name":"wp","href":"https:\/\/api.w.org\/{rel}","templated":true}]}}