{"id":2676,"date":"2022-04-01T23:09:00","date_gmt":"2022-04-01T23:09:00","guid":{"rendered":"https:\/\/tacticalsolutions.com.mx\/?post_type=product&#038;p=2676"},"modified":"2022-04-07T22:18:05","modified_gmt":"2022-04-07T22:18:05","slug":"mochila-tactica-5-11-rush-moab-6-sling-pack-11l-modelo-56963","status":"publish","type":"product","link":"https:\/\/tacticalsolutions.com.mx\/index.php\/producto\/mochila-tactica-5-11-rush-moab-6-sling-pack-11l-modelo-56963\/","title":{"rendered":"Mochila 5.11 RUSH MOAB 6 Sling Pack 11L"},"content":{"rendered":"<p>Parte de la serie de mochilas RUSH, la MOAB es una bandolera de alto rendimiento totalmente ambidiestra cargada con la utilidad CCW t\u00e1ctica. Con un bolsillo oculto en la parte trasera del tama\u00f1o de un arma, un bolsillo de comunicaciones en el hombro, un bolsillo para anteojos con forro polar, un bolsillo dise\u00f1ado para una vejiga de hidrataci\u00f3n de 1,5 litros, un panel de administraci\u00f3n y un compartimento interior del tama\u00f1o perfecto para una tableta y accesorios. , el MOAB es ideal para las necesidades operativas y cotidianas.<\/p>\n<ul>\n<li>Mochila peque\u00f1a totalmente personalizable<\/li>\n<li>Correa de hombro acolchada ajustable<\/li>\n<li>Bolsillo tecnol\u00f3gico en el hombro<\/li>\n<li>Nailon 1050D ligero y duradero<\/li>\n<li>Resistente al agua<\/li>\n<li>Bolsillo oculto TacTec en la parte trasera<\/li>\n<li>Bolsillo secundario con doble cremallera<\/li>\n<li>Bolsillo de hidrataci\u00f3n<\/li>\n<li>\u00c1rea de almacenamiento organizada<\/li>\n<li>Exterior de la plataforma web MOLLE\/5.11 SlickStick\u00ae<\/li>\n<li>Bolsillo para gafas de sol con forro polar<\/li>\n<li>Mango de agarre resistente<\/li>\n<li>c\u00f3modas correas de compresi\u00f3n<\/li>\n<li>El sistema de niveles 5.11\u00ae se integra con otras bolsas RUSH<\/li>\n<li>Ranuras de cord\u00f3n de paso de bolsillo Tech<\/li>\n<li>Parche de bandera con velcro<\/li>\n<li>Cremalleras autorreparables YKK\u00ae<\/li>\n<li>Dise\u00f1o Centerline\u2122 exclusivo de 5.11<\/li>\n<li>Importado<\/li>\n<\/ul>\n","protected":false},"excerpt":{"rendered":"<ul>\n<li>Marca: <strong>5.11<\/strong><\/li>\n<li>Modelo:<strong> 56963<\/strong><\/li>\n<li>Categor\u00eda: <strong>Accesorios<\/strong><\/li>\n<\/ul>\n<p>Parte de la serie de mochilas RUSH, la MOAB es una bandolera de alto rendimiento totalmente ambidiestra cargada con la utilidad CCW t\u00e1ctica. Con un bolsillo oculto en la parte trasera del tama\u00f1o de un arma, un bolsillo de comunicaciones en el hombro, un bolsillo para anteojos con forro polar, un bolsillo dise\u00f1ado para una vejiga de hidrataci\u00f3n de 1,5 litros, un panel de administraci\u00f3n y un compartimento interior del tama\u00f1o perfecto para una tableta y accesorios. , el MOAB es ideal para las necesidades operativas y cotidianas.<\/p>\n","protected":false},"featured_media":2684,"comment_status":"open","ping_status":"closed","template":"","meta":[],"product_brand":[],"product_cat":[25,34],"product_tag":[40,95],"class_list":{"0":"post-2676","1":"product","2":"type-product","3":"status-publish","4":"has-post-thumbnail","6":"product_cat-5-11","7":"product_cat-accesorios","8":"product_tag-5-11","9":"product_tag-accesorios","10":"pa_color-coyote","11":"pa_color-negro","12":"pa_color-verde","14":"first","15":"instock","16":"shipping-taxable","17":"purchasable","18":"product-type-variable"},"jetpack_sharing_enabled":true,"_links":{"self":[{"href":"https:\/\/tacticalsolutions.com.mx\/index.php\/wp-json\/wp\/v2\/product\/2676","targetHints":{"allow":["GET"]}}],"collection":[{"href":"https:\/\/tacticalsolutions.com.mx\/index.php\/wp-json\/wp\/v2\/product"}],"about":[{"href":"https:\/\/tacticalsolutions.com.mx\/index.php\/wp-json\/wp\/v2\/types\/product"}],"replies":[{"embeddable":true,"href":"https:\/\/tacticalsolutions.com.mx\/index.php\/wp-json\/wp\/v2\/comments?post=2676"}],"wp:featuredmedia":[{"embeddable":true,"href":"https:\/\/tacticalsolutions.com.mx\/index.php\/wp-json\/wp\/v2\/media\/2684"}],"wp:attachment":[{"href":"https:\/\/tacticalsolutions.com.mx\/index.php\/wp-json\/wp\/v2\/media?parent=2676"}],"wp:term":[{"taxonomy":"product_brand","embeddable":true,"href":"https:\/\/tacticalsolutions.com.mx\/index.php\/wp-json\/wp\/v2\/product_brand?post=2676"},{"taxonomy":"product_cat","embeddable":true,"href":"https:\/\/tacticalsolutions.com.mx\/index.php\/wp-json\/wp\/v2\/product_cat?post=2676"},{"taxonomy":"product_tag","embeddable":true,"href":"https:\/\/tacticalsolutions.com.mx\/index.php\/wp-json\/wp\/v2\/product_tag?post=2676"}],"curies":[{"name":"wp","href":"https:\/\/api.w.org\/{rel}","templated":true}]}}