{"id":2688,"date":"2022-04-01T23:13:13","date_gmt":"2022-04-01T23:13:13","guid":{"rendered":"https:\/\/tacticalsolutions.com.mx\/?post_type=product&#038;p=2688"},"modified":"2022-04-07T22:31:53","modified_gmt":"2022-04-07T22:31:53","slug":"mochila-tactica-5-11-rush-moab-10-sling-pack-18l-modelo-56964","status":"publish","type":"product","link":"https:\/\/tacticalsolutions.com.mx\/index.php\/producto\/mochila-tactica-5-11-rush-moab-10-sling-pack-18l-modelo-56964\/","title":{"rendered":"Mochila 5.11 RUSH MOAB 10 Sling Pack 18L"},"content":{"rendered":"<p>Como parte de la serie Rush Backpack, la MOAB 10 es una bandolera de alto rendimiento totalmente ambidiestra cargada con la utilidad CCW t\u00e1ctica. Con un bolsillo oculto en la parte trasera del tama\u00f1o de un arma, bolsillos de comunicaci\u00f3n en el hombro, bolsillo para anteojos con forro polar, un bolsillo construido para una vejiga de hidrataci\u00f3n de 1,5 litros, un panel de administraci\u00f3n y un compartimento interior de tama\u00f1o perfecto para una tableta y accesorios. , el MOAB 10 es ideal para las necesidades operativas y cotidianas.<\/p>\n<ul>\n<li>Bolsa t\u00e1ctica totalmente personalizable<\/li>\n<li>Correa de hombro acolchada ajustable<\/li>\n<li>Tratamiento resistente al agua<\/li>\n<li>Nailon 1050D ligero y resistente<\/li>\n<li>Bolsillo oculto TacTec en la parte trasera<\/li>\n<li>Bolsillo secundario con doble cremallera<\/li>\n<li>Bolsillo de hidrataci\u00f3n con puerto de paso<\/li>\n<li>M\u00faltiples bolsillos interiores de administraci\u00f3n y almacenamiento<\/li>\n<li>Exterior de la plataforma web MOLLE\/5.11 SlickStick\u00ae<\/li>\n<li>Bolsillo para gafas de sol con forro polar<\/li>\n<li>c\u00f3modas correas de compresi\u00f3n<\/li>\n<li>Ideal para uso recreativo o como bolsa operativa para insectos.<\/li>\n<li>El sistema de niveles 5.11\u00ae se integra con otras bolsas RUSH<\/li>\n<li>Ranuras para cable de paso de bolsillo Coms<\/li>\n<li>Parche de bandera con velcro<\/li>\n<li>Cremalleras autorreparables YKK\u00ae<\/li>\n<li>Dise\u00f1o Centerline\u2122 exclusivo de 5.11<\/li>\n<li>importado<\/li>\n<\/ul>\n","protected":false},"excerpt":{"rendered":"<ul>\n<li>Marca: <strong>5.11<\/strong><\/li>\n<li>Modelo: <strong>56964<\/strong><\/li>\n<li>Categor\u00eda:<strong> Accesorios<\/strong><\/li>\n<\/ul>\n<p>Como parte de la serie Rush Backpack, la MOAB 10 es una bandolera de alto rendimiento totalmente ambidiestra cargada con la utilidad CCW t\u00e1ctica. Con un bolsillo oculto en la parte trasera del tama\u00f1o de un arma, bolsillos de comunicaci\u00f3n en el hombro, bolsillo para anteojos con forro polar, un bolsillo construido para una vejiga de hidrataci\u00f3n de 1,5 litros, un panel de administraci\u00f3n y un compartimento interior de tama\u00f1o perfecto para una tableta y accesorios. , el MOAB 10 es ideal para las necesidades operativas y cotidianas.<\/p>\n","protected":false},"featured_media":2689,"comment_status":"open","ping_status":"closed","template":"","meta":[],"product_brand":[],"product_cat":[25,34],"product_tag":[40,95],"class_list":{"0":"post-2688","1":"product","2":"type-product","3":"status-publish","4":"has-post-thumbnail","6":"product_cat-5-11","7":"product_cat-accesorios","8":"product_tag-5-11","9":"product_tag-accesorios","10":"pa_color-coyote","11":"pa_color-negro","12":"pa_color-verde","14":"first","15":"instock","16":"shipping-taxable","17":"purchasable","18":"product-type-variable"},"jetpack_sharing_enabled":true,"_links":{"self":[{"href":"https:\/\/tacticalsolutions.com.mx\/index.php\/wp-json\/wp\/v2\/product\/2688","targetHints":{"allow":["GET"]}}],"collection":[{"href":"https:\/\/tacticalsolutions.com.mx\/index.php\/wp-json\/wp\/v2\/product"}],"about":[{"href":"https:\/\/tacticalsolutions.com.mx\/index.php\/wp-json\/wp\/v2\/types\/product"}],"replies":[{"embeddable":true,"href":"https:\/\/tacticalsolutions.com.mx\/index.php\/wp-json\/wp\/v2\/comments?post=2688"}],"wp:featuredmedia":[{"embeddable":true,"href":"https:\/\/tacticalsolutions.com.mx\/index.php\/wp-json\/wp\/v2\/media\/2689"}],"wp:attachment":[{"href":"https:\/\/tacticalsolutions.com.mx\/index.php\/wp-json\/wp\/v2\/media?parent=2688"}],"wp:term":[{"taxonomy":"product_brand","embeddable":true,"href":"https:\/\/tacticalsolutions.com.mx\/index.php\/wp-json\/wp\/v2\/product_brand?post=2688"},{"taxonomy":"product_cat","embeddable":true,"href":"https:\/\/tacticalsolutions.com.mx\/index.php\/wp-json\/wp\/v2\/product_cat?post=2688"},{"taxonomy":"product_tag","embeddable":true,"href":"https:\/\/tacticalsolutions.com.mx\/index.php\/wp-json\/wp\/v2\/product_tag?post=2688"}],"curies":[{"name":"wp","href":"https:\/\/api.w.org\/{rel}","templated":true}]}}