{"id":2701,"date":"2022-04-01T23:17:49","date_gmt":"2022-04-01T23:17:49","guid":{"rendered":"https:\/\/tacticalsolutions.com.mx\/?post_type=product&#038;p=2701"},"modified":"2022-04-07T22:32:52","modified_gmt":"2022-04-07T22:32:52","slug":"mochila-tactica-5-11-rush12-2-0-backpack-24l-modelo-56561","status":"publish","type":"product","link":"https:\/\/tacticalsolutions.com.mx\/index.php\/producto\/mochila-tactica-5-11-rush12-2-0-backpack-24l-modelo-56561\/","title":{"rendered":"Mochila 5.11 RUSH12 2.0 Backpack 24L"},"content":{"rendered":"<p>Mantuvimos las mejores partes del RUSH12\u2122 original y mejoramos otras \u00e1reas para crear una de las mochilas m\u00e1s universalmente adaptables del planeta. Agregamos un compartimento CCW oculto, le dimos m\u00e1s espacio al bolsillo de las gafas, incorporamos una funda acolchada para computadora port\u00e1til y movimos los puertos del tubo de hidrataci\u00f3n hacia atr\u00e1s para mayor versatilidad. Desde actividades al aire libre hasta aplicaciones de trabajo y uso en la oficina, no encontrar\u00e1 un paquete que tenga un poco de todo en todos los lugares correctos como lo encontrar\u00e1 con el RUSH12\u2122 2.0<\/p>\n<ul>\n<li>Dise\u00f1o exclusivo 5.11 Center Line\u2122<\/li>\n<li>Bolsillo frontal inferior con corredera interior y bolsillos con cremallera, organizaci\u00f3n de gesti\u00f3n<\/li>\n<li>Construido con nylon 1050D de alta resistencia y repelente al agua.<\/li>\n<li>Bolsillo frontal superior con rejilla<\/li>\n<li>MOLLE externo frontal y lateral con cintur\u00f3n de nombre 6&#215;1 y lazo 3&#215;3<\/li>\n<li>Bolsillo para dispositivos\/gafas con forro polar<\/li>\n<li>Funda acolchada para port\u00e1til y bolsillos en compartimento principalCompartimento CCW oculto con panel de bucle<\/li>\n<li>Compartimento de hidrataci\u00f3n trasero<\/li>\n<li>Sistema de correa de hombro yugo contorneada con web MOLLE<\/li>\n<li>Obras para portaequipajes en el panel inferior<\/li>\n<\/ul>\n","protected":false},"excerpt":{"rendered":"<ul>\n<li>Marca: <strong>5.11<\/strong><\/li>\n<li>Modelo: <strong>56561<\/strong><\/li>\n<li>Categor\u00eda: <strong>Accesorios\u00a0<\/strong><\/li>\n<\/ul>\n<p>Mantuvimos las mejores partes del RUSH12\u2122 original y mejoramos otras \u00e1reas para crear una de las mochilas m\u00e1s universalmente adaptables del planeta. Agregamos un compartimento CCW oculto, le dimos m\u00e1s espacio al bolsillo de las gafas, incorporamos una funda acolchada para computadora port\u00e1til y movimos los puertos del tubo de hidrataci\u00f3n hacia atr\u00e1s para mayor versatilidad. Desde actividades al aire libre hasta aplicaciones de trabajo y uso en la oficina, no encontrar\u00e1 un paquete que tenga un poco de todo en todos los lugares correctos como lo encontrar\u00e1 con el RUSH12\u2122 2.0<\/p>\n","protected":false},"featured_media":2706,"comment_status":"open","ping_status":"closed","template":"","meta":[],"product_brand":[],"product_cat":[25,34],"product_tag":[40,95],"class_list":{"0":"post-2701","1":"product","2":"type-product","3":"status-publish","4":"has-post-thumbnail","6":"product_cat-5-11","7":"product_cat-accesorios","8":"product_tag-5-11","9":"product_tag-accesorios","10":"pa_color-coyote","11":"pa_color-negro","12":"pa_color-verde","14":"first","15":"instock","16":"shipping-taxable","17":"purchasable","18":"product-type-variable"},"jetpack_sharing_enabled":true,"_links":{"self":[{"href":"https:\/\/tacticalsolutions.com.mx\/index.php\/wp-json\/wp\/v2\/product\/2701","targetHints":{"allow":["GET"]}}],"collection":[{"href":"https:\/\/tacticalsolutions.com.mx\/index.php\/wp-json\/wp\/v2\/product"}],"about":[{"href":"https:\/\/tacticalsolutions.com.mx\/index.php\/wp-json\/wp\/v2\/types\/product"}],"replies":[{"embeddable":true,"href":"https:\/\/tacticalsolutions.com.mx\/index.php\/wp-json\/wp\/v2\/comments?post=2701"}],"wp:featuredmedia":[{"embeddable":true,"href":"https:\/\/tacticalsolutions.com.mx\/index.php\/wp-json\/wp\/v2\/media\/2706"}],"wp:attachment":[{"href":"https:\/\/tacticalsolutions.com.mx\/index.php\/wp-json\/wp\/v2\/media?parent=2701"}],"wp:term":[{"taxonomy":"product_brand","embeddable":true,"href":"https:\/\/tacticalsolutions.com.mx\/index.php\/wp-json\/wp\/v2\/product_brand?post=2701"},{"taxonomy":"product_cat","embeddable":true,"href":"https:\/\/tacticalsolutions.com.mx\/index.php\/wp-json\/wp\/v2\/product_cat?post=2701"},{"taxonomy":"product_tag","embeddable":true,"href":"https:\/\/tacticalsolutions.com.mx\/index.php\/wp-json\/wp\/v2\/product_tag?post=2701"}],"curies":[{"name":"wp","href":"https:\/\/api.w.org\/{rel}","templated":true}]}}