{"id":2713,"date":"2022-04-01T23:22:39","date_gmt":"2022-04-01T23:22:39","guid":{"rendered":"https:\/\/tacticalsolutions.com.mx\/?post_type=product&#038;p=2713"},"modified":"2022-04-07T22:33:42","modified_gmt":"2022-04-07T22:33:42","slug":"mochila-tactica-5-11-rush24-2-0-backpack-37l-modelo-56563","status":"publish","type":"product","link":"https:\/\/tacticalsolutions.com.mx\/index.php\/producto\/mochila-tactica-5-11-rush24-2-0-backpack-37l-modelo-56563\/","title":{"rendered":"Mochila 5.11 RUSH24 2.0 Backpack 37L"},"content":{"rendered":"<p>Uno de nuestros paquetes m\u00e1s vendidos acaba de mejorar. Nuestra entrada de nivel medio en la serie RUSH funciona tan bien como una bolsa urbana como para salir de la red. Agregamos una funda acolchada para su computadora port\u00e1til u otros dispositivos electr\u00f3nicos, aumentamos el tama\u00f1o del almacenamiento de sus anteojos, creamos dos bolsillos superiores con bolsillos internos y agregamos un bolsillo CCW oculto. Los generosos puntos de fijaci\u00f3n MOLLE y la amplia \u00e1rea de almacenamiento le permiten compartimentar su equipo esencial justo donde lo necesita. Este paquete es ideal para la ciudad, excursiones rurales y cualquier cosa intermedia.<\/p>\n<ul>\n<li>Dise\u00f1o exclusivo Center Line\u2122 de 5.11Bolsillo inferior delantero con deslizamiento interno y bolsillos con cremallera, organizaci\u00f3n de administraci\u00f3n<\/li>\n<li>Bolsillos superiores dobles con cremallera con cinta de nombre 6&#215;1 y bolsillos internos<\/li>\n<li>Frontal externo y banda lateral MOLLE con lazo 3&#215;3<\/li>\n<li>Bolsillo para dispositivos\/gafas con forro polar<\/li>\n<li>Construido con nailon 1000D de alta resistencia y repelente al agua.<\/li>\n<li>Bolsillos laterales externos dobles con cremallera<\/li>\n<li>Funda acolchada para port\u00e1til y dos bolsillos de malla en el compartimento principal<\/li>\n<li>Compartimento CCW oculto con panel de bucle<\/li>\n<li>Compartimento de hidrataci\u00f3n trasero<\/li>\n<li>Sistema de correa de hombro de yugo contorneado con web MOLLE<\/li>\n<li>Trabillas para portaequipajes en el panel inferior<\/li>\n<li>Compatible con el sistema de niveles 5.11\u00ae<\/li>\n<\/ul>\n","protected":false},"excerpt":{"rendered":"<ul>\n<li>Marca: <strong>5.11\u00a0<\/strong><\/li>\n<li>Modelo: <strong>56563<\/strong><\/li>\n<li>Categor\u00eda: <strong>Accesorios<\/strong><\/li>\n<\/ul>\n<p>Uno de nuestros paquetes m\u00e1s vendidos acaba de mejorar. Nuestra entrada de nivel medio en la serie RUSH funciona tan bien como una bolsa urbana como para salir de la red. Agregamos una funda acolchada para su computadora port\u00e1til u otros dispositivos electr\u00f3nicos, aumentamos el tama\u00f1o del almacenamiento de sus anteojos, creamos dos bolsillos superiores con bolsillos internos y agregamos un bolsillo CCW oculto. Los generosos puntos de fijaci\u00f3n MOLLE y la amplia \u00e1rea de almacenamiento le permiten compartimentar su equipo esencial justo donde lo necesita. Este paquete es ideal para la ciudad, excursiones rurales y cualquier cosa intermedia.<\/p>\n","protected":false},"featured_media":2722,"comment_status":"open","ping_status":"closed","template":"","meta":[],"product_brand":[],"product_cat":[25,34],"product_tag":[40,95],"class_list":{"0":"post-2713","1":"product","2":"type-product","3":"status-publish","4":"has-post-thumbnail","6":"product_cat-5-11","7":"product_cat-accesorios","8":"product_tag-5-11","9":"product_tag-accesorios","10":"pa_color-coyote","11":"pa_color-negro","12":"pa_color-verde","14":"first","15":"instock","16":"shipping-taxable","17":"purchasable","18":"product-type-variable"},"jetpack_sharing_enabled":true,"_links":{"self":[{"href":"https:\/\/tacticalsolutions.com.mx\/index.php\/wp-json\/wp\/v2\/product\/2713","targetHints":{"allow":["GET"]}}],"collection":[{"href":"https:\/\/tacticalsolutions.com.mx\/index.php\/wp-json\/wp\/v2\/product"}],"about":[{"href":"https:\/\/tacticalsolutions.com.mx\/index.php\/wp-json\/wp\/v2\/types\/product"}],"replies":[{"embeddable":true,"href":"https:\/\/tacticalsolutions.com.mx\/index.php\/wp-json\/wp\/v2\/comments?post=2713"}],"wp:featuredmedia":[{"embeddable":true,"href":"https:\/\/tacticalsolutions.com.mx\/index.php\/wp-json\/wp\/v2\/media\/2722"}],"wp:attachment":[{"href":"https:\/\/tacticalsolutions.com.mx\/index.php\/wp-json\/wp\/v2\/media?parent=2713"}],"wp:term":[{"taxonomy":"product_brand","embeddable":true,"href":"https:\/\/tacticalsolutions.com.mx\/index.php\/wp-json\/wp\/v2\/product_brand?post=2713"},{"taxonomy":"product_cat","embeddable":true,"href":"https:\/\/tacticalsolutions.com.mx\/index.php\/wp-json\/wp\/v2\/product_cat?post=2713"},{"taxonomy":"product_tag","embeddable":true,"href":"https:\/\/tacticalsolutions.com.mx\/index.php\/wp-json\/wp\/v2\/product_tag?post=2713"}],"curies":[{"name":"wp","href":"https:\/\/api.w.org\/{rel}","templated":true}]}}