{"id":2726,"date":"2022-04-01T23:26:50","date_gmt":"2022-04-01T23:26:50","guid":{"rendered":"https:\/\/tacticalsolutions.com.mx\/?post_type=product&#038;p=2726"},"modified":"2022-04-07T22:34:24","modified_gmt":"2022-04-07T22:34:24","slug":"mochila-tactica-5-11-rush72-2-0-backpack-55l-modelo-56565","status":"publish","type":"product","link":"https:\/\/tacticalsolutions.com.mx\/index.php\/producto\/mochila-tactica-5-11-rush72-2-0-backpack-55l-modelo-56565\/","title":{"rendered":"Mochila 5.11 RUSH72 2.0 Backpack 55L"},"content":{"rendered":"<p>Con un impresionante espacio de 55 litros, la RUSH72\u2122 2.0 de pr\u00f3xima generaci\u00f3n es la bolsa de rango extendido definitiva para misiones t\u00e1cticas, despliegues de largo alcance, pasar unos d\u00edas al aire libre o salir durante una emergencia. C\u00e1rguelo con todo su equipo esencial y mant\u00e9ngalo organizado con una cantidad inigualable de compartimentos dise\u00f1ados para todo, desde dispositivos electr\u00f3nicos, equipo de supervivencia, anteojos, hidrataci\u00f3n, ropa, equipo de campamento, armas de fuego, bol\u00edgrafos y documentos. Dise\u00f1ada para los entornos m\u00e1s brutales, la RUSH72\u2122 2.0 es una bolsa de primer nivel para cualquier persona cuyo equipo cr\u00edtico deba viajar en la espalda y ser f\u00e1cilmente accesible cuando el momento lo requiera.<\/p>\n<ul>\n<li>Dise\u00f1o exclusivo Center Line\u2122 de 5.11<\/li>\n<li>Compartimento CCW oculto con panel de bucle<\/li>\n<li>Funda acolchada para port\u00e1til (hasta 15&#8243;) y tres bolsillos con cremallera en el compartimento principal<\/li>\n<li>Compartimento de hidrataci\u00f3n trasero<\/li>\n<li>Bolsillo inferior delantero con deslizamiento interno y bolsillos con cremallera, organizaci\u00f3n de administraci\u00f3n<\/li>\n<li>Bolsillo superior con cremallera con cinta de nombre 6&#215;1 y bolsillo interno<br \/>\nnailon 1050D<\/li>\n<li>Compartimento Shove-It con refuerzos laterales<\/li>\n<li>Frontal externo y banda lateral MOLLE con lazo 3&#215;3<\/li>\n<li>Compatible con el sistema de niveles 5.11\u00ae<\/li>\n<li>Bolsillo para dispositivos\/gafas con forro polar<\/li>\n<li>Bolsillos laterales externos dobles con cremallera<\/li>\n<li>Sistema de correa de hombro de yugo contorneado con web MOLLE<\/li>\n<li>Panel trasero reforzado con barra de soporte de aluminio, correa para la cintura<\/li>\n<li>Trabillas para portaequipajes en el panel inferior<\/li>\n<\/ul>\n","protected":false},"excerpt":{"rendered":"<ul>\n<li>Marca:<strong> 5.11\u00a0<\/strong><\/li>\n<li>Modelo: <strong>56565<\/strong><\/li>\n<li>Categor\u00eda: <strong>Accesorios<\/strong><\/li>\n<\/ul>\n<p>Con un impresionante espacio de 55 litros, la RUSH72\u2122 2.0 de pr\u00f3xima generaci\u00f3n es la bolsa de rango extendido definitiva para misiones t\u00e1cticas, despliegues de largo alcance, pasar unos d\u00edas al aire libre o salir durante una emergencia. C\u00e1rguelo con todo su equipo esencial y mant\u00e9ngalo organizado con una cantidad inigualable de compartimentos dise\u00f1ados para todo, desde dispositivos electr\u00f3nicos, equipo de supervivencia, anteojos, hidrataci\u00f3n, ropa, equipo de campamento, armas de fuego, bol\u00edgrafos y documentos. Dise\u00f1ada para los entornos m\u00e1s brutales, la RUSH72\u2122 2.0 es una bolsa de primer nivel para cualquier persona cuyo equipo cr\u00edtico deba viajar en la espalda y ser f\u00e1cilmente accesible cuando el momento lo requiera.<\/p>\n","protected":false},"featured_media":2731,"comment_status":"open","ping_status":"closed","template":"","meta":[],"product_brand":[],"product_cat":[25,34],"product_tag":[40,95],"class_list":{"0":"post-2726","1":"product","2":"type-product","3":"status-publish","4":"has-post-thumbnail","6":"product_cat-5-11","7":"product_cat-accesorios","8":"product_tag-5-11","9":"product_tag-accesorios","10":"pa_color-coyote","11":"pa_color-negro","12":"pa_color-verde","14":"first","15":"instock","16":"shipping-taxable","17":"purchasable","18":"product-type-variable"},"jetpack_sharing_enabled":true,"_links":{"self":[{"href":"https:\/\/tacticalsolutions.com.mx\/index.php\/wp-json\/wp\/v2\/product\/2726","targetHints":{"allow":["GET"]}}],"collection":[{"href":"https:\/\/tacticalsolutions.com.mx\/index.php\/wp-json\/wp\/v2\/product"}],"about":[{"href":"https:\/\/tacticalsolutions.com.mx\/index.php\/wp-json\/wp\/v2\/types\/product"}],"replies":[{"embeddable":true,"href":"https:\/\/tacticalsolutions.com.mx\/index.php\/wp-json\/wp\/v2\/comments?post=2726"}],"wp:featuredmedia":[{"embeddable":true,"href":"https:\/\/tacticalsolutions.com.mx\/index.php\/wp-json\/wp\/v2\/media\/2731"}],"wp:attachment":[{"href":"https:\/\/tacticalsolutions.com.mx\/index.php\/wp-json\/wp\/v2\/media?parent=2726"}],"wp:term":[{"taxonomy":"product_brand","embeddable":true,"href":"https:\/\/tacticalsolutions.com.mx\/index.php\/wp-json\/wp\/v2\/product_brand?post=2726"},{"taxonomy":"product_cat","embeddable":true,"href":"https:\/\/tacticalsolutions.com.mx\/index.php\/wp-json\/wp\/v2\/product_cat?post=2726"},{"taxonomy":"product_tag","embeddable":true,"href":"https:\/\/tacticalsolutions.com.mx\/index.php\/wp-json\/wp\/v2\/product_tag?post=2726"}],"curies":[{"name":"wp","href":"https:\/\/api.w.org\/{rel}","templated":true}]}}