{"id":2740,"date":"2022-04-01T23:32:48","date_gmt":"2022-04-01T23:32:48","guid":{"rendered":"https:\/\/tacticalsolutions.com.mx\/?post_type=product&#038;p=2740"},"modified":"2024-08-06T16:49:01","modified_gmt":"2024-08-06T16:49:01","slug":"porta-cargador-para-arma-larga-doble-5-11-double-ar-bungee-cover-modelo-56157","status":"publish","type":"product","link":"https:\/\/tacticalsolutions.com.mx\/index.php\/producto\/porta-cargador-para-arma-larga-doble-5-11-double-ar-bungee-cover-modelo-56157\/","title":{"rendered":"Porta Cargador para Arma Larga Doble 5.11 Double AR Bungee\/Cover"},"content":{"rendered":"<p>Nuestra bolsa AR Double Bungee Cover ofrece espacio de almacenamiento mejorado y acceso r\u00e1pido para dos revistas 5.56, con compatibilidad total con las plataformas web 5.11 SlickStick\u00ae y MOLLE, esta bolsa AR mag liviana y altamente duradera es una adici\u00f3n s\u00f3lida y segura a cualquier guardarropa t\u00e1ctico.<\/p>\n<ul>\n<li>Incluye opciones de retenci\u00f3n con solapa y bungee<\/li>\n<li>5.11 Compatible con SlickStick\u00ae y MOLLE web gear<\/li>\n<li>Revestimiento trasero repelente al agua<\/li>\n<li>Cuerpo N500D\/base N1050D<\/li>\n<li>Correas de compresi\u00f3n el\u00e1sticas para una estabilidad silenciosa<\/li>\n<li>Apilable de adelante hacia atr\u00e1s<\/li>\n<li>Herrajes Duraflex\u00ae<\/li>\n<li>impermeabilizado<\/li>\n<li>Agarre con leng\u00fceta antideslizante en la cubierta<\/li>\n<li>Puntos de tensi\u00f3n presillados<\/li>\n<li>El tratamiento t\u00e9rmico aumenta la durabilidad.<\/li>\n<li>importado<\/li>\n<\/ul>\n","protected":false},"excerpt":{"rendered":"<ul>\n<li>Marca: <strong>5.11<\/strong><\/li>\n<li>Modelo: <strong>56157<\/strong><\/li>\n<li>Categor\u00eda: <strong>Accesorios<\/strong><\/li>\n<\/ul>\n<p>Nuestra bolsa AR Double Bungee Cover ofrece espacio de almacenamiento mejorado y acceso r\u00e1pido para dos revistas 5.56, con compatibilidad total con las plataformas web 5.11 SlickStick\u00ae y MOLLE, esta bolsa AR mag liviana y altamente duradera es una adici\u00f3n s\u00f3lida y segura a cualquier guardarropa t\u00e1ctico.<\/p>\n","protected":false},"featured_media":2746,"comment_status":"open","ping_status":"closed","template":"","meta":[],"product_brand":[],"product_cat":[25,34],"product_tag":[40,95],"class_list":{"0":"post-2740","1":"product","2":"type-product","3":"status-publish","4":"has-post-thumbnail","6":"product_cat-5-11","7":"product_cat-accesorios","8":"product_tag-5-11","9":"product_tag-accesorios","10":"pa_color-kaki","11":"pa_color-negro","13":"first","14":"instock","15":"shipping-taxable","16":"purchasable","17":"product-type-variable"},"jetpack_sharing_enabled":true,"_links":{"self":[{"href":"https:\/\/tacticalsolutions.com.mx\/index.php\/wp-json\/wp\/v2\/product\/2740","targetHints":{"allow":["GET"]}}],"collection":[{"href":"https:\/\/tacticalsolutions.com.mx\/index.php\/wp-json\/wp\/v2\/product"}],"about":[{"href":"https:\/\/tacticalsolutions.com.mx\/index.php\/wp-json\/wp\/v2\/types\/product"}],"replies":[{"embeddable":true,"href":"https:\/\/tacticalsolutions.com.mx\/index.php\/wp-json\/wp\/v2\/comments?post=2740"}],"wp:featuredmedia":[{"embeddable":true,"href":"https:\/\/tacticalsolutions.com.mx\/index.php\/wp-json\/wp\/v2\/media\/2746"}],"wp:attachment":[{"href":"https:\/\/tacticalsolutions.com.mx\/index.php\/wp-json\/wp\/v2\/media?parent=2740"}],"wp:term":[{"taxonomy":"product_brand","embeddable":true,"href":"https:\/\/tacticalsolutions.com.mx\/index.php\/wp-json\/wp\/v2\/product_brand?post=2740"},{"taxonomy":"product_cat","embeddable":true,"href":"https:\/\/tacticalsolutions.com.mx\/index.php\/wp-json\/wp\/v2\/product_cat?post=2740"},{"taxonomy":"product_tag","embeddable":true,"href":"https:\/\/tacticalsolutions.com.mx\/index.php\/wp-json\/wp\/v2\/product_tag?post=2740"}],"curies":[{"name":"wp","href":"https:\/\/api.w.org\/{rel}","templated":true}]}}