{"id":2768,"date":"2022-04-03T06:20:38","date_gmt":"2022-04-03T06:20:38","guid":{"rendered":"https:\/\/tacticalsolutions.com.mx\/?post_type=product&#038;p=2768"},"modified":"2026-02-08T21:25:53","modified_gmt":"2026-02-08T21:25:53","slug":"torreta-armadamc-rb-246leds","status":"publish","type":"product","link":"https:\/\/tacticalsolutions.com.mx\/index.php\/producto\/torreta-armadamc-rb-246leds\/","title":{"rendered":"TORRETA ARMADAMC-RB (246LEDS)"},"content":{"rendered":"<p><strong>Caracter\u00edsticas:<\/strong><\/p>\n<p>&nbsp;<\/p>\n<ul>\n<li>\u00a0Ofrece 360\u00ba de iluminaci\u00f3n<\/li>\n<li>\u00a0Funci\u00f3n de barra de tr\u00e1fico<\/li>\n<li>\u00a0Izquierda a derecha<\/li>\n<li>\u00a0Derecha a izquierda<\/li>\n<li>\u00a0Centro hacia afuera<\/li>\n<li>\u00a0F\u00e1cil instalaci\u00f3n con conexiones r\u00e1pidas<\/li>\n<li>\u00a0Patrones de intermitencia de 14 a 24<\/li>\n<li>\u00a0Mas de 46 Patrones de flasheo<\/li>\n<li>\u00a0Luces de penetraci\u00f3n (takedown), callejoneras, modo crucero, modo de baja intensidad, luces de trabajo<\/li>\n<li>Soporte est\u00e1ndar con ajuste de \u00e1ngulo<\/li>\n<li>\u00a0Estilo compacto y moderno.<\/li>\n<li><strong>\u00a0Garant\u00eda de 5 a\u00f1os.<\/strong><\/li>\n<\/ul>\n<p>&nbsp;<\/p>\n<p>Con 18 m\u00f3dulos con reflector cromado al alto brillo con 246 leds de V generaci\u00f3n de 3 watts cada uno instalados en forma vertical tecnolog\u00eda NEXUS DUAL.<\/p>\n<p>Barra de tr\u00e1fico<\/p>\n<ul>\n<li>Con funciones de Arrow Stick (barra de tr\u00e1fico)\n<ul>\n<li>Izquierda a derecha.<\/li>\n<li>Derecha a izquierda.<\/li>\n<li>Del centro hacia afuera.<\/li>\n<li>Alternante<\/li>\n<\/ul>\n<\/li>\n<\/ul>\n<p>Certificaciones:<\/p>\n<p>SAE J845\/J595, CLASE I<\/p>\n","protected":false},"excerpt":{"rendered":"<p><img decoding=\"async\" class=\"alignnone size-medium wp-image-327 lazyload\" data-src=\"https:\/\/sostrase.com\/wp-content\/uploads\/2022\/01\/imagen_2022-02-01_174126-300x82.png\" alt=\"\" width=\"300\" height=\"82\" src=\"data:image\/svg+xml;base64,PHN2ZyB3aWR0aD0iMSIgaGVpZ2h0PSIxIiB4bWxucz0iaHR0cDovL3d3dy53My5vcmcvMjAwMC9zdmciPjwvc3ZnPg==\" style=\"--smush-placeholder-width: 300px; --smush-placeholder-aspect-ratio: 300\/82;\" \/><\/p>\n<ul>\n<li>Marca:<strong> Sound Off<\/strong><\/li>\n<li>Modelo: <strong>ARMADAMC-RB<\/strong><\/li>\n<li>Categor\u00eda: <strong>Linea Azul Rojo<\/strong><\/li>\n<li><strong>(con barra de tr\u00e1fico)<\/strong><\/li>\n<\/ul>\n<ul>\n<li><strong>Torreta de bajo perfil y aerodin\u00e1mica, con las siguientes dimensiones:<\/strong><\/li>\n<li>Largo: 48\u201d o 122cm parte frontal<\/li>\n<li>Largo: 42 \u201co 106 cent\u00edmetros en parte trasera<\/li>\n<li>Alto: 2.55\u201d o 6.5 cm<\/li>\n<li>Ancho: 12\u201d o 31 cm<\/li>\n<li>Leds de 3 watts de 5ta generaci\u00f3n<\/li>\n<li>Cumple con la norma<strong> IP67 <\/strong>a prueba de agua, polvo y vibraciones<\/li>\n<li>Voltaje de 10-16 Vdc<\/li>\n<li>Rango de temperatura -40\u00bac a +65\u00bac<\/li>\n<\/ul>\n","protected":false},"featured_media":2795,"comment_status":"open","ping_status":"closed","template":"","meta":[],"product_brand":[],"product_cat":[118,119],"product_tag":[120],"class_list":{"0":"post-2768","1":"product","2":"type-product","3":"status-publish","4":"has-post-thumbnail","6":"product_cat-linea-roja-azul","7":"product_cat-todos-los-productos","8":"product_tag-linea-rojo-azul","10":"first","11":"instock","12":"shipping-taxable","13":"product-type-simple"},"jetpack_sharing_enabled":true,"_links":{"self":[{"href":"https:\/\/tacticalsolutions.com.mx\/index.php\/wp-json\/wp\/v2\/product\/2768","targetHints":{"allow":["GET"]}}],"collection":[{"href":"https:\/\/tacticalsolutions.com.mx\/index.php\/wp-json\/wp\/v2\/product"}],"about":[{"href":"https:\/\/tacticalsolutions.com.mx\/index.php\/wp-json\/wp\/v2\/types\/product"}],"replies":[{"embeddable":true,"href":"https:\/\/tacticalsolutions.com.mx\/index.php\/wp-json\/wp\/v2\/comments?post=2768"}],"wp:featuredmedia":[{"embeddable":true,"href":"https:\/\/tacticalsolutions.com.mx\/index.php\/wp-json\/wp\/v2\/media\/2795"}],"wp:attachment":[{"href":"https:\/\/tacticalsolutions.com.mx\/index.php\/wp-json\/wp\/v2\/media?parent=2768"}],"wp:term":[{"taxonomy":"product_brand","embeddable":true,"href":"https:\/\/tacticalsolutions.com.mx\/index.php\/wp-json\/wp\/v2\/product_brand?post=2768"},{"taxonomy":"product_cat","embeddable":true,"href":"https:\/\/tacticalsolutions.com.mx\/index.php\/wp-json\/wp\/v2\/product_cat?post=2768"},{"taxonomy":"product_tag","embeddable":true,"href":"https:\/\/tacticalsolutions.com.mx\/index.php\/wp-json\/wp\/v2\/product_tag?post=2768"}],"curies":[{"name":"wp","href":"https:\/\/api.w.org\/{rel}","templated":true}]}}