{"id":2781,"date":"2022-04-03T06:20:39","date_gmt":"2022-04-03T06:20:39","guid":{"rendered":"https:\/\/tacticalsolutions.com.mx\/?post_type=product&#038;p=2781"},"modified":"2022-04-03T06:24:00","modified_gmt":"2022-04-03T06:24:00","slug":"bocina-modelo-100j","status":"publish","type":"product","link":"https:\/\/tacticalsolutions.com.mx\/index.php\/producto\/bocina-modelo-100j\/","title":{"rendered":"BOCINA Modelo 100j"},"content":{"rendered":"<p>WATTS: 100 W<\/p>\n<p>DIMENSIONES:<\/p>\n<p><strong>Sin Soporte:<\/strong><\/p>\n<p>Alto: 6.75\u2019\u2019 (17.1 cm)<\/p>\n<p>Ancho: 6.75\u2019\u2019 (17.1 cm)<\/p>\n<p>Profundidad: 3.5\u2019\u2019 (8.9 cm)<\/p>\n<p><strong>Con Soporte:<\/strong><\/p>\n<p>Alto: 7.5\u2019\u2019 (19 cm)<\/p>\n<p>Ancho: 6.88\u2019\u2019 (17 cm)<\/p>\n<p>Profundidad: 3.5\u2019\u2019 (8.9 cm)<\/p>\n<p>&nbsp;<\/p>\n","protected":false},"excerpt":{"rendered":"<ul>\n<li>Marca:<strong>\u00a0Sound Off<\/strong><\/li>\n<li>Modelo: <strong>100j<\/strong><\/li>\n<li>Categor\u00eda:\u00a0<strong>Bocinas y Sirenas\u00a0<\/strong><\/li>\n<\/ul>\n<p>El parlante 100J cuenta con un dise\u00f1o de bajo perfil con una carcasa duradera y potente sonido, una opci\u00f3n confiable para todos los veh\u00edculos primer respondiente.<\/p>\n<p>Caracter\u00edsticas<\/p>\n<ul>\n<li>La carcasa compuesta crea un aislamiento el\u00e9ctrico del chasis del veh\u00edculo para extender la vida \u00fatil del producto.<\/li>\n<li>Probado a la intemperie, el material de nylon reforzado con vidrio no se corroe como un altavoz de aluminio tradicional<\/li>\n<li>Dise\u00f1ado para la salida pasiva de agua y humedad.<\/li>\n<li>Dise\u00f1ado para una salida clara y potente con im\u00e1n de neodimio<\/li>\n<li>Dise\u00f1o compacto con potente salida de 100 watts<\/li>\n<li>Bobina rellena de ferro-fluido<\/li>\n<li>Incluye soporte universal<\/li>\n<li>Cumple con el T\u00edtulo 13 de CA, Clase A cuando se usa con el amplificador de sirena SoundOff Signal<\/li>\n<\/ul>\n","protected":false},"featured_media":2816,"comment_status":"open","ping_status":"closed","template":"","meta":[],"product_brand":[],"product_cat":[125,121,123,118,119],"product_tag":[127],"class_list":{"0":"post-2781","1":"product","2":"type-product","3":"status-publish","4":"has-post-thumbnail","6":"product_cat-bocinas-y-sirenas","7":"product_cat-linea-ambar","8":"product_cat-linea-roja","9":"product_cat-linea-roja-azul","10":"product_cat-todos-los-productos","11":"product_tag-bocina","13":"first","14":"instock","15":"shipping-taxable","16":"product-type-simple"},"jetpack_sharing_enabled":true,"_links":{"self":[{"href":"https:\/\/tacticalsolutions.com.mx\/index.php\/wp-json\/wp\/v2\/product\/2781","targetHints":{"allow":["GET"]}}],"collection":[{"href":"https:\/\/tacticalsolutions.com.mx\/index.php\/wp-json\/wp\/v2\/product"}],"about":[{"href":"https:\/\/tacticalsolutions.com.mx\/index.php\/wp-json\/wp\/v2\/types\/product"}],"replies":[{"embeddable":true,"href":"https:\/\/tacticalsolutions.com.mx\/index.php\/wp-json\/wp\/v2\/comments?post=2781"}],"wp:featuredmedia":[{"embeddable":true,"href":"https:\/\/tacticalsolutions.com.mx\/index.php\/wp-json\/wp\/v2\/media\/2816"}],"wp:attachment":[{"href":"https:\/\/tacticalsolutions.com.mx\/index.php\/wp-json\/wp\/v2\/media?parent=2781"}],"wp:term":[{"taxonomy":"product_brand","embeddable":true,"href":"https:\/\/tacticalsolutions.com.mx\/index.php\/wp-json\/wp\/v2\/product_brand?post=2781"},{"taxonomy":"product_cat","embeddable":true,"href":"https:\/\/tacticalsolutions.com.mx\/index.php\/wp-json\/wp\/v2\/product_cat?post=2781"},{"taxonomy":"product_tag","embeddable":true,"href":"https:\/\/tacticalsolutions.com.mx\/index.php\/wp-json\/wp\/v2\/product_tag?post=2781"}],"curies":[{"name":"wp","href":"https:\/\/api.w.org\/{rel}","templated":true}]}}