{"id":2787,"date":"2022-04-03T06:20:39","date_gmt":"2022-04-03T06:20:39","guid":{"rendered":"https:\/\/tacticalsolutions.com.mx\/?post_type=product&#038;p=2787"},"modified":"2022-04-03T06:25:07","modified_gmt":"2022-04-03T06:25:07","slug":"modulo-nforce-dual-12-leds","status":"publish","type":"product","link":"https:\/\/tacticalsolutions.com.mx\/index.php\/producto\/modulo-nforce-dual-12-leds\/","title":{"rendered":"MODULO nForce DUAL (12 leds)"},"content":{"rendered":"<p><strong>Patr\u00f3n Intercambio De Color\u00b7\u00a0\u00a0<\/strong><\/p>\n<ul>\n<li>Permite el intercambio de color de lado a lado.<\/li>\n<\/ul>\n<p><strong>Patr\u00f3n Simult\u00e1neo \/ Alternativo\u00b7\u00a0\u00a0\u00a0<\/strong><\/p>\n<ul>\n<li>Permite la conexi\u00f3n simultanea de varios m\u00f3dulos, para tener el patr\u00f3n en sincron\u00eda<\/li>\n<\/ul>\n","protected":false},"excerpt":{"rendered":"<ul>\n<li>Marca:<strong>\u00a0Sound Off<\/strong><\/li>\n<li>Modelo: <strong>nForce DUAL<\/strong><\/li>\n<li>Categor\u00eda:\u00a0<strong>Modulos<\/strong><\/li>\n<\/ul>\n<p><strong>Caracter\u00edsticas <\/strong><\/p>\n<ul>\n<li>Dimensiones: 9.50 &#8221; (24.13 cm) Ancho x 1.88&#8243; (4.78 cm) Alto x 1.82 (4.65 cm) Profundidad\u00b7<\/li>\n<li>Integraci\u00f3n de nuevos dise\u00f1os de veh\u00edculos\u00b7<\/li>\n<li>12 Leds DUAL de potente iluminaci\u00f3n \u00b7<\/li>\n<li>2 m\u00f3dulos de 6 Leds DUAL cada uno.\u00b7<\/li>\n<li>Voltaje de entrada: 10 &#8211; 16 Vdc o 10 &#8211; 30 Vdc *\u00b7<\/li>\n<li>Consumo actual por m\u00f3dulo 10-16 V CC 10-30 V CC *\u00b7<\/li>\n<li>Montaje resistente para todas las superficies\u00b7<\/li>\n<li>SAE J595 CLASS 1<\/li>\n<\/ul>\n","protected":false},"featured_media":2822,"comment_status":"open","ping_status":"closed","template":"","meta":[],"product_brand":[],"product_cat":[118,119],"product_tag":[128],"class_list":{"0":"post-2787","1":"product","2":"type-product","3":"status-publish","4":"has-post-thumbnail","6":"product_cat-linea-roja-azul","7":"product_cat-todos-los-productos","8":"product_tag-modulos","10":"first","11":"instock","12":"shipping-taxable","13":"product-type-simple"},"jetpack_sharing_enabled":true,"_links":{"self":[{"href":"https:\/\/tacticalsolutions.com.mx\/index.php\/wp-json\/wp\/v2\/product\/2787","targetHints":{"allow":["GET"]}}],"collection":[{"href":"https:\/\/tacticalsolutions.com.mx\/index.php\/wp-json\/wp\/v2\/product"}],"about":[{"href":"https:\/\/tacticalsolutions.com.mx\/index.php\/wp-json\/wp\/v2\/types\/product"}],"replies":[{"embeddable":true,"href":"https:\/\/tacticalsolutions.com.mx\/index.php\/wp-json\/wp\/v2\/comments?post=2787"}],"wp:featuredmedia":[{"embeddable":true,"href":"https:\/\/tacticalsolutions.com.mx\/index.php\/wp-json\/wp\/v2\/media\/2822"}],"wp:attachment":[{"href":"https:\/\/tacticalsolutions.com.mx\/index.php\/wp-json\/wp\/v2\/media?parent=2787"}],"wp:term":[{"taxonomy":"product_brand","embeddable":true,"href":"https:\/\/tacticalsolutions.com.mx\/index.php\/wp-json\/wp\/v2\/product_brand?post=2787"},{"taxonomy":"product_cat","embeddable":true,"href":"https:\/\/tacticalsolutions.com.mx\/index.php\/wp-json\/wp\/v2\/product_cat?post=2787"},{"taxonomy":"product_tag","embeddable":true,"href":"https:\/\/tacticalsolutions.com.mx\/index.php\/wp-json\/wp\/v2\/product_tag?post=2787"}],"curies":[{"name":"wp","href":"https:\/\/api.w.org\/{rel}","templated":true}]}}