{"id":2789,"date":"2022-04-03T06:20:40","date_gmt":"2022-04-03T06:20:40","guid":{"rendered":"https:\/\/tacticalsolutions.com.mx\/?post_type=product&#038;p=2789"},"modified":"2022-04-03T06:25:28","modified_gmt":"2022-04-03T06:25:28","slug":"supervisor-nforce-windshield-48-leds","status":"publish","type":"product","link":"https:\/\/tacticalsolutions.com.mx\/index.php\/producto\/supervisor-nforce-windshield-48-leds\/","title":{"rendered":"SUPERVISOR nForce WINDSHIELD (48 leds)"},"content":{"rendered":"","protected":false},"excerpt":{"rendered":"<ul>\n<li>Marca:<strong>\u00a0Sound Off<\/strong><\/li>\n<li>Modelo: <strong>nForce WINDSHIELD<\/strong><\/li>\n<li>Categor\u00eda: <b>Supervisor<\/b><\/li>\n<\/ul>\n<p>Nuestra barra de luces m\u00e1s vendida. Combinaci\u00f3n perfecta de tecnolog\u00eda SoundOff Signal, confiabilidad y versatilidad.<\/p>\n<p><strong>Caracter\u00edsticas:<\/strong><\/p>\n<ul>\n<li>Dimensiones: 20 &#8220;(51 cm) de largo x 1&#8221; (2.5 cm) de alto x 7.5 &#8220;(19 cm) de profundidad \u00b7<\/li>\n<li>La barra de luces LED interior nFORCE funciona con tecnolog\u00eda Nexus para brindar una iluminaci\u00f3n<\/li>\n<li>intensa hacia adelante y fuera del eje\u00b7<\/li>\n<li>Perfil m\u00e1s bajo que las barras de luces de la competencia \u00b7<\/li>\n<li>48 Leds (18 rojos- 12 claros &#8211; 18 azules) \u00a0\u00b7<\/li>\n<li>Rango de voltaje de entrada 10-16 vcc\u00b7<\/li>\n<li>Recuento de led y consumo de corriente m\u00e1ximo @ 12,8 V CC 6 simples: &lt;1.0 amperios 9 simples: \u00a0\u00a0\u00a0\u00a0\u00a0&lt;1.5 amperios 12 dobles: &lt;1.0 amperios 18 tricolor: &lt;1.0 amperios\u00b7<\/li>\n<li>34 patrones de flasheo \u00b7<\/li>\n<li>Temperatura de funcionamiento -40\u02da c hasta + 65 \u00b0 c\u00b7<\/li>\n<li>Capacidad de atenuaci\u00f3n manual para uso nocturno\u00b7<\/li>\n<li>Modo crucero\u00b7<\/li>\n<li>Modelo universal con soportes de montaje ajustables se adapta a los \u00e1ngulos de parabrisas para una \u00a0\u00a0 compatibilidad a\u00fan mayor\u00b7<\/li>\n<li>Software de aplicaci\u00f3n para PC con Windows para facilitar la programaci\u00f3n<\/li>\n<\/ul>\n","protected":false},"featured_media":2824,"comment_status":"open","ping_status":"closed","template":"","meta":[],"product_brand":[],"product_cat":[118,119],"product_tag":[129],"class_list":{"0":"post-2789","1":"product","2":"type-product","3":"status-publish","4":"has-post-thumbnail","6":"product_cat-linea-roja-azul","7":"product_cat-todos-los-productos","8":"product_tag-supervisor","10":"first","11":"instock","12":"shipping-taxable","13":"product-type-simple"},"jetpack_sharing_enabled":true,"_links":{"self":[{"href":"https:\/\/tacticalsolutions.com.mx\/index.php\/wp-json\/wp\/v2\/product\/2789","targetHints":{"allow":["GET"]}}],"collection":[{"href":"https:\/\/tacticalsolutions.com.mx\/index.php\/wp-json\/wp\/v2\/product"}],"about":[{"href":"https:\/\/tacticalsolutions.com.mx\/index.php\/wp-json\/wp\/v2\/types\/product"}],"replies":[{"embeddable":true,"href":"https:\/\/tacticalsolutions.com.mx\/index.php\/wp-json\/wp\/v2\/comments?post=2789"}],"wp:featuredmedia":[{"embeddable":true,"href":"https:\/\/tacticalsolutions.com.mx\/index.php\/wp-json\/wp\/v2\/media\/2824"}],"wp:attachment":[{"href":"https:\/\/tacticalsolutions.com.mx\/index.php\/wp-json\/wp\/v2\/media?parent=2789"}],"wp:term":[{"taxonomy":"product_brand","embeddable":true,"href":"https:\/\/tacticalsolutions.com.mx\/index.php\/wp-json\/wp\/v2\/product_brand?post=2789"},{"taxonomy":"product_cat","embeddable":true,"href":"https:\/\/tacticalsolutions.com.mx\/index.php\/wp-json\/wp\/v2\/product_cat?post=2789"},{"taxonomy":"product_tag","embeddable":true,"href":"https:\/\/tacticalsolutions.com.mx\/index.php\/wp-json\/wp\/v2\/product_tag?post=2789"}],"curies":[{"name":"wp","href":"https:\/\/api.w.org\/{rel}","templated":true}]}}